{"id":3499,"date":"2015-07-17T21:57:46","date_gmt":"2015-07-17T21:57:46","guid":{"rendered":"http:\/\/www.seristylu.pt\/fr\/servicos\/"},"modified":"2019-01-08T12:52:07","modified_gmt":"2019-01-08T12:52:07","slug":"service","status":"publish","type":"page","link":"https:\/\/seristylu.com\/fr\/service\/","title":{"rendered":"Service"},"content":{"rendered":"<p>[vc_row css=\u00a0\u00bb.vc_custom_1437503759006{margin-bottom: 100px !important;padding-top: 50px !important;}\u00a0\u00bb][vc_column][vc_column_text css_animation=\u00a0\u00bbtop-to-bottom\u00a0\u00bb]<\/p>\n<h1><strong>High Technical Performance<\/strong><\/h1>\n<h3>L\u2019une de nos principales pr\u00e9occupations est de r\u00e9pondre aux exigences techniques d\u2019un produit qui va \u00eatre associ\u00e9 \u00e0 l&rsquo;installation d&rsquo;un \u00e9quipement de haute technologie dans le domaine de l&rsquo;audiovisuel.<\/h3>\n<h3>Nous valorisons la s\u00e9curit\u00e9, l&rsquo;efficacit\u00e9 et le design auxquels nous donnons une sp\u00e9ciale attention dans l&rsquo;atteinte de nos objectifs. C&rsquo;est pourquoi l&rsquo;\u00e9coute des techniciens qui installent les produits audiovisuels est d\u00e9terminante pour nous.<\/h3>\n<h3>L&rsquo;attente de nos clientes est satisfaite par un bon service qui se confirme non seulement par la qualit\u00e9 de nos pi\u00e8ces mas \u00e9galement par leur fid\u00e9lit\u00e9 \u00e0 la conception initiale.<\/h3>\n<p>&nbsp;<\/p>\n<hr \/>\n<h1><\/h1>\n<h1><strong>Un style qui nous touche<\/strong><\/h1>\n<h3>Nous sommes sensibles aux formes et nos choix font la diff\u00e9rence.<\/h3>\n<h3>Les meubles que nous choisissons donnent une touche de qualit\u00e9 et design \u00e0 la d\u00e9coration. Les pi\u00e8ces produites en acier et inox bross\u00e9 donnent une grande robustesse et s\u00e9curit\u00e9 sans pour autant mettre en cause l&rsquo;\u00e9l\u00e9gance, donnant \u00e0 l&rsquo;espace o\u00f9 ils sont install\u00e9s un raffinement tr\u00e8s sp\u00e9cial.<\/h3>\n<h3>La qualit\u00e9 de nos produits est reconnue hors fronti\u00e8res et r\u00e9pond \u00e0 un haut niveau d&rsquo;exigence.<\/h3>\n<p>&nbsp;<\/p>\n<hr \/>\n<h2><\/h2>\n<h2><strong>Partagez avec nous la satisfaction de pouvoir vous servir.<\/strong><\/h2>\n<p>[\/vc_column_text][\/vc_column][\/vc_row][vc_row parallax=\u00a0\u00bbcontent-moving\u00a0\u00bb parallax_image=\u00a0\u00bb2342&Prime; el_class=\u00a0\u00bbbg-parallax\u00a0\u00bb css=\u00a0\u00bb.vc_custom_1537798262001{margin-top: 80px !important;margin-bottom: 80px !important;}\u00a0\u00bb][vc_column css=\u00a0\u00bb.vc_custom_1546951925988{background-color: rgba(2,2,2,0.5) !important;*background-color: rgb(2,2,2) !important;}\u00a0\u00bb][vc_column_text css=\u00a0\u00bb.vc_custom_1444736277160{padding-top: 100px !important;padding-bottom: 100px !important;}\u00a0\u00bb el_class=\u00a0\u00bblink-call2action\u00a0\u00bb]<\/p>\n<p style=\"text-align: center;\"><a href=\"http:\/\/www.seristylu.pt\/catalogo\/solucoes-a-medida\/\">SOLU\u00c7\u00d5ES \u00c0 MEDIDA<\/a><\/p>\n<p>[\/vc_column_text][\/vc_column][\/vc_row][vc_row css=\u00a0\u00bb.vc_custom_1440413391978{margin-bottom: 80px !important;}\u00a0\u00bb][vc_column width=\u00a0\u00bb1\/3&Prime;][vc_column_text]<img loading=\"lazy\" class=\"aligncenter\" src=\"https:\/\/seristylu.com\/wp-content\/themes\/seristylu\/images\/icons\/expedicao.svg\" alt=\"\" width=\"250\" height=\"250\" \/><\/p>\n<h1 style=\"text-align: center;\">EXPEDI\u00c7\u00c2O<\/h1>\n<p>[\/vc_column_text][\/vc_column][vc_column width=\u00a0\u00bb1\/3&Prime;][vc_column_text]<img loading=\"lazy\" class=\"aligncenter\" src=\"https:\/\/seristylu.com\/wp-content\/themes\/seristylu\/images\/icons\/projectos.svg\" alt=\"\" width=\"250\" height=\"250\" \/><\/p>\n<h1 style=\"text-align: center;\">PROJECTOS<\/h1>\n<p>[\/vc_column_text][\/vc_column][vc_column width=\u00a0\u00bb1\/3&Prime;][vc_column_text]<img loading=\"lazy\" class=\"aligncenter\" src=\"https:\/\/seristylu.com\/wp-content\/themes\/seristylu\/images\/icons\/garantia.svg\" alt=\"\" width=\"250\" height=\"250\" \/><\/p>\n<h1 style=\"text-align: center;\">GARANTIAS<\/h1>\n<p>[\/vc_column_text][\/vc_column][\/vc_row]<\/p>\n","protected":false},"excerpt":{"rendered":"<p>[vc_row css=\u00a0\u00bb.vc_custom_1437503759006{margin-bottom: 100px !important;padding-top: 50px !important;}\u00a0\u00bb][vc_column][vc_column_text css_animation=\u00a0\u00bbtop-to-bottom\u00a0\u00bb] High Technical Performance L\u2019une de nos principales pr\u00e9occupations est de r\u00e9pondre aux exigences techniques d\u2019un produit qui va \u00eatre<span class=\"excerpt-hellip\"> [\u2026]<\/span><\/p>\n","protected":false},"author":2,"featured_media":0,"parent":0,"menu_order":0,"comment_status":"closed","ping_status":"closed","template":"","meta":[],"yoast_head":"<!-- This site is optimized with the Yoast SEO plugin v18.0 - https:\/\/yoast.com\/wordpress\/plugins\/seo\/ -->\n<title>Service - SERISTYLU<\/title>\n<meta name=\"robots\" content=\"index, follow, max-snippet:-1, max-image-preview:large, max-video-preview:-1\" \/>\n<link rel=\"canonical\" href=\"https:\/\/seristylu.com\/fr\/service\/\" \/>\n<meta property=\"og:locale\" content=\"fr_FR\" \/>\n<meta property=\"og:type\" content=\"article\" \/>\n<meta property=\"og:title\" content=\"Service - SERISTYLU\" \/>\n<meta property=\"og:description\" content=\"[vc_row css=\u00a0\u00bb.vc_custom_1437503759006{margin-bottom: 100px !important;padding-top: 50px !important;}\u00a0\u00bb][vc_column][vc_column_text css_animation=\u00a0\u00bbtop-to-bottom\u00a0\u00bb] High Technical Performance L\u2019une de nos principales pr\u00e9occupations est de r\u00e9pondre aux exigences techniques d\u2019un produit qui va \u00eatre [\u2026]\" \/>\n<meta property=\"og:url\" content=\"https:\/\/seristylu.com\/fr\/service\/\" \/>\n<meta property=\"og:site_name\" content=\"SERISTYLU\" \/>\n<meta property=\"article:modified_time\" content=\"2019-01-08T12:52:07+00:00\" \/>\n<meta property=\"og:image\" content=\"https:\/\/seristylu.com\/wp-content\/themes\/seristylu\/images\/icons\/expedicao.svg\" \/>\n<meta name=\"twitter:card\" content=\"summary\" \/>\n<meta name=\"twitter:label1\" content=\"Dur\u00e9e de lecture estim\u00e9e\" \/>\n\t<meta name=\"twitter:data1\" content=\"2 minutes\" \/>\n<script type=\"application\/ld+json\" class=\"yoast-schema-graph\">{\"@context\":\"https:\/\/schema.org\",\"@graph\":[{\"@type\":\"WebSite\",\"@id\":\"https:\/\/seristylu.com\/#website\",\"url\":\"https:\/\/seristylu.com\/\",\"name\":\"SERISTYLU\",\"description\":\"A Seristylu \u00e9 uma empresa industrial que se dedica a conceber produtos para a instala\u00e7\u00e3o de equipamentos audiovisuais com modelos standard em gamas Dom\u00e9stica e Profissional.\",\"potentialAction\":[{\"@type\":\"SearchAction\",\"target\":{\"@type\":\"EntryPoint\",\"urlTemplate\":\"https:\/\/seristylu.com\/?s={search_term_string}\"},\"query-input\":\"required name=search_term_string\"}],\"inLanguage\":\"fr-FR\"},{\"@type\":\"ImageObject\",\"@id\":\"https:\/\/seristylu.com\/fr\/service\/#primaryimage\",\"inLanguage\":\"fr-FR\",\"url\":\"https:\/\/seristylu.com\/wp-content\/themes\/seristylu\/images\/icons\/expedicao.svg\",\"contentUrl\":\"https:\/\/seristylu.com\/wp-content\/themes\/seristylu\/images\/icons\/expedicao.svg\"},{\"@type\":\"WebPage\",\"@id\":\"https:\/\/seristylu.com\/fr\/service\/#webpage\",\"url\":\"https:\/\/seristylu.com\/fr\/service\/\",\"name\":\"Service - SERISTYLU\",\"isPartOf\":{\"@id\":\"https:\/\/seristylu.com\/#website\"},\"primaryImageOfPage\":{\"@id\":\"https:\/\/seristylu.com\/fr\/service\/#primaryimage\"},\"datePublished\":\"2015-07-17T21:57:46+00:00\",\"dateModified\":\"2019-01-08T12:52:07+00:00\",\"breadcrumb\":{\"@id\":\"https:\/\/seristylu.com\/fr\/service\/#breadcrumb\"},\"inLanguage\":\"fr-FR\",\"potentialAction\":[{\"@type\":\"ReadAction\",\"target\":[\"https:\/\/seristylu.com\/fr\/service\/\"]}]},{\"@type\":\"BreadcrumbList\",\"@id\":\"https:\/\/seristylu.com\/fr\/service\/#breadcrumb\",\"itemListElement\":[{\"@type\":\"ListItem\",\"position\":1,\"name\":\"In\u00edcio\",\"item\":\"https:\/\/seristylu.com\/fr\/\"},{\"@type\":\"ListItem\",\"position\":2,\"name\":\"Service\"}]}]}<\/script>\n<!-- \/ Yoast SEO plugin. -->","yoast_head_json":{"title":"Service - SERISTYLU","robots":{"index":"index","follow":"follow","max-snippet":"max-snippet:-1","max-image-preview":"max-image-preview:large","max-video-preview":"max-video-preview:-1"},"canonical":"https:\/\/seristylu.com\/fr\/service\/","og_locale":"fr_FR","og_type":"article","og_title":"Service - SERISTYLU","og_description":"[vc_row css=\u00a0\u00bb.vc_custom_1437503759006{margin-bottom: 100px !important;padding-top: 50px !important;}\u00a0\u00bb][vc_column][vc_column_text css_animation=\u00a0\u00bbtop-to-bottom\u00a0\u00bb] High Technical Performance L\u2019une de nos principales pr\u00e9occupations est de r\u00e9pondre aux exigences techniques d\u2019un produit qui va \u00eatre [\u2026]","og_url":"https:\/\/seristylu.com\/fr\/service\/","og_site_name":"SERISTYLU","article_modified_time":"2019-01-08T12:52:07+00:00","og_image":[{"url":"https:\/\/seristylu.com\/wp-content\/themes\/seristylu\/images\/icons\/expedicao.svg"}],"twitter_card":"summary","twitter_misc":{"Dur\u00e9e de lecture estim\u00e9e":"2 minutes"},"schema":{"@context":"https:\/\/schema.org","@graph":[{"@type":"WebSite","@id":"https:\/\/seristylu.com\/#website","url":"https:\/\/seristylu.com\/","name":"SERISTYLU","description":"A Seristylu \u00e9 uma empresa industrial que se dedica a conceber produtos para a instala\u00e7\u00e3o de equipamentos audiovisuais com modelos standard em gamas Dom\u00e9stica e Profissional.","potentialAction":[{"@type":"SearchAction","target":{"@type":"EntryPoint","urlTemplate":"https:\/\/seristylu.com\/?s={search_term_string}"},"query-input":"required name=search_term_string"}],"inLanguage":"fr-FR"},{"@type":"ImageObject","@id":"https:\/\/seristylu.com\/fr\/service\/#primaryimage","inLanguage":"fr-FR","url":"https:\/\/seristylu.com\/wp-content\/themes\/seristylu\/images\/icons\/expedicao.svg","contentUrl":"https:\/\/seristylu.com\/wp-content\/themes\/seristylu\/images\/icons\/expedicao.svg"},{"@type":"WebPage","@id":"https:\/\/seristylu.com\/fr\/service\/#webpage","url":"https:\/\/seristylu.com\/fr\/service\/","name":"Service - SERISTYLU","isPartOf":{"@id":"https:\/\/seristylu.com\/#website"},"primaryImageOfPage":{"@id":"https:\/\/seristylu.com\/fr\/service\/#primaryimage"},"datePublished":"2015-07-17T21:57:46+00:00","dateModified":"2019-01-08T12:52:07+00:00","breadcrumb":{"@id":"https:\/\/seristylu.com\/fr\/service\/#breadcrumb"},"inLanguage":"fr-FR","potentialAction":[{"@type":"ReadAction","target":["https:\/\/seristylu.com\/fr\/service\/"]}]},{"@type":"BreadcrumbList","@id":"https:\/\/seristylu.com\/fr\/service\/#breadcrumb","itemListElement":[{"@type":"ListItem","position":1,"name":"In\u00edcio","item":"https:\/\/seristylu.com\/fr\/"},{"@type":"ListItem","position":2,"name":"Service"}]}]}},"_links":{"self":[{"href":"https:\/\/seristylu.com\/fr\/wp-json\/wp\/v2\/pages\/3499"}],"collection":[{"href":"https:\/\/seristylu.com\/fr\/wp-json\/wp\/v2\/pages"}],"about":[{"href":"https:\/\/seristylu.com\/fr\/wp-json\/wp\/v2\/types\/page"}],"author":[{"embeddable":true,"href":"https:\/\/seristylu.com\/fr\/wp-json\/wp\/v2\/users\/2"}],"replies":[{"embeddable":true,"href":"https:\/\/seristylu.com\/fr\/wp-json\/wp\/v2\/comments?post=3499"}],"version-history":[{"count":2,"href":"https:\/\/seristylu.com\/fr\/wp-json\/wp\/v2\/pages\/3499\/revisions"}],"predecessor-version":[{"id":7560,"href":"https:\/\/seristylu.com\/fr\/wp-json\/wp\/v2\/pages\/3499\/revisions\/7560"}],"wp:attachment":[{"href":"https:\/\/seristylu.com\/fr\/wp-json\/wp\/v2\/media?parent=3499"}],"curies":[{"name":"wp","href":"https:\/\/api.w.org\/{rel}","templated":true}]}}