{"id":3471,"date":"2015-08-24T10:24:36","date_gmt":"2015-08-24T10:24:36","guid":{"rendered":"http:\/\/www.seristylu.pt\/fr\/empresa\/historia\/"},"modified":"2016-03-18T15:00:34","modified_gmt":"2016-03-18T15:00:34","slug":"histoire","status":"publish","type":"page","link":"https:\/\/seristylu.com\/fr\/entreprise\/histoire\/","title":{"rendered":"Histoire"},"content":{"rendered":"<p>[vc_row css=\u00a0\u00bb.vc_custom_1438710436305{margin-bottom: 50px !important;padding-top: 50px !important;}\u00a0\u00bb][vc_column width=\u00a0\u00bb1\/2&Prime;][vc_column_text css_animation=\u00a0\u00bbtop-to-bottom\u00a0\u00bb]<\/p>\n<h2><strong>SERI STYLU<\/strong>\u00a0est une entreprise familiale et tout a commenc\u00e9 en 1960, lorsque, Serafim Mendes Ribeiro de Oliveira (a), le grand-p\u00e8re des partenaires actuels, a commenc\u00e9 \u00e0 op\u00e9rer \u00e0 son compte comme sous-traitant de pi\u00e8ces entaill\u00e9es en de t\u00f4le de fer, laiton et aluminium. Des exemples de ces produits sont: dles entonnoirs des machines pour moudre le caf\u00e9, des r\u00e9flecteurs paraboliques pour les radiateurs \u00e9lectriques et couvercle pour les extincteurs.<\/h2>\n<p>Cette activit\u00e9 \u00e9tait tr\u00e8s bien d\u00e9velopp\u00e9e dans les installations d&rsquo;un ami \u00e0 qui il propose une association dans la fabrication d&rsquo;antennes int\u00e9rieure de t\u00e9l\u00e9vision.<\/p>\n<p>En 1967 d\u00e9j\u00e0 dans ces propres installations plut\u00f4t que la grange Maia commence la fabrication d&rsquo;antennes ext\u00e9rieures et c&rsquo;est \u00e0 ce moment que n\u00e9 le besoin d&rsquo;une marque et par cons\u00e9quent apparait <strong>SERI<\/strong>, r\u00e9sultat des initiales de son nom.<\/p>\n<p>En 1977, elle est \u00e9tablie comme une soci\u00e9t\u00e9 limit\u00e9e, avec la participation de l&rsquo;enfant en adoptant le nom m\u00e9tallurgique Ribeiro. Au d\u00e9but des ann\u00e9es quatre-vingt il construit des nouvelles installations de 1500m2 en place de la Grange et l&rsquo;associ\u00e9 fondateur quitte la soci\u00e9t\u00e9 en continuant dans la fabrication de lampes et accessoires pour sanitaires.<\/p>\n<p>M\u00e9tallurgique Ribeiro obtient la repr\u00e9sentation des \u00e9quipements \u00e9lectroniques, les compl\u00e9ments \u00e0 la fabrication d&rsquo;antennes et accessoires m\u00e9caniques, d&rsquo;une marque espagnole et \u00e9tend le business \u00e0 travers le pays et les antennes sur le march\u00e9 espagnol.<\/p>\n<p>Avec la chute du march\u00e9 des antennes de t\u00e9l\u00e9visions traditionnelles commence la fabrication de suports pour TV et le mot <strong>stylu<\/strong> s&rsquo;associe \u00e0 la marque en prenant en compte que d\u00e9sormais elle \u00e9tait li\u00e9e plus au design mais Metalurgie Ribeiro due fermer et d\u00e9sormais suit la marque et entreprise <strong>SERI STYLU<\/strong> cr\u00e9\u00e9e en 2006 par les actuels membres Pedro Manuel Vilarinho Vilarinho et Rui Manuel Vilarinho Ribeiro.<\/p>\n<p>La marque de <strong>SERI STYLU<\/strong> vient des initiales du nom Serafim Ribeiro associ\u00e9es avec le mot latin <strong>STYLU<\/strong> qui signifie diff\u00e9rente fa\u00e7on de faire.<\/p>\n<p>(a) \u2013 Sur l&rsquo;image deuxi\u00e8me de gauche \u00e0 droite.[\/vc_column_text][\/vc_column][vc_column width=\u00a0\u00bb1\/2&Prime;][vc_column_text css_animation=\u00a0\u00bbtop-to-bottom\u00a0\u00bb]<a href=\"http:\/\/www.seristylu.pt\/wp-content\/uploads\/2015\/08\/Serafim-Ribeiro.jpg\"><img loading=\"lazy\" class=\"alignnone wp-image-3754 size-large\" src=\"http:\/\/www.seristylu.pt\/wp-content\/uploads\/2015\/08\/Serafim-Ribeiro-1024x768.jpg\" alt=\"\" width=\"1024\" height=\"768\" srcset=\"https:\/\/seristylu.com\/wp-content\/uploads\/2015\/08\/Serafim-Ribeiro-1024x768.jpg 1024w, https:\/\/seristylu.com\/wp-content\/uploads\/2015\/08\/Serafim-Ribeiro-300x225.jpg 300w, https:\/\/seristylu.com\/wp-content\/uploads\/2015\/08\/Serafim-Ribeiro-768x576.jpg 768w, https:\/\/seristylu.com\/wp-content\/uploads\/2015\/08\/Serafim-Ribeiro-100x75.jpg 100w, https:\/\/seristylu.com\/wp-content\/uploads\/2015\/08\/Serafim-Ribeiro-195x146.jpg 195w, https:\/\/seristylu.com\/wp-content\/uploads\/2015\/08\/Serafim-Ribeiro-50x38.jpg 50w, https:\/\/seristylu.com\/wp-content\/uploads\/2015\/08\/Serafim-Ribeiro-576x432.jpg 576w\" sizes=\"(max-width: 1024px) 100vw, 1024px\" \/><\/a>[\/vc_column_text][\/vc_column][\/vc_row]<\/p>\n","protected":false},"excerpt":{"rendered":"<p>[vc_row css=\u00a0\u00bb.vc_custom_1438710436305{margin-bottom: 50px !important;padding-top: 50px !important;}\u00a0\u00bb][vc_column width=\u00a0\u00bb1\/2&Prime;][vc_column_text css_animation=\u00a0\u00bbtop-to-bottom\u00a0\u00bb] SERI STYLU\u00a0est une entreprise familiale et tout a commenc\u00e9 en 1960, lorsque, Serafim Mendes Ribeiro de Oliveira (a),<span class=\"excerpt-hellip\"> [\u2026]<\/span><\/p>\n","protected":false},"author":2,"featured_media":0,"parent":3418,"menu_order":0,"comment_status":"closed","ping_status":"open","template":"","meta":[],"yoast_head":"<!-- This site is optimized with the Yoast SEO plugin v18.0 - https:\/\/yoast.com\/wordpress\/plugins\/seo\/ -->\n<title>Histoire - SERISTYLU<\/title>\n<meta name=\"robots\" content=\"index, follow, max-snippet:-1, max-image-preview:large, max-video-preview:-1\" \/>\n<link rel=\"canonical\" href=\"https:\/\/seristylu.com\/fr\/entreprise\/histoire\/\" \/>\n<meta property=\"og:locale\" content=\"fr_FR\" \/>\n<meta property=\"og:type\" content=\"article\" \/>\n<meta property=\"og:title\" content=\"Histoire - SERISTYLU\" \/>\n<meta property=\"og:description\" content=\"[vc_row css=\u00a0\u00bb.vc_custom_1438710436305{margin-bottom: 50px !important;padding-top: 50px !important;}\u00a0\u00bb][vc_column width=\u00a0\u00bb1\/2&Prime;][vc_column_text css_animation=\u00a0\u00bbtop-to-bottom\u00a0\u00bb] SERI STYLU\u00a0est une entreprise familiale et tout a commenc\u00e9 en 1960, lorsque, Serafim Mendes Ribeiro de Oliveira (a), [\u2026]\" \/>\n<meta property=\"og:url\" content=\"https:\/\/seristylu.com\/fr\/entreprise\/histoire\/\" \/>\n<meta property=\"og:site_name\" content=\"SERISTYLU\" \/>\n<meta property=\"article:modified_time\" content=\"2016-03-18T15:00:34+00:00\" \/>\n<meta property=\"og:image\" content=\"http:\/\/www.seristylu.pt\/wp-content\/uploads\/2015\/08\/Serafim-Ribeiro-1024x768.jpg\" \/>\n<meta name=\"twitter:card\" content=\"summary\" \/>\n<meta name=\"twitter:label1\" content=\"Dur\u00e9e de lecture estim\u00e9e\" \/>\n\t<meta name=\"twitter:data1\" content=\"2 minutes\" \/>\n<script type=\"application\/ld+json\" class=\"yoast-schema-graph\">{\"@context\":\"https:\/\/schema.org\",\"@graph\":[{\"@type\":\"WebSite\",\"@id\":\"https:\/\/seristylu.com\/#website\",\"url\":\"https:\/\/seristylu.com\/\",\"name\":\"SERISTYLU\",\"description\":\"A Seristylu \u00e9 uma empresa industrial que se dedica a conceber produtos para a instala\u00e7\u00e3o de equipamentos audiovisuais com modelos standard em gamas Dom\u00e9stica e Profissional.\",\"potentialAction\":[{\"@type\":\"SearchAction\",\"target\":{\"@type\":\"EntryPoint\",\"urlTemplate\":\"https:\/\/seristylu.com\/?s={search_term_string}\"},\"query-input\":\"required name=search_term_string\"}],\"inLanguage\":\"fr-FR\"},{\"@type\":\"ImageObject\",\"@id\":\"https:\/\/seristylu.com\/fr\/entreprise\/histoire\/#primaryimage\",\"inLanguage\":\"fr-FR\",\"url\":\"http:\/\/www.seristylu.pt\/wp-content\/uploads\/2015\/08\/Serafim-Ribeiro-1024x768.jpg\",\"contentUrl\":\"http:\/\/www.seristylu.pt\/wp-content\/uploads\/2015\/08\/Serafim-Ribeiro-1024x768.jpg\"},{\"@type\":\"WebPage\",\"@id\":\"https:\/\/seristylu.com\/fr\/entreprise\/histoire\/#webpage\",\"url\":\"https:\/\/seristylu.com\/fr\/entreprise\/histoire\/\",\"name\":\"Histoire - SERISTYLU\",\"isPartOf\":{\"@id\":\"https:\/\/seristylu.com\/#website\"},\"primaryImageOfPage\":{\"@id\":\"https:\/\/seristylu.com\/fr\/entreprise\/histoire\/#primaryimage\"},\"datePublished\":\"2015-08-24T10:24:36+00:00\",\"dateModified\":\"2016-03-18T15:00:34+00:00\",\"breadcrumb\":{\"@id\":\"https:\/\/seristylu.com\/fr\/entreprise\/histoire\/#breadcrumb\"},\"inLanguage\":\"fr-FR\",\"potentialAction\":[{\"@type\":\"ReadAction\",\"target\":[\"https:\/\/seristylu.com\/fr\/entreprise\/histoire\/\"]}]},{\"@type\":\"BreadcrumbList\",\"@id\":\"https:\/\/seristylu.com\/fr\/entreprise\/histoire\/#breadcrumb\",\"itemListElement\":[{\"@type\":\"ListItem\",\"position\":1,\"name\":\"In\u00edcio\",\"item\":\"https:\/\/seristylu.com\/fr\/\"},{\"@type\":\"ListItem\",\"position\":2,\"name\":\"ENTREPRISE\",\"item\":\"https:\/\/seristylu.com\/fr\/entreprise\/\"},{\"@type\":\"ListItem\",\"position\":3,\"name\":\"Histoire\"}]}]}<\/script>\n<!-- \/ Yoast SEO plugin. -->","yoast_head_json":{"title":"Histoire - SERISTYLU","robots":{"index":"index","follow":"follow","max-snippet":"max-snippet:-1","max-image-preview":"max-image-preview:large","max-video-preview":"max-video-preview:-1"},"canonical":"https:\/\/seristylu.com\/fr\/entreprise\/histoire\/","og_locale":"fr_FR","og_type":"article","og_title":"Histoire - SERISTYLU","og_description":"[vc_row css=\u00a0\u00bb.vc_custom_1438710436305{margin-bottom: 50px !important;padding-top: 50px !important;}\u00a0\u00bb][vc_column width=\u00a0\u00bb1\/2&Prime;][vc_column_text css_animation=\u00a0\u00bbtop-to-bottom\u00a0\u00bb] SERI STYLU\u00a0est une entreprise familiale et tout a commenc\u00e9 en 1960, lorsque, Serafim Mendes Ribeiro de Oliveira (a), [\u2026]","og_url":"https:\/\/seristylu.com\/fr\/entreprise\/histoire\/","og_site_name":"SERISTYLU","article_modified_time":"2016-03-18T15:00:34+00:00","og_image":[{"url":"http:\/\/www.seristylu.pt\/wp-content\/uploads\/2015\/08\/Serafim-Ribeiro-1024x768.jpg"}],"twitter_card":"summary","twitter_misc":{"Dur\u00e9e de lecture estim\u00e9e":"2 minutes"},"schema":{"@context":"https:\/\/schema.org","@graph":[{"@type":"WebSite","@id":"https:\/\/seristylu.com\/#website","url":"https:\/\/seristylu.com\/","name":"SERISTYLU","description":"A Seristylu \u00e9 uma empresa industrial que se dedica a conceber produtos para a instala\u00e7\u00e3o de equipamentos audiovisuais com modelos standard em gamas Dom\u00e9stica e Profissional.","potentialAction":[{"@type":"SearchAction","target":{"@type":"EntryPoint","urlTemplate":"https:\/\/seristylu.com\/?s={search_term_string}"},"query-input":"required name=search_term_string"}],"inLanguage":"fr-FR"},{"@type":"ImageObject","@id":"https:\/\/seristylu.com\/fr\/entreprise\/histoire\/#primaryimage","inLanguage":"fr-FR","url":"http:\/\/www.seristylu.pt\/wp-content\/uploads\/2015\/08\/Serafim-Ribeiro-1024x768.jpg","contentUrl":"http:\/\/www.seristylu.pt\/wp-content\/uploads\/2015\/08\/Serafim-Ribeiro-1024x768.jpg"},{"@type":"WebPage","@id":"https:\/\/seristylu.com\/fr\/entreprise\/histoire\/#webpage","url":"https:\/\/seristylu.com\/fr\/entreprise\/histoire\/","name":"Histoire - SERISTYLU","isPartOf":{"@id":"https:\/\/seristylu.com\/#website"},"primaryImageOfPage":{"@id":"https:\/\/seristylu.com\/fr\/entreprise\/histoire\/#primaryimage"},"datePublished":"2015-08-24T10:24:36+00:00","dateModified":"2016-03-18T15:00:34+00:00","breadcrumb":{"@id":"https:\/\/seristylu.com\/fr\/entreprise\/histoire\/#breadcrumb"},"inLanguage":"fr-FR","potentialAction":[{"@type":"ReadAction","target":["https:\/\/seristylu.com\/fr\/entreprise\/histoire\/"]}]},{"@type":"BreadcrumbList","@id":"https:\/\/seristylu.com\/fr\/entreprise\/histoire\/#breadcrumb","itemListElement":[{"@type":"ListItem","position":1,"name":"In\u00edcio","item":"https:\/\/seristylu.com\/fr\/"},{"@type":"ListItem","position":2,"name":"ENTREPRISE","item":"https:\/\/seristylu.com\/fr\/entreprise\/"},{"@type":"ListItem","position":3,"name":"Histoire"}]}]}},"_links":{"self":[{"href":"https:\/\/seristylu.com\/fr\/wp-json\/wp\/v2\/pages\/3471"}],"collection":[{"href":"https:\/\/seristylu.com\/fr\/wp-json\/wp\/v2\/pages"}],"about":[{"href":"https:\/\/seristylu.com\/fr\/wp-json\/wp\/v2\/types\/page"}],"author":[{"embeddable":true,"href":"https:\/\/seristylu.com\/fr\/wp-json\/wp\/v2\/users\/2"}],"replies":[{"embeddable":true,"href":"https:\/\/seristylu.com\/fr\/wp-json\/wp\/v2\/comments?post=3471"}],"version-history":[{"count":0,"href":"https:\/\/seristylu.com\/fr\/wp-json\/wp\/v2\/pages\/3471\/revisions"}],"up":[{"embeddable":true,"href":"https:\/\/seristylu.com\/fr\/wp-json\/wp\/v2\/pages\/3418"}],"wp:attachment":[{"href":"https:\/\/seristylu.com\/fr\/wp-json\/wp\/v2\/media?parent=3471"}],"curies":[{"name":"wp","href":"https:\/\/api.w.org\/{rel}","templated":true}]}}