{"id":3464,"date":"2015-08-24T10:37:15","date_gmt":"2015-08-24T10:37:15","guid":{"rendered":"http:\/\/www.seristylu.pt\/fr\/empresa\/a-seristylu\/"},"modified":"2019-08-09T13:59:28","modified_gmt":"2019-08-09T12:59:28","slug":"seristylu","status":"publish","type":"page","link":"https:\/\/seristylu.com\/fr\/entreprise\/seristylu\/","title":{"rendered":"SERI STYLU"},"content":{"rendered":"<p>[vc_row css=\u00a0\u00bb.vc_custom_1438710436305{margin-bottom: 50px !important;padding-top: 50px !important;}\u00a0\u00bb][vc_column width=\u00a0\u00bb1\/2&Prime;][vc_column_text css_animation=\u00a0\u00bbtop-to-bottom\u00a0\u00bb]<\/p>\n<h2>SERI STYLU est une soci\u00e9t\u00e9 industrielle sp\u00e9cialis\u00e9e dans la conception de produits pour l&rsquo;installation de mat\u00e9riel audiovisuel avec les mod\u00e8les standard en deux gammes:<\/h2>\n<h3>Domestique &gt; Solutions Home Cin\u00e9ma<br \/>\nProfessionnel &gt; Pour les espaces publics; salles de r\u00e9union; expositions; etc.<\/h3>\n<h3>Nous d\u00e9veloppons et produisons d&rsquo;autres solutions dans le mobilier et supports pour diff\u00e9rents mat\u00e9riel informatique et multim\u00e9dia.<\/h3>\n<h3>La fabrication des produits Seristylu prend en compte plusieurs aspects importants tels que:<br \/>\nS\u00e9curit\u00e9-efficacit\u00e9-design.<\/h3>\n<h3>Le contr\u00f4le de qualit\u00e9 assure l&rsquo;efficacit\u00e9 des produits, un bon service et la satisfaction r\u00e9sultante \u00e0 laquelle nous nous proposons comme objectif principal.<\/h3>\n<p>[\/vc_column_text][\/vc_column][vc_column width=\u00a0\u00bb1\/2&Prime;][vc_column_text css_animation=\u00a0\u00bbtop-to-bottom\u00a0\u00bb]<a href=\"https:\/\/seristylu.com\/wp-content\/uploads\/2019\/08\/fabrica.jpg\"><img loading=\"lazy\" class=\"alignnone wp-image-7708\" src=\"https:\/\/seristylu.com\/wp-content\/uploads\/2019\/08\/fabrica-300x229.jpg\" alt=\"\" width=\"641\" height=\"489\" srcset=\"https:\/\/seristylu.com\/wp-content\/uploads\/2019\/08\/fabrica-300x229.jpg 300w, https:\/\/seristylu.com\/wp-content\/uploads\/2019\/08\/fabrica-768x585.jpg 768w, https:\/\/seristylu.com\/wp-content\/uploads\/2019\/08\/fabrica-100x76.jpg 100w, https:\/\/seristylu.com\/wp-content\/uploads\/2019\/08\/fabrica-192x146.jpg 192w, https:\/\/seristylu.com\/wp-content\/uploads\/2019\/08\/fabrica-50x38.jpg 50w, https:\/\/seristylu.com\/wp-content\/uploads\/2019\/08\/fabrica-98x75.jpg 98w, https:\/\/seristylu.com\/wp-content\/uploads\/2019\/08\/fabrica.jpg 957w\" sizes=\"(max-width: 641px) 100vw, 641px\" \/><\/a>[\/vc_column_text][\/vc_column][\/vc_row][vc_row css=\u00a0\u00bb.vc_custom_1438710448379{margin-bottom: 100px !important;}\u00a0\u00bb][vc_column][vc_column_text css_animation=\u00a0\u00bbtop-to-bottom\u00a0\u00bb]<\/p>\n<h1>Haute Performance Technique<\/h1>\n<h3>Nous ne pouvons pas oublier les exigences techniques attendues d&rsquo;un produit qui sont associ\u00e9es \u00e0 l&rsquo;installation d&rsquo;\u00e9quipements de haute technologie dans le domaine de l&rsquo;audiovisuel.<\/h3>\n<h3>Nous soulignons: la s\u00e9curit\u00e9, l&rsquo;efficacit\u00e9 et la conception, nous accordons une attention particuli\u00e8re afin de r\u00e9pondre \u00e0 ces objectifs. Ainsi qu\u2019\u00e9couter les techniciens qui r\u00e9alisent les installations dans ce domaine est crucial pour nous.<\/h3>\n<h3>Les attentes que nous projetons sont confirm\u00e9es par la qualit\u00e9 des pi\u00e8ces. Non seulement ils confirment les questions \u00e9num\u00e9r\u00e9es mais \u00e9galement la conformit\u00e9 avec le design.<\/h3>\n<p>&nbsp;<\/p>\n<hr \/>\n<h1><\/h1>\n<h1>Un style qui nous touche<\/h1>\n<h3>Nous sommes tous sensibles aux formes et nos actions font la diff\u00e9rence.<\/h3>\n<h3>Les meubles que nous proposons donnent une touche de qualit\u00e9 et de design \u00e0 la d\u00e9coration. Les pi\u00e8ces produites en acier et acier inoxydable poli donnent \u00e0 haute r\u00e9sistance et s\u00e9curit\u00e9 sans compromettre l&rsquo;\u00e9l\u00e9gance, elles donnent \u00e0 l&rsquo;endroit o\u00f9 elles sont install\u00e9es un raffinement sp\u00e9ciale.<\/h3>\n<h3>Pr\u00e9f\u00e9r\u00e9e \u00e0 l&rsquo;\u00e9tranger, elles sont connues et leur qualit\u00e9 est reconnue, alors nous sommes s\u00fbrs, due au fait que ces produits r\u00e9pondent et satisfassent les exigences de haut niveau.<\/h3>\n<p>&nbsp;<\/p>\n<hr \/>\n<h2><\/h2>\n<h2>Partagez avec nous votre satisfaction afin de vous servir.<\/h2>\n<p>[\/vc_column_text][\/vc_column][\/vc_row]<\/p>\n","protected":false},"excerpt":{"rendered":"<p>[vc_row css=\u00a0\u00bb.vc_custom_1438710436305{margin-bottom: 50px !important;padding-top: 50px !important;}\u00a0\u00bb][vc_column width=\u00a0\u00bb1\/2&Prime;][vc_column_text css_animation=\u00a0\u00bbtop-to-bottom\u00a0\u00bb] SERI STYLU est une soci\u00e9t\u00e9 industrielle sp\u00e9cialis\u00e9e dans la conception de produits pour l&rsquo;installation de mat\u00e9riel audiovisuel avec<span class=\"excerpt-hellip\"> [\u2026]<\/span><\/p>\n","protected":false},"author":2,"featured_media":0,"parent":3418,"menu_order":0,"comment_status":"closed","ping_status":"open","template":"","meta":[],"yoast_head":"<!-- This site is optimized with the Yoast SEO plugin v18.0 - https:\/\/yoast.com\/wordpress\/plugins\/seo\/ -->\n<title>SERI STYLU - SERISTYLU<\/title>\n<meta name=\"robots\" content=\"index, follow, max-snippet:-1, max-image-preview:large, max-video-preview:-1\" \/>\n<link rel=\"canonical\" href=\"https:\/\/seristylu.com\/fr\/entreprise\/seristylu\/\" \/>\n<meta property=\"og:locale\" content=\"fr_FR\" \/>\n<meta property=\"og:type\" content=\"article\" \/>\n<meta property=\"og:title\" content=\"SERI STYLU - SERISTYLU\" \/>\n<meta property=\"og:description\" content=\"[vc_row css=\u00a0\u00bb.vc_custom_1438710436305{margin-bottom: 50px !important;padding-top: 50px !important;}\u00a0\u00bb][vc_column width=\u00a0\u00bb1\/2&Prime;][vc_column_text css_animation=\u00a0\u00bbtop-to-bottom\u00a0\u00bb] SERI STYLU est une soci\u00e9t\u00e9 industrielle sp\u00e9cialis\u00e9e dans la conception de produits pour l&rsquo;installation de mat\u00e9riel audiovisuel avec [\u2026]\" \/>\n<meta property=\"og:url\" content=\"https:\/\/seristylu.com\/fr\/entreprise\/seristylu\/\" \/>\n<meta property=\"og:site_name\" content=\"SERISTYLU\" \/>\n<meta property=\"article:modified_time\" content=\"2019-08-09T12:59:28+00:00\" \/>\n<meta property=\"og:image\" content=\"https:\/\/seristylu.com\/wp-content\/uploads\/2019\/08\/fabrica-300x229.jpg\" \/>\n<meta name=\"twitter:card\" content=\"summary\" \/>\n<meta name=\"twitter:label1\" content=\"Dur\u00e9e de lecture estim\u00e9e\" \/>\n\t<meta name=\"twitter:data1\" content=\"2 minutes\" \/>\n<script type=\"application\/ld+json\" class=\"yoast-schema-graph\">{\"@context\":\"https:\/\/schema.org\",\"@graph\":[{\"@type\":\"WebSite\",\"@id\":\"https:\/\/seristylu.com\/#website\",\"url\":\"https:\/\/seristylu.com\/\",\"name\":\"SERISTYLU\",\"description\":\"A Seristylu \u00e9 uma empresa industrial que se dedica a conceber produtos para a instala\u00e7\u00e3o de equipamentos audiovisuais com modelos standard em gamas Dom\u00e9stica e Profissional.\",\"potentialAction\":[{\"@type\":\"SearchAction\",\"target\":{\"@type\":\"EntryPoint\",\"urlTemplate\":\"https:\/\/seristylu.com\/?s={search_term_string}\"},\"query-input\":\"required name=search_term_string\"}],\"inLanguage\":\"fr-FR\"},{\"@type\":\"ImageObject\",\"@id\":\"https:\/\/seristylu.com\/fr\/entreprise\/seristylu\/#primaryimage\",\"inLanguage\":\"fr-FR\",\"url\":\"https:\/\/seristylu.com\/wp-content\/uploads\/2019\/08\/fabrica.jpg\",\"contentUrl\":\"https:\/\/seristylu.com\/wp-content\/uploads\/2019\/08\/fabrica.jpg\",\"width\":957,\"height\":729},{\"@type\":\"WebPage\",\"@id\":\"https:\/\/seristylu.com\/fr\/entreprise\/seristylu\/#webpage\",\"url\":\"https:\/\/seristylu.com\/fr\/entreprise\/seristylu\/\",\"name\":\"SERI STYLU - SERISTYLU\",\"isPartOf\":{\"@id\":\"https:\/\/seristylu.com\/#website\"},\"primaryImageOfPage\":{\"@id\":\"https:\/\/seristylu.com\/fr\/entreprise\/seristylu\/#primaryimage\"},\"datePublished\":\"2015-08-24T10:37:15+00:00\",\"dateModified\":\"2019-08-09T12:59:28+00:00\",\"breadcrumb\":{\"@id\":\"https:\/\/seristylu.com\/fr\/entreprise\/seristylu\/#breadcrumb\"},\"inLanguage\":\"fr-FR\",\"potentialAction\":[{\"@type\":\"ReadAction\",\"target\":[\"https:\/\/seristylu.com\/fr\/entreprise\/seristylu\/\"]}]},{\"@type\":\"BreadcrumbList\",\"@id\":\"https:\/\/seristylu.com\/fr\/entreprise\/seristylu\/#breadcrumb\",\"itemListElement\":[{\"@type\":\"ListItem\",\"position\":1,\"name\":\"In\u00edcio\",\"item\":\"https:\/\/seristylu.com\/fr\/\"},{\"@type\":\"ListItem\",\"position\":2,\"name\":\"ENTREPRISE\",\"item\":\"https:\/\/seristylu.com\/fr\/entreprise\/\"},{\"@type\":\"ListItem\",\"position\":3,\"name\":\"SERI STYLU\"}]}]}<\/script>\n<!-- \/ Yoast SEO plugin. -->","yoast_head_json":{"title":"SERI STYLU - SERISTYLU","robots":{"index":"index","follow":"follow","max-snippet":"max-snippet:-1","max-image-preview":"max-image-preview:large","max-video-preview":"max-video-preview:-1"},"canonical":"https:\/\/seristylu.com\/fr\/entreprise\/seristylu\/","og_locale":"fr_FR","og_type":"article","og_title":"SERI STYLU - SERISTYLU","og_description":"[vc_row css=\u00a0\u00bb.vc_custom_1438710436305{margin-bottom: 50px !important;padding-top: 50px !important;}\u00a0\u00bb][vc_column width=\u00a0\u00bb1\/2&Prime;][vc_column_text css_animation=\u00a0\u00bbtop-to-bottom\u00a0\u00bb] SERI STYLU est une soci\u00e9t\u00e9 industrielle sp\u00e9cialis\u00e9e dans la conception de produits pour l&rsquo;installation de mat\u00e9riel audiovisuel avec [\u2026]","og_url":"https:\/\/seristylu.com\/fr\/entreprise\/seristylu\/","og_site_name":"SERISTYLU","article_modified_time":"2019-08-09T12:59:28+00:00","og_image":[{"url":"https:\/\/seristylu.com\/wp-content\/uploads\/2019\/08\/fabrica-300x229.jpg"}],"twitter_card":"summary","twitter_misc":{"Dur\u00e9e de lecture estim\u00e9e":"2 minutes"},"schema":{"@context":"https:\/\/schema.org","@graph":[{"@type":"WebSite","@id":"https:\/\/seristylu.com\/#website","url":"https:\/\/seristylu.com\/","name":"SERISTYLU","description":"A Seristylu \u00e9 uma empresa industrial que se dedica a conceber produtos para a instala\u00e7\u00e3o de equipamentos audiovisuais com modelos standard em gamas Dom\u00e9stica e Profissional.","potentialAction":[{"@type":"SearchAction","target":{"@type":"EntryPoint","urlTemplate":"https:\/\/seristylu.com\/?s={search_term_string}"},"query-input":"required name=search_term_string"}],"inLanguage":"fr-FR"},{"@type":"ImageObject","@id":"https:\/\/seristylu.com\/fr\/entreprise\/seristylu\/#primaryimage","inLanguage":"fr-FR","url":"https:\/\/seristylu.com\/wp-content\/uploads\/2019\/08\/fabrica.jpg","contentUrl":"https:\/\/seristylu.com\/wp-content\/uploads\/2019\/08\/fabrica.jpg","width":957,"height":729},{"@type":"WebPage","@id":"https:\/\/seristylu.com\/fr\/entreprise\/seristylu\/#webpage","url":"https:\/\/seristylu.com\/fr\/entreprise\/seristylu\/","name":"SERI STYLU - SERISTYLU","isPartOf":{"@id":"https:\/\/seristylu.com\/#website"},"primaryImageOfPage":{"@id":"https:\/\/seristylu.com\/fr\/entreprise\/seristylu\/#primaryimage"},"datePublished":"2015-08-24T10:37:15+00:00","dateModified":"2019-08-09T12:59:28+00:00","breadcrumb":{"@id":"https:\/\/seristylu.com\/fr\/entreprise\/seristylu\/#breadcrumb"},"inLanguage":"fr-FR","potentialAction":[{"@type":"ReadAction","target":["https:\/\/seristylu.com\/fr\/entreprise\/seristylu\/"]}]},{"@type":"BreadcrumbList","@id":"https:\/\/seristylu.com\/fr\/entreprise\/seristylu\/#breadcrumb","itemListElement":[{"@type":"ListItem","position":1,"name":"In\u00edcio","item":"https:\/\/seristylu.com\/fr\/"},{"@type":"ListItem","position":2,"name":"ENTREPRISE","item":"https:\/\/seristylu.com\/fr\/entreprise\/"},{"@type":"ListItem","position":3,"name":"SERI STYLU"}]}]}},"_links":{"self":[{"href":"https:\/\/seristylu.com\/fr\/wp-json\/wp\/v2\/pages\/3464"}],"collection":[{"href":"https:\/\/seristylu.com\/fr\/wp-json\/wp\/v2\/pages"}],"about":[{"href":"https:\/\/seristylu.com\/fr\/wp-json\/wp\/v2\/types\/page"}],"author":[{"embeddable":true,"href":"https:\/\/seristylu.com\/fr\/wp-json\/wp\/v2\/users\/2"}],"replies":[{"embeddable":true,"href":"https:\/\/seristylu.com\/fr\/wp-json\/wp\/v2\/comments?post=3464"}],"version-history":[{"count":2,"href":"https:\/\/seristylu.com\/fr\/wp-json\/wp\/v2\/pages\/3464\/revisions"}],"predecessor-version":[{"id":7714,"href":"https:\/\/seristylu.com\/fr\/wp-json\/wp\/v2\/pages\/3464\/revisions\/7714"}],"up":[{"embeddable":true,"href":"https:\/\/seristylu.com\/fr\/wp-json\/wp\/v2\/pages\/3418"}],"wp:attachment":[{"href":"https:\/\/seristylu.com\/fr\/wp-json\/wp\/v2\/media?parent=3464"}],"curies":[{"name":"wp","href":"https:\/\/api.w.org\/{rel}","templated":true}]}}