{"id":3457,"date":"2015-07-30T20:47:05","date_gmt":"2015-07-30T20:47:05","guid":{"rendered":"http:\/\/www.seristylu.pt\/fr\/catalogue\/professionnel\/suportes-chao-pro\/"},"modified":"2015-11-11T10:55:23","modified_gmt":"2015-11-11T10:55:23","slug":"pied-sol-pro","status":"publish","type":"page","link":"https:\/\/seristylu.com\/fr\/catalogo\/professionnel\/pied-sol-pro\/","title":{"rendered":"Pied de Sol"},"content":{"rendered":"<p>[vc_row full_width=\u00a0\u00bb\u00a0\u00bb parallax=\u00a0\u00bb\u00a0\u00bb parallax_image=\u00a0\u00bb\u00a0\u00bb bg_type=\u00a0\u00bbno_bg\u00a0\u00bb parallax_style=\u00a0\u00bbvcpb-default\u00a0\u00bb bg_image_new=\u00a0\u00bb\u00a0\u00bb layer_image=\u00a0\u00bb\u00a0\u00bb bg_image_repeat=\u00a0\u00bbrepeat\u00a0\u00bb bg_image_size=\u00a0\u00bbcover\u00a0\u00bb bg_cstm_size=\u00a0\u00bb\u00a0\u00bb bg_img_attach=\u00a0\u00bbscroll\u00a0\u00bb parallax_sense=\u00a0\u00bb30&Prime; bg_image_posiiton=\u00a0\u00bb\u00a0\u00bb animation_direction=\u00a0\u00bbleft-animation\u00a0\u00bb animation_repeat=\u00a0\u00bbrepeat\u00a0\u00bb video_url=\u00a0\u00bb\u00a0\u00bb video_url_2=\u00a0\u00bb\u00a0\u00bb u_video_url=\u00a0\u00bb\u00a0\u00bb video_opts=\u00a0\u00bb\u00a0\u00bb video_poster=\u00a0\u00bb\u00a0\u00bb u_start_time=\u00a0\u00bb\u00a0\u00bb u_stop_time=\u00a0\u00bb\u00a0\u00bb viewport_vdo=\u00a0\u00bb\u00a0\u00bb enable_controls=\u00a0\u00bb\u00a0\u00bb bg_override=\u00a0\u00bb0&Prime; disable_on_mobile_img_parallax=\u00a0\u00bb\u00a0\u00bb parallax_content=\u00a0\u00bb\u00a0\u00bb parallax_content_sense=\u00a0\u00bb30&Prime; fadeout_row=\u00a0\u00bb\u00a0\u00bb fadeout_start_effect=\u00a0\u00bb30&Prime; enable_overlay=\u00a0\u00bb\u00a0\u00bb overlay_color=\u00a0\u00bb\u00a0\u00bb overlay_pattern=\u00a0\u00bb\u00a0\u00bb overlay_pattern_opacity=\u00a0\u00bb80&Prime; overlay_pattern_size=\u00a0\u00bb\u00a0\u00bb multi_color_overlay=\u00a0\u00bb\u00a0\u00bb multi_color_overlay_opacity=\u00a0\u00bb0.6&Prime; seperator_enable=\u00a0\u00bb\u00a0\u00bb seperator_type=\u00a0\u00bbnone_seperator\u00a0\u00bb seperator_position=\u00a0\u00bbtop_seperator\u00a0\u00bb seperator_shape_size=\u00a0\u00bb40&Prime; seperator_svg_height=\u00a0\u00bb60&Prime; seperator_shape_background=\u00a0\u00bb#fff\u00a0\u00bb seperator_shape_border=\u00a0\u00bbnone\u00a0\u00bb seperator_shape_border_color=\u00a0\u00bb\u00a0\u00bb seperator_shape_border_width=\u00a0\u00bb1&Prime; icon_type=\u00a0\u00bbno_icon\u00a0\u00bb icon=\u00a0\u00bb\u00a0\u00bb icon_size=\u00a0\u00bb32&Prime; icon_color=\u00a0\u00bb\u00a0\u00bb icon_style=\u00a0\u00bbnone\u00a0\u00bb icon_color_bg=\u00a0\u00bb\u00a0\u00bb icon_border_style=\u00a0\u00bb\u00a0\u00bb icon_color_border=\u00a0\u00bb#333333&Prime; icon_border_size=\u00a0\u00bb1&Prime; icon_border_radius=\u00a0\u00bb500&Prime; icon_border_spacing=\u00a0\u00bb50&Prime; icon_img=\u00a0\u00bb\u00a0\u00bb img_width=\u00a0\u00bb48&Prime; ult_hide_row=\u00a0\u00bb\u00a0\u00bb ult_hide_row_large_screen=\u00a0\u00bb\u00a0\u00bb ult_hide_row_desktop=\u00a0\u00bb\u00a0\u00bb ult_hide_row_tablet=\u00a0\u00bb\u00a0\u00bb ult_hide_row_tablet_small=\u00a0\u00bb\u00a0\u00bb ult_hide_row_mobile=\u00a0\u00bb\u00a0\u00bb ult_hide_row_mobile_large=\u00a0\u00bb\u00a0\u00bb][vc_column width=\u00a0\u00bb1\/1&Prime;][vc_column_text][\/vc_column_text][\/vc_column][\/vc_row]<\/p>\n","protected":false},"excerpt":{"rendered":"<p>[vc_row full_width=\u00a0\u00bb\u00a0\u00bb parallax=\u00a0\u00bb\u00a0\u00bb parallax_image=\u00a0\u00bb\u00a0\u00bb bg_type=\u00a0\u00bbno_bg\u00a0\u00bb parallax_style=\u00a0\u00bbvcpb-default\u00a0\u00bb bg_image_new=\u00a0\u00bb\u00a0\u00bb layer_image=\u00a0\u00bb\u00a0\u00bb bg_image_repeat=\u00a0\u00bbrepeat\u00a0\u00bb bg_image_size=\u00a0\u00bbcover\u00a0\u00bb bg_cstm_size=\u00a0\u00bb\u00a0\u00bb bg_img_attach=\u00a0\u00bbscroll\u00a0\u00bb parallax_sense=\u00a0\u00bb30&Prime; bg_image_posiiton=\u00a0\u00bb\u00a0\u00bb animation_direction=\u00a0\u00bbleft-animation\u00a0\u00bb animation_repeat=\u00a0\u00bbrepeat\u00a0\u00bb video_url=\u00a0\u00bb\u00a0\u00bb video_url_2=\u00a0\u00bb\u00a0\u00bb u_video_url=\u00a0\u00bb\u00a0\u00bb video_opts=\u00a0\u00bb\u00a0\u00bb video_poster=\u00a0\u00bb\u00a0\u00bb u_start_time=\u00a0\u00bb\u00a0\u00bb u_stop_time=\u00a0\u00bb\u00a0\u00bb viewport_vdo=\u00a0\u00bb\u00a0\u00bb enable_controls=\u00a0\u00bb\u00a0\u00bb bg_override=\u00a0\u00bb0&Prime;<span class=\"excerpt-hellip\"> [\u2026]<\/span><\/p>\n","protected":false},"author":2,"featured_media":3106,"parent":3400,"menu_order":0,"comment_status":"closed","ping_status":"closed","template":"","meta":[],"yoast_head":"<!-- This site is optimized with the Yoast SEO plugin v18.0 - https:\/\/yoast.com\/wordpress\/plugins\/seo\/ -->\n<title>Pied de Sol - SERISTYLU<\/title>\n<meta name=\"robots\" content=\"index, follow, max-snippet:-1, max-image-preview:large, max-video-preview:-1\" \/>\n<link rel=\"canonical\" href=\"https:\/\/seristylu.com\/fr\/catalogo\/professionnel\/pied-sol-pro\/\" \/>\n<meta property=\"og:locale\" content=\"fr_FR\" \/>\n<meta property=\"og:type\" content=\"article\" \/>\n<meta property=\"og:title\" content=\"Pied de Sol - SERISTYLU\" \/>\n<meta property=\"og:description\" content=\"[vc_row full_width=\u00a0\u00bb\u00a0\u00bb parallax=\u00a0\u00bb\u00a0\u00bb parallax_image=\u00a0\u00bb\u00a0\u00bb bg_type=\u00a0\u00bbno_bg\u00a0\u00bb parallax_style=\u00a0\u00bbvcpb-default\u00a0\u00bb bg_image_new=\u00a0\u00bb\u00a0\u00bb layer_image=\u00a0\u00bb\u00a0\u00bb bg_image_repeat=\u00a0\u00bbrepeat\u00a0\u00bb bg_image_size=\u00a0\u00bbcover\u00a0\u00bb bg_cstm_size=\u00a0\u00bb\u00a0\u00bb bg_img_attach=\u00a0\u00bbscroll\u00a0\u00bb parallax_sense=\u00a0\u00bb30&Prime; bg_image_posiiton=\u00a0\u00bb\u00a0\u00bb animation_direction=\u00a0\u00bbleft-animation\u00a0\u00bb animation_repeat=\u00a0\u00bbrepeat\u00a0\u00bb video_url=\u00a0\u00bb\u00a0\u00bb video_url_2=\u00a0\u00bb\u00a0\u00bb u_video_url=\u00a0\u00bb\u00a0\u00bb video_opts=\u00a0\u00bb\u00a0\u00bb video_poster=\u00a0\u00bb\u00a0\u00bb u_start_time=\u00a0\u00bb\u00a0\u00bb u_stop_time=\u00a0\u00bb\u00a0\u00bb viewport_vdo=\u00a0\u00bb\u00a0\u00bb enable_controls=\u00a0\u00bb\u00a0\u00bb bg_override=\u00a0\u00bb0&Prime; [\u2026]\" \/>\n<meta property=\"og:url\" content=\"https:\/\/seristylu.com\/fr\/catalogo\/professionnel\/pied-sol-pro\/\" \/>\n<meta property=\"og:site_name\" content=\"SERISTYLU\" \/>\n<meta property=\"article:modified_time\" content=\"2015-11-11T10:55:23+00:00\" \/>\n<meta property=\"og:image\" content=\"https:\/\/seristylu.com\/wp-content\/uploads\/2015\/07\/SP-PRO-C2-I2_d.jpg\" \/>\n\t<meta property=\"og:image:width\" content=\"800\" \/>\n\t<meta property=\"og:image:height\" content=\"800\" \/>\n\t<meta property=\"og:image:type\" content=\"image\/jpeg\" \/>\n<meta name=\"twitter:card\" content=\"summary\" \/>\n<meta name=\"twitter:label1\" content=\"Dur\u00e9e de lecture estim\u00e9e\" \/>\n\t<meta name=\"twitter:data1\" content=\"1 minute\" \/>\n<script type=\"application\/ld+json\" class=\"yoast-schema-graph\">{\"@context\":\"https:\/\/schema.org\",\"@graph\":[{\"@type\":\"WebSite\",\"@id\":\"https:\/\/seristylu.com\/#website\",\"url\":\"https:\/\/seristylu.com\/\",\"name\":\"SERISTYLU\",\"description\":\"A Seristylu \u00e9 uma empresa industrial que se dedica a conceber produtos para a instala\u00e7\u00e3o de equipamentos audiovisuais com modelos standard em gamas Dom\u00e9stica e Profissional.\",\"potentialAction\":[{\"@type\":\"SearchAction\",\"target\":{\"@type\":\"EntryPoint\",\"urlTemplate\":\"https:\/\/seristylu.com\/?s={search_term_string}\"},\"query-input\":\"required name=search_term_string\"}],\"inLanguage\":\"fr-FR\"},{\"@type\":\"ImageObject\",\"@id\":\"https:\/\/seristylu.com\/fr\/catalogo\/professionnel\/pied-sol-pro\/#primaryimage\",\"inLanguage\":\"fr-FR\",\"url\":\"https:\/\/seristylu.com\/wp-content\/uploads\/2015\/07\/SP-PRO-C2-I2_d.jpg\",\"contentUrl\":\"https:\/\/seristylu.com\/wp-content\/uploads\/2015\/07\/SP-PRO-C2-I2_d.jpg\",\"width\":800,\"height\":800},{\"@type\":\"WebPage\",\"@id\":\"https:\/\/seristylu.com\/fr\/catalogo\/professionnel\/pied-sol-pro\/#webpage\",\"url\":\"https:\/\/seristylu.com\/fr\/catalogo\/professionnel\/pied-sol-pro\/\",\"name\":\"Pied de Sol - SERISTYLU\",\"isPartOf\":{\"@id\":\"https:\/\/seristylu.com\/#website\"},\"primaryImageOfPage\":{\"@id\":\"https:\/\/seristylu.com\/fr\/catalogo\/professionnel\/pied-sol-pro\/#primaryimage\"},\"datePublished\":\"2015-07-30T20:47:05+00:00\",\"dateModified\":\"2015-11-11T10:55:23+00:00\",\"breadcrumb\":{\"@id\":\"https:\/\/seristylu.com\/fr\/catalogo\/professionnel\/pied-sol-pro\/#breadcrumb\"},\"inLanguage\":\"fr-FR\",\"potentialAction\":[{\"@type\":\"ReadAction\",\"target\":[\"https:\/\/seristylu.com\/fr\/catalogo\/professionnel\/pied-sol-pro\/\"]}]},{\"@type\":\"BreadcrumbList\",\"@id\":\"https:\/\/seristylu.com\/fr\/catalogo\/professionnel\/pied-sol-pro\/#breadcrumb\",\"itemListElement\":[{\"@type\":\"ListItem\",\"position\":1,\"name\":\"In\u00edcio\",\"item\":\"https:\/\/seristylu.com\/fr\/\"},{\"@type\":\"ListItem\",\"position\":2,\"name\":\"Cat\u00e1logo\",\"item\":\"https:\/\/seristylu.com\/fr\/catalogo\/\"},{\"@type\":\"ListItem\",\"position\":3,\"name\":\"Professionnel\",\"item\":\"https:\/\/seristylu.com\/fr\/catalogo\/professionnel\/\"},{\"@type\":\"ListItem\",\"position\":4,\"name\":\"Pied de Sol\"}]}]}<\/script>\n<!-- \/ Yoast SEO plugin. -->","yoast_head_json":{"title":"Pied de Sol - SERISTYLU","robots":{"index":"index","follow":"follow","max-snippet":"max-snippet:-1","max-image-preview":"max-image-preview:large","max-video-preview":"max-video-preview:-1"},"canonical":"https:\/\/seristylu.com\/fr\/catalogo\/professionnel\/pied-sol-pro\/","og_locale":"fr_FR","og_type":"article","og_title":"Pied de Sol - SERISTYLU","og_description":"[vc_row full_width=\u00a0\u00bb\u00a0\u00bb parallax=\u00a0\u00bb\u00a0\u00bb parallax_image=\u00a0\u00bb\u00a0\u00bb bg_type=\u00a0\u00bbno_bg\u00a0\u00bb parallax_style=\u00a0\u00bbvcpb-default\u00a0\u00bb bg_image_new=\u00a0\u00bb\u00a0\u00bb layer_image=\u00a0\u00bb\u00a0\u00bb bg_image_repeat=\u00a0\u00bbrepeat\u00a0\u00bb bg_image_size=\u00a0\u00bbcover\u00a0\u00bb bg_cstm_size=\u00a0\u00bb\u00a0\u00bb bg_img_attach=\u00a0\u00bbscroll\u00a0\u00bb parallax_sense=\u00a0\u00bb30&Prime; bg_image_posiiton=\u00a0\u00bb\u00a0\u00bb animation_direction=\u00a0\u00bbleft-animation\u00a0\u00bb animation_repeat=\u00a0\u00bbrepeat\u00a0\u00bb video_url=\u00a0\u00bb\u00a0\u00bb video_url_2=\u00a0\u00bb\u00a0\u00bb u_video_url=\u00a0\u00bb\u00a0\u00bb video_opts=\u00a0\u00bb\u00a0\u00bb video_poster=\u00a0\u00bb\u00a0\u00bb u_start_time=\u00a0\u00bb\u00a0\u00bb u_stop_time=\u00a0\u00bb\u00a0\u00bb viewport_vdo=\u00a0\u00bb\u00a0\u00bb enable_controls=\u00a0\u00bb\u00a0\u00bb bg_override=\u00a0\u00bb0&Prime; [\u2026]","og_url":"https:\/\/seristylu.com\/fr\/catalogo\/professionnel\/pied-sol-pro\/","og_site_name":"SERISTYLU","article_modified_time":"2015-11-11T10:55:23+00:00","og_image":[{"width":800,"height":800,"url":"https:\/\/seristylu.com\/wp-content\/uploads\/2015\/07\/SP-PRO-C2-I2_d.jpg","type":"image\/jpeg"}],"twitter_card":"summary","twitter_misc":{"Dur\u00e9e de lecture estim\u00e9e":"1 minute"},"schema":{"@context":"https:\/\/schema.org","@graph":[{"@type":"WebSite","@id":"https:\/\/seristylu.com\/#website","url":"https:\/\/seristylu.com\/","name":"SERISTYLU","description":"A Seristylu \u00e9 uma empresa industrial que se dedica a conceber produtos para a instala\u00e7\u00e3o de equipamentos audiovisuais com modelos standard em gamas Dom\u00e9stica e Profissional.","potentialAction":[{"@type":"SearchAction","target":{"@type":"EntryPoint","urlTemplate":"https:\/\/seristylu.com\/?s={search_term_string}"},"query-input":"required name=search_term_string"}],"inLanguage":"fr-FR"},{"@type":"ImageObject","@id":"https:\/\/seristylu.com\/fr\/catalogo\/professionnel\/pied-sol-pro\/#primaryimage","inLanguage":"fr-FR","url":"https:\/\/seristylu.com\/wp-content\/uploads\/2015\/07\/SP-PRO-C2-I2_d.jpg","contentUrl":"https:\/\/seristylu.com\/wp-content\/uploads\/2015\/07\/SP-PRO-C2-I2_d.jpg","width":800,"height":800},{"@type":"WebPage","@id":"https:\/\/seristylu.com\/fr\/catalogo\/professionnel\/pied-sol-pro\/#webpage","url":"https:\/\/seristylu.com\/fr\/catalogo\/professionnel\/pied-sol-pro\/","name":"Pied de Sol - SERISTYLU","isPartOf":{"@id":"https:\/\/seristylu.com\/#website"},"primaryImageOfPage":{"@id":"https:\/\/seristylu.com\/fr\/catalogo\/professionnel\/pied-sol-pro\/#primaryimage"},"datePublished":"2015-07-30T20:47:05+00:00","dateModified":"2015-11-11T10:55:23+00:00","breadcrumb":{"@id":"https:\/\/seristylu.com\/fr\/catalogo\/professionnel\/pied-sol-pro\/#breadcrumb"},"inLanguage":"fr-FR","potentialAction":[{"@type":"ReadAction","target":["https:\/\/seristylu.com\/fr\/catalogo\/professionnel\/pied-sol-pro\/"]}]},{"@type":"BreadcrumbList","@id":"https:\/\/seristylu.com\/fr\/catalogo\/professionnel\/pied-sol-pro\/#breadcrumb","itemListElement":[{"@type":"ListItem","position":1,"name":"In\u00edcio","item":"https:\/\/seristylu.com\/fr\/"},{"@type":"ListItem","position":2,"name":"Cat\u00e1logo","item":"https:\/\/seristylu.com\/fr\/catalogo\/"},{"@type":"ListItem","position":3,"name":"Professionnel","item":"https:\/\/seristylu.com\/fr\/catalogo\/professionnel\/"},{"@type":"ListItem","position":4,"name":"Pied de Sol"}]}]}},"_links":{"self":[{"href":"https:\/\/seristylu.com\/fr\/wp-json\/wp\/v2\/pages\/3457"}],"collection":[{"href":"https:\/\/seristylu.com\/fr\/wp-json\/wp\/v2\/pages"}],"about":[{"href":"https:\/\/seristylu.com\/fr\/wp-json\/wp\/v2\/types\/page"}],"author":[{"embeddable":true,"href":"https:\/\/seristylu.com\/fr\/wp-json\/wp\/v2\/users\/2"}],"replies":[{"embeddable":true,"href":"https:\/\/seristylu.com\/fr\/wp-json\/wp\/v2\/comments?post=3457"}],"version-history":[{"count":0,"href":"https:\/\/seristylu.com\/fr\/wp-json\/wp\/v2\/pages\/3457\/revisions"}],"up":[{"embeddable":true,"href":"https:\/\/seristylu.com\/fr\/wp-json\/wp\/v2\/pages\/3400"}],"wp:featuredmedia":[{"embeddable":true,"href":"https:\/\/seristylu.com\/fr\/wp-json\/wp\/v2\/media\/3106"}],"wp:attachment":[{"href":"https:\/\/seristylu.com\/fr\/wp-json\/wp\/v2\/media?parent=3457"}],"curies":[{"name":"wp","href":"https:\/\/api.w.org\/{rel}","templated":true}]}}