{"id":3448,"date":"2015-10-16T11:57:53","date_gmt":"2015-10-16T11:57:53","guid":{"rendered":"http:\/\/www.seristylu.pt\/fr\/contactos\/distribuidores\/"},"modified":"2024-01-05T13:51:35","modified_gmt":"2024-01-05T13:51:35","slug":"distribuidores","status":"publish","type":"page","link":"https:\/\/seristylu.com\/fr\/contacts\/distribuidores\/","title":{"rendered":"Distributeurs"},"content":{"rendered":"<p>[vc_row full_width=\u00a0\u00bbstretch_row_content_no_spaces\u00a0\u00bb][vc_column]<script>function google_maps_69d2293711356(){var latlng = new google.maps.LatLng(43.632464,1.428012);var draggable = true;var myOptions = {zoom : 4,center : latlng,mapTypeId : google.maps.MapTypeId.ROADMAP,draggable : draggable,zoomControl : true,mapTypeControl : false,streetViewControl\t: false,scrollwheel : false};var map = new google.maps.Map(document.getElementById(\"google-map-area-69d2293711356\"), myOptions);var marker = new google.maps.Marker({position : latlng,map : map});var marker1 = new google.maps.Marker({position : new google.maps.LatLng(40.4501945,-3.4850609),map : map});var marker2 = new google.maps.Marker({position : new google.maps.LatLng(40.4775783,-3.7327937),map : map});var marker3 = new google.maps.Marker({position : new google.maps.LatLng(40.4572854,-3.7008847),map : map});var marker4 = new google.maps.Marker({position : new google.maps.LatLng(52.2558164,4.6223365),map : map});var marker5 = new google.maps.Marker({position : new google.maps.LatLng(54.6792417,25.2641346),map : map});var marker6 = new google.maps.Marker({position : new google.maps.LatLng(47.270176,8.826160),map : map});}jQuery(document).ready(function($){google_maps_69d2293711356();});<\/script>\n<div class=\"google-map-wrapper no_border\"><div class=\"google-map-contact-wrapper style-box\"><div class=\"get_in_touch\"><div class=\"get_in_touch_wrapper\"><ul><li class=\"address\"><span class=\"icon\"><i class=\"icon-location\"><\/i><\/span><span class=\"address_wrapper\">Digite o seu Link do Pinterest aqui<\/span><\/li><\/ul><\/div><\/div><\/div><div class=\"google-map\" id=\"google-map-area-69d2293711356\" style=\"width:100%; height:500px;\">&nbsp;<\/div><\/div>\n[\/vc_column][\/vc_row][vc_row css=\u00a0\u00bb.vc_custom_1437688211881{margin-top: 50px !important;margin-bottom: 100px !important;}\u00a0\u00bb][vc_column width=\u00a0\u00bb1\/3&Prime;][vc_column_text]<\/p>\n<h2>Espagne<\/h2>\n<p>[\/vc_column_text][vc_column_text]<strong>CRAMBO, SA<\/strong><br \/>\nAv. Del Sol, 11<br \/>\n28850 Torrej\u00f3n de Ardoz (MADRID)<br \/>\nTel. 911851030<\/p>\n<p><a href=\"mailto:ana@crambo.es\">ana@crambo.es<\/a><br \/>\n<a href=\"http:\/\/www.Crambovisuales.es\" target=\"_blank\" rel=\"noopener\">www.Crambovisuales.es<\/a>[\/vc_column_text][vc_column_text]<strong>Macroservice,S.A.<\/strong><br \/>\nC\/General Margallo,29 Local<br \/>\n28020-Madrid<br \/>\nTel. 902 157 152<br \/>\nTel directo +34 91 571 52 03<\/p>\n<p><a href=\"mailto:diego.saez@macroservice.es\">diego.saez@macroservice.es<br \/>\n<\/a><a href=\"http:\/\/www.macroservice.es\/\" target=\"_blank\" rel=\"noopener\">www.macroservice.es<\/a>[\/vc_column_text][vc_column_text]<strong>EXCLUSIVIA<\/strong><br \/>\ntelef. +34 938 101 969<\/p>\n<p><a href=\"mailto:exclusivia@exclusivia.info\">exclusivia@exclusivia.info<\/a><\/p>\n<p><a href=\"https:\/\/exclusivia.info\/\">https:\/\/exclusivia.info\/<\/a>[\/vc_column_text][\/vc_column][vc_column width=\u00a0\u00bb1\/3&Prime;][vc_column_text]<\/p>\n<h2>France<\/h2>\n<p>[\/vc_column_text][vc_column_text]<strong>KIM CORP<\/strong><br \/>\n5 Impasse de L&rsquo;Hers<br \/>\n2 East Park<br \/>\n31240 L&rsquo;UNION (TOULOUSE)<br \/>\nTel. (0) 567339031<\/p>\n<p><a href=\"mailto:contact@kimcorp.fr\">contact@kimcorp.fr<\/a><br \/>\n<a href=\"http:\/\/www.kimcorp.fr\" target=\"_blank\" rel=\"noopener\">www.kimcorp.fr<\/a>[\/vc_column_text][vc_column_text]<\/p>\n<h2>Lituanie<\/h2>\n<p>[\/vc_column_text][vc_column_text]<strong>AVEC LITT<\/strong><br \/>\nSvitrigailos 5\/17-30,<br \/>\nLT-03110,Vilnius<br \/>\nLITHUANIA<br \/>\nTel: 698 22437<\/p>\n<p><a href=\"mailto:eugenijus@aveclit.lt\">eugenijus@aveclit.lt<\/a><br \/>\n<a href=\"http:\/\/www.aveclit.lt\" target=\"_blank\" rel=\"noopener\">www.aveclit.lt<\/a>[\/vc_column_text][\/vc_column][vc_column width=\u00a0\u00bb1\/3&Prime;][vc_column_text]<\/p>\n<h2>Pays-Bas<br \/>\nBelgique<br \/>\nLuxembourg<\/h2>\n<p>[\/vc_column_text][vc_column_text]<strong>ELECTROBOT BV<\/strong><br \/>\nDrachmeweg 9<br \/>\n2153 PA\u00a0 Nieuw-Vennep<br \/>\nThe Netherlands<br \/>\nPhone : 252 345410<\/p>\n<p><a href=\"mailto:info@electrobot.nl\">info@electrobot.nl<\/a><\/p>\n<p><a href=\"http:\/\/www.electrobot.nl\" target=\"_blank\" rel=\"noopener\">www.electrobot.nl<\/a>[\/vc_column_text][vc_column_text]<\/p>\n<h2>Suisse<\/h2>\n<p>[\/vc_column_text][vc_column_text]<strong>INOVIS Live Automation AG<\/strong><\/p>\n<p>Rosswiesstrasse 27<\/p>\n<p>CH-8608 Bubikon<\/p>\n<p>Phone : +41 55 253 44 88<\/p>\n<p>&nbsp;<\/p>\n<p><a href=\"mailto:sales@inovis-group.com\">sales@inovis-group.com<\/a><\/p>\n<p><a href=\"https:\/\/www.inovis-group.com\/de\/\">https:\/\/www.inovis-group.com\/de\/<\/a>[\/vc_column_text][\/vc_column][\/vc_row]<\/p>\n","protected":false},"excerpt":{"rendered":"<p>[vc_row full_width=\u00a0\u00bbstretch_row_content_no_spaces\u00a0\u00bb][vc_column][\/vc_column][\/vc_row][vc_row css=\u00a0\u00bb.vc_custom_1437688211881{margin-top: 50px !important;margin-bottom: 100px !important;}\u00a0\u00bb][vc_column width=\u00a0\u00bb1\/3&Prime;][vc_column_text] Espagne [\/vc_column_text][vc_column_text]CRAMBO, SA Av. Del Sol, 11 28850 Torrej\u00f3n de Ardoz (MADRID) Tel. 911851030 ana@crambo.es www.Crambovisuales.es[\/vc_column_text][vc_column_text]Macroservice,S.A. C\/General Margallo,29<span class=\"excerpt-hellip\"> [\u2026]<\/span><\/p>\n","protected":false},"author":2,"featured_media":0,"parent":3412,"menu_order":0,"comment_status":"closed","ping_status":"closed","template":"","meta":[],"yoast_head":"<!-- This site is optimized with the Yoast SEO plugin v18.0 - https:\/\/yoast.com\/wordpress\/plugins\/seo\/ -->\n<title>Distributeurs - SERISTYLU<\/title>\n<meta name=\"robots\" content=\"index, follow, max-snippet:-1, max-image-preview:large, max-video-preview:-1\" \/>\n<link rel=\"canonical\" href=\"https:\/\/seristylu.com\/fr\/contacts\/distribuidores\/\" \/>\n<meta property=\"og:locale\" content=\"fr_FR\" \/>\n<meta property=\"og:type\" content=\"article\" \/>\n<meta property=\"og:title\" content=\"Distributeurs - SERISTYLU\" \/>\n<meta property=\"og:description\" content=\"[vc_row full_width=\u00a0\u00bbstretch_row_content_no_spaces\u00a0\u00bb][vc_column][\/vc_column][\/vc_row][vc_row css=\u00a0\u00bb.vc_custom_1437688211881{margin-top: 50px !important;margin-bottom: 100px !important;}\u00a0\u00bb][vc_column width=\u00a0\u00bb1\/3&Prime;][vc_column_text] Espagne [\/vc_column_text][vc_column_text]CRAMBO, SA Av. Del Sol, 11 28850 Torrej\u00f3n de Ardoz (MADRID) Tel. 911851030 ana@crambo.es www.Crambovisuales.es[\/vc_column_text][vc_column_text]Macroservice,S.A. C\/General Margallo,29 [\u2026]\" \/>\n<meta property=\"og:url\" content=\"https:\/\/seristylu.com\/fr\/contacts\/distribuidores\/\" \/>\n<meta property=\"og:site_name\" content=\"SERISTYLU\" \/>\n<meta property=\"article:modified_time\" content=\"2024-01-05T13:51:35+00:00\" \/>\n<meta name=\"twitter:card\" content=\"summary\" \/>\n<meta name=\"twitter:label1\" content=\"Dur\u00e9e de lecture estim\u00e9e\" \/>\n\t<meta name=\"twitter:data1\" content=\"1 minute\" \/>\n<script type=\"application\/ld+json\" class=\"yoast-schema-graph\">{\"@context\":\"https:\/\/schema.org\",\"@graph\":[{\"@type\":\"WebSite\",\"@id\":\"https:\/\/seristylu.com\/#website\",\"url\":\"https:\/\/seristylu.com\/\",\"name\":\"SERISTYLU\",\"description\":\"A Seristylu \u00e9 uma empresa industrial que se dedica a conceber produtos para a instala\u00e7\u00e3o de equipamentos audiovisuais com modelos standard em gamas Dom\u00e9stica e Profissional.\",\"potentialAction\":[{\"@type\":\"SearchAction\",\"target\":{\"@type\":\"EntryPoint\",\"urlTemplate\":\"https:\/\/seristylu.com\/?s={search_term_string}\"},\"query-input\":\"required name=search_term_string\"}],\"inLanguage\":\"fr-FR\"},{\"@type\":\"WebPage\",\"@id\":\"https:\/\/seristylu.com\/fr\/contacts\/distribuidores\/#webpage\",\"url\":\"https:\/\/seristylu.com\/fr\/contacts\/distribuidores\/\",\"name\":\"Distributeurs - SERISTYLU\",\"isPartOf\":{\"@id\":\"https:\/\/seristylu.com\/#website\"},\"datePublished\":\"2015-10-16T11:57:53+00:00\",\"dateModified\":\"2024-01-05T13:51:35+00:00\",\"breadcrumb\":{\"@id\":\"https:\/\/seristylu.com\/fr\/contacts\/distribuidores\/#breadcrumb\"},\"inLanguage\":\"fr-FR\",\"potentialAction\":[{\"@type\":\"ReadAction\",\"target\":[\"https:\/\/seristylu.com\/fr\/contacts\/distribuidores\/\"]}]},{\"@type\":\"BreadcrumbList\",\"@id\":\"https:\/\/seristylu.com\/fr\/contacts\/distribuidores\/#breadcrumb\",\"itemListElement\":[{\"@type\":\"ListItem\",\"position\":1,\"name\":\"In\u00edcio\",\"item\":\"https:\/\/seristylu.com\/fr\/\"},{\"@type\":\"ListItem\",\"position\":2,\"name\":\"Contacts\",\"item\":\"https:\/\/seristylu.com\/fr\/contacts\/\"},{\"@type\":\"ListItem\",\"position\":3,\"name\":\"Distributeurs\"}]}]}<\/script>\n<!-- \/ Yoast SEO plugin. -->","yoast_head_json":{"title":"Distributeurs - SERISTYLU","robots":{"index":"index","follow":"follow","max-snippet":"max-snippet:-1","max-image-preview":"max-image-preview:large","max-video-preview":"max-video-preview:-1"},"canonical":"https:\/\/seristylu.com\/fr\/contacts\/distribuidores\/","og_locale":"fr_FR","og_type":"article","og_title":"Distributeurs - SERISTYLU","og_description":"[vc_row full_width=\u00a0\u00bbstretch_row_content_no_spaces\u00a0\u00bb][vc_column][\/vc_column][\/vc_row][vc_row css=\u00a0\u00bb.vc_custom_1437688211881{margin-top: 50px !important;margin-bottom: 100px !important;}\u00a0\u00bb][vc_column width=\u00a0\u00bb1\/3&Prime;][vc_column_text] Espagne [\/vc_column_text][vc_column_text]CRAMBO, SA Av. Del Sol, 11 28850 Torrej\u00f3n de Ardoz (MADRID) Tel. 911851030 ana@crambo.es www.Crambovisuales.es[\/vc_column_text][vc_column_text]Macroservice,S.A. C\/General Margallo,29 [\u2026]","og_url":"https:\/\/seristylu.com\/fr\/contacts\/distribuidores\/","og_site_name":"SERISTYLU","article_modified_time":"2024-01-05T13:51:35+00:00","twitter_card":"summary","twitter_misc":{"Dur\u00e9e de lecture estim\u00e9e":"1 minute"},"schema":{"@context":"https:\/\/schema.org","@graph":[{"@type":"WebSite","@id":"https:\/\/seristylu.com\/#website","url":"https:\/\/seristylu.com\/","name":"SERISTYLU","description":"A Seristylu \u00e9 uma empresa industrial que se dedica a conceber produtos para a instala\u00e7\u00e3o de equipamentos audiovisuais com modelos standard em gamas Dom\u00e9stica e Profissional.","potentialAction":[{"@type":"SearchAction","target":{"@type":"EntryPoint","urlTemplate":"https:\/\/seristylu.com\/?s={search_term_string}"},"query-input":"required name=search_term_string"}],"inLanguage":"fr-FR"},{"@type":"WebPage","@id":"https:\/\/seristylu.com\/fr\/contacts\/distribuidores\/#webpage","url":"https:\/\/seristylu.com\/fr\/contacts\/distribuidores\/","name":"Distributeurs - SERISTYLU","isPartOf":{"@id":"https:\/\/seristylu.com\/#website"},"datePublished":"2015-10-16T11:57:53+00:00","dateModified":"2024-01-05T13:51:35+00:00","breadcrumb":{"@id":"https:\/\/seristylu.com\/fr\/contacts\/distribuidores\/#breadcrumb"},"inLanguage":"fr-FR","potentialAction":[{"@type":"ReadAction","target":["https:\/\/seristylu.com\/fr\/contacts\/distribuidores\/"]}]},{"@type":"BreadcrumbList","@id":"https:\/\/seristylu.com\/fr\/contacts\/distribuidores\/#breadcrumb","itemListElement":[{"@type":"ListItem","position":1,"name":"In\u00edcio","item":"https:\/\/seristylu.com\/fr\/"},{"@type":"ListItem","position":2,"name":"Contacts","item":"https:\/\/seristylu.com\/fr\/contacts\/"},{"@type":"ListItem","position":3,"name":"Distributeurs"}]}]}},"_links":{"self":[{"href":"https:\/\/seristylu.com\/fr\/wp-json\/wp\/v2\/pages\/3448"}],"collection":[{"href":"https:\/\/seristylu.com\/fr\/wp-json\/wp\/v2\/pages"}],"about":[{"href":"https:\/\/seristylu.com\/fr\/wp-json\/wp\/v2\/types\/page"}],"author":[{"embeddable":true,"href":"https:\/\/seristylu.com\/fr\/wp-json\/wp\/v2\/users\/2"}],"replies":[{"embeddable":true,"href":"https:\/\/seristylu.com\/fr\/wp-json\/wp\/v2\/comments?post=3448"}],"version-history":[{"count":3,"href":"https:\/\/seristylu.com\/fr\/wp-json\/wp\/v2\/pages\/3448\/revisions"}],"predecessor-version":[{"id":7935,"href":"https:\/\/seristylu.com\/fr\/wp-json\/wp\/v2\/pages\/3448\/revisions\/7935"}],"up":[{"embeddable":true,"href":"https:\/\/seristylu.com\/fr\/wp-json\/wp\/v2\/pages\/3412"}],"wp:attachment":[{"href":"https:\/\/seristylu.com\/fr\/wp-json\/wp\/v2\/media?parent=3448"}],"curies":[{"name":"wp","href":"https:\/\/api.w.org\/{rel}","templated":true}]}}