{"id":3418,"date":"2015-11-11T10:44:26","date_gmt":"2015-11-11T10:44:26","guid":{"rendered":"http:\/\/www.seristylu.pt\/fr\/?page_id=3418"},"modified":"2016-03-18T14:59:09","modified_gmt":"2016-03-18T14:59:09","slug":"entreprise","status":"publish","type":"page","link":"https:\/\/seristylu.com\/fr\/entreprise\/","title":{"rendered":"ENTREPRISE"},"content":{"rendered":"","protected":false},"excerpt":{"rendered":"","protected":false},"author":2,"featured_media":0,"parent":0,"menu_order":0,"comment_status":"closed","ping_status":"open","template":"","meta":[],"yoast_head":"<!-- This site is optimized with the Yoast SEO plugin v18.0 - https:\/\/yoast.com\/wordpress\/plugins\/seo\/ -->\n<title>ENTREPRISE - SERISTYLU<\/title>\n<meta name=\"robots\" content=\"index, follow, max-snippet:-1, max-image-preview:large, max-video-preview:-1\" \/>\n<link rel=\"canonical\" href=\"https:\/\/seristylu.com\/fr\/entreprise\/\" \/>\n<meta property=\"og:locale\" content=\"fr_FR\" \/>\n<meta property=\"og:type\" content=\"article\" \/>\n<meta property=\"og:title\" content=\"ENTREPRISE - SERISTYLU\" \/>\n<meta property=\"og:url\" content=\"https:\/\/seristylu.com\/fr\/entreprise\/\" \/>\n<meta property=\"og:site_name\" content=\"SERISTYLU\" \/>\n<meta property=\"article:modified_time\" content=\"2016-03-18T14:59:09+00:00\" \/>\n<meta name=\"twitter:card\" content=\"summary\" \/>\n<script type=\"application\/ld+json\" class=\"yoast-schema-graph\">{\"@context\":\"https:\/\/schema.org\",\"@graph\":[{\"@type\":\"WebSite\",\"@id\":\"https:\/\/seristylu.com\/#website\",\"url\":\"https:\/\/seristylu.com\/\",\"name\":\"SERISTYLU\",\"description\":\"A Seristylu \u00e9 uma empresa industrial que se dedica a conceber produtos para a instala\u00e7\u00e3o de equipamentos audiovisuais com modelos standard em gamas Dom\u00e9stica e Profissional.\",\"potentialAction\":[{\"@type\":\"SearchAction\",\"target\":{\"@type\":\"EntryPoint\",\"urlTemplate\":\"https:\/\/seristylu.com\/?s={search_term_string}\"},\"query-input\":\"required name=search_term_string\"}],\"inLanguage\":\"fr-FR\"},{\"@type\":\"WebPage\",\"@id\":\"https:\/\/seristylu.com\/fr\/entreprise\/#webpage\",\"url\":\"https:\/\/seristylu.com\/fr\/entreprise\/\",\"name\":\"ENTREPRISE - SERISTYLU\",\"isPartOf\":{\"@id\":\"https:\/\/seristylu.com\/#website\"},\"datePublished\":\"2015-11-11T10:44:26+00:00\",\"dateModified\":\"2016-03-18T14:59:09+00:00\",\"breadcrumb\":{\"@id\":\"https:\/\/seristylu.com\/fr\/entreprise\/#breadcrumb\"},\"inLanguage\":\"fr-FR\",\"potentialAction\":[{\"@type\":\"ReadAction\",\"target\":[\"https:\/\/seristylu.com\/fr\/entreprise\/\"]}]},{\"@type\":\"BreadcrumbList\",\"@id\":\"https:\/\/seristylu.com\/fr\/entreprise\/#breadcrumb\",\"itemListElement\":[{\"@type\":\"ListItem\",\"position\":1,\"name\":\"In\u00edcio\",\"item\":\"https:\/\/seristylu.com\/fr\/\"},{\"@type\":\"ListItem\",\"position\":2,\"name\":\"ENTREPRISE\"}]}]}<\/script>\n<!-- \/ Yoast SEO plugin. -->","yoast_head_json":{"title":"ENTREPRISE - SERISTYLU","robots":{"index":"index","follow":"follow","max-snippet":"max-snippet:-1","max-image-preview":"max-image-preview:large","max-video-preview":"max-video-preview:-1"},"canonical":"https:\/\/seristylu.com\/fr\/entreprise\/","og_locale":"fr_FR","og_type":"article","og_title":"ENTREPRISE - SERISTYLU","og_url":"https:\/\/seristylu.com\/fr\/entreprise\/","og_site_name":"SERISTYLU","article_modified_time":"2016-03-18T14:59:09+00:00","twitter_card":"summary","schema":{"@context":"https:\/\/schema.org","@graph":[{"@type":"WebSite","@id":"https:\/\/seristylu.com\/#website","url":"https:\/\/seristylu.com\/","name":"SERISTYLU","description":"A Seristylu \u00e9 uma empresa industrial que se dedica a conceber produtos para a instala\u00e7\u00e3o de equipamentos audiovisuais com modelos standard em gamas Dom\u00e9stica e Profissional.","potentialAction":[{"@type":"SearchAction","target":{"@type":"EntryPoint","urlTemplate":"https:\/\/seristylu.com\/?s={search_term_string}"},"query-input":"required name=search_term_string"}],"inLanguage":"fr-FR"},{"@type":"WebPage","@id":"https:\/\/seristylu.com\/fr\/entreprise\/#webpage","url":"https:\/\/seristylu.com\/fr\/entreprise\/","name":"ENTREPRISE - SERISTYLU","isPartOf":{"@id":"https:\/\/seristylu.com\/#website"},"datePublished":"2015-11-11T10:44:26+00:00","dateModified":"2016-03-18T14:59:09+00:00","breadcrumb":{"@id":"https:\/\/seristylu.com\/fr\/entreprise\/#breadcrumb"},"inLanguage":"fr-FR","potentialAction":[{"@type":"ReadAction","target":["https:\/\/seristylu.com\/fr\/entreprise\/"]}]},{"@type":"BreadcrumbList","@id":"https:\/\/seristylu.com\/fr\/entreprise\/#breadcrumb","itemListElement":[{"@type":"ListItem","position":1,"name":"In\u00edcio","item":"https:\/\/seristylu.com\/fr\/"},{"@type":"ListItem","position":2,"name":"ENTREPRISE"}]}]}},"_links":{"self":[{"href":"https:\/\/seristylu.com\/fr\/wp-json\/wp\/v2\/pages\/3418"}],"collection":[{"href":"https:\/\/seristylu.com\/fr\/wp-json\/wp\/v2\/pages"}],"about":[{"href":"https:\/\/seristylu.com\/fr\/wp-json\/wp\/v2\/types\/page"}],"author":[{"embeddable":true,"href":"https:\/\/seristylu.com\/fr\/wp-json\/wp\/v2\/users\/2"}],"replies":[{"embeddable":true,"href":"https:\/\/seristylu.com\/fr\/wp-json\/wp\/v2\/comments?post=3418"}],"version-history":[{"count":0,"href":"https:\/\/seristylu.com\/fr\/wp-json\/wp\/v2\/pages\/3418\/revisions"}],"wp:attachment":[{"href":"https:\/\/seristylu.com\/fr\/wp-json\/wp\/v2\/media?parent=3418"}],"curies":[{"name":"wp","href":"https:\/\/api.w.org\/{rel}","templated":true}]}}