{"id":3501,"date":"2015-07-17T21:57:46","date_gmt":"2015-07-17T21:57:46","guid":{"rendered":"http:\/\/www.seristylu.pt\/es\/servicos\/"},"modified":"2019-01-08T12:53:22","modified_gmt":"2019-01-08T12:53:22","slug":"servicos","status":"publish","type":"page","link":"https:\/\/seristylu.com\/es\/servicos\/","title":{"rendered":"Servicios"},"content":{"rendered":"<p>[vc_row css=\u00bb.vc_custom_1437503759006{margin-bottom: 100px !important;padding-top: 50px !important;}\u00bb][vc_column][vc_column_text css_animation=\u00bbtop-to-bottom\u00bb]<\/p>\n<h1><strong>High Technical Performance<\/strong><\/h1>\n<h3>Tenemos siempre presente los requisitos t\u00e9cnicos que se esperan de un producto que va a estar asociado con la instalaci\u00f3n de equipos de alta tecnolog\u00eda en el campo de la audiovisual.<\/h3>\n<h3>Con: seguridad, eficacia y dise\u00f1o, a las que se presta atenci\u00f3n especial a fin de cumplir con estos prop\u00f3sitos. As\u00ed que escucha a los t\u00e9cnicos que llevan a cabo las instalaciones, en esta \u00e1rea es crucial para nosotros.<\/h3>\n<h3>Las expectativas de que hablamos se confirman por la calidad de las piezas. No solamente se confirman los aspectos nombrados como la conformidad con la concepci\u00f3n.<\/h3>\n<p>&nbsp;<\/p>\n<hr \/>\n<h1><\/h1>\n<h1><strong>Un estilo que nos toca<\/strong><\/h1>\n<h3>Todos somos sensibles a las formas y nuestras elecciones hacen la diferencia.<\/h3>\n<h3>El mobiliario se propone dar un toque de calidad y dise\u00f1o a la decoraci\u00f3n. Las piezas fabricadas en acero inoxidable cepillado les da gran robustez y seguridad sin comprometer la elegancia, aportando a los sitios ahonde se instalan un refinamiento muy especial.<\/h3>\n<h3>Favoritas trav\u00e9s de las fronteras, son conocidas y reconocidas por su calidad, por lo tanto estamos seguros, ya que estos productos cumplen y satisfacen los requisitos de alto nivel.<\/h3>\n<p>&nbsp;<\/p>\n<hr \/>\n<h2><\/h2>\n<h2><strong>Comparta con nosotros la satisfacci\u00f3n de podermos servirle.<\/strong><\/h2>\n<p>[\/vc_column_text][\/vc_column][\/vc_row][vc_row parallax=\u00bbcontent-moving\u00bb parallax_image=\u00bb2342&#8243; el_class=\u00bbbg-parallax\u00bb css=\u00bb.vc_custom_1537798270285{margin-top: 80px !important;margin-bottom: 80px !important;}\u00bb][vc_column css=\u00bb.vc_custom_1546952001944{background-color: rgba(2,2,2,0.48) !important;*background-color: rgb(2,2,2) !important;}\u00bb][vc_column_text css=\u00bb.vc_custom_1444736277160{padding-top: 100px !important;padding-bottom: 100px !important;}\u00bb el_class=\u00bblink-call2action\u00bb]<\/p>\n<p style=\"text-align: center;\"><a href=\"http:\/\/www.seristylu.pt\/catalogo\/solucoes-a-medida\/\">SOLU\u00c7\u00d5ES \u00c0 MEDIDA<\/a><\/p>\n<p>[\/vc_column_text][\/vc_column][\/vc_row][vc_row css=\u00bb.vc_custom_1440413391978{margin-bottom: 80px !important;}\u00bb][vc_column width=\u00bb1\/3&#8243;][vc_column_text]<img loading=\"lazy\" class=\"aligncenter\" src=\"https:\/\/seristylu.com\/wp-content\/themes\/seristylu\/images\/icons\/expedicao.svg\" alt=\"\" width=\"250\" height=\"250\" \/><\/p>\n<h1 style=\"text-align: center;\">EXPEDI\u00c7\u00c3O<\/h1>\n<p>[\/vc_column_text][\/vc_column][vc_column width=\u00bb1\/3&#8243;][vc_column_text]<img loading=\"lazy\" class=\"aligncenter\" src=\"https:\/\/seristylu.com\/wp-content\/themes\/seristylu\/images\/icons\/projectos.svg\" alt=\"\" width=\"250\" height=\"250\" \/><\/p>\n<h1 style=\"text-align: center;\">PROJECTOS<\/h1>\n<p>[\/vc_column_text][\/vc_column][vc_column width=\u00bb1\/3&#8243;][vc_column_text]<img loading=\"lazy\" class=\"aligncenter\" src=\"https:\/\/seristylu.com\/wp-content\/themes\/seristylu\/images\/icons\/garantia.svg\" alt=\"\" width=\"250\" height=\"250\" \/><\/p>\n<h1 style=\"text-align: center;\">GARANTIAS<\/h1>\n<p>[\/vc_column_text][\/vc_column][\/vc_row]<\/p>\n","protected":false},"excerpt":{"rendered":"<p>[vc_row css=\u00bb.vc_custom_1437503759006{margin-bottom: 100px !important;padding-top: 50px !important;}\u00bb][vc_column][vc_column_text css_animation=\u00bbtop-to-bottom\u00bb] High Technical Performance Tenemos siempre presente los requisitos t\u00e9cnicos que se esperan de un producto que va a estar<span class=\"excerpt-hellip\"> [\u2026]<\/span><\/p>\n","protected":false},"author":2,"featured_media":0,"parent":0,"menu_order":0,"comment_status":"closed","ping_status":"closed","template":"","meta":[],"yoast_head":"<!-- This site is optimized with the Yoast SEO plugin v18.0 - https:\/\/yoast.com\/wordpress\/plugins\/seo\/ -->\n<title>Servicios - SERISTYLU<\/title>\n<meta name=\"robots\" content=\"index, follow, max-snippet:-1, max-image-preview:large, max-video-preview:-1\" \/>\n<link rel=\"canonical\" href=\"https:\/\/seristylu.com\/es\/servicos\/\" \/>\n<meta property=\"og:locale\" content=\"es_ES\" \/>\n<meta property=\"og:type\" content=\"article\" \/>\n<meta property=\"og:title\" content=\"Servicios - SERISTYLU\" \/>\n<meta property=\"og:description\" content=\"[vc_row css=\u00bb.vc_custom_1437503759006{margin-bottom: 100px !important;padding-top: 50px !important;}\u00bb][vc_column][vc_column_text css_animation=\u00bbtop-to-bottom\u00bb] High Technical Performance Tenemos siempre presente los requisitos t\u00e9cnicos que se esperan de un producto que va a estar [\u2026]\" \/>\n<meta property=\"og:url\" content=\"https:\/\/seristylu.com\/es\/servicos\/\" \/>\n<meta property=\"og:site_name\" content=\"SERISTYLU\" \/>\n<meta property=\"article:modified_time\" content=\"2019-01-08T12:53:22+00:00\" \/>\n<meta property=\"og:image\" content=\"https:\/\/seristylu.com\/wp-content\/themes\/seristylu\/images\/icons\/expedicao.svg\" \/>\n<meta name=\"twitter:card\" content=\"summary\" \/>\n<meta name=\"twitter:label1\" content=\"Tiempo de lectura\" \/>\n\t<meta name=\"twitter:data1\" content=\"2 minutos\" \/>\n<script type=\"application\/ld+json\" class=\"yoast-schema-graph\">{\"@context\":\"https:\/\/schema.org\",\"@graph\":[{\"@type\":\"WebSite\",\"@id\":\"https:\/\/seristylu.com\/#website\",\"url\":\"https:\/\/seristylu.com\/\",\"name\":\"SERISTYLU\",\"description\":\"A Seristylu \u00e9 uma empresa industrial que se dedica a conceber produtos para a instala\u00e7\u00e3o de equipamentos audiovisuais com modelos standard em gamas Dom\u00e9stica e Profissional.\",\"potentialAction\":[{\"@type\":\"SearchAction\",\"target\":{\"@type\":\"EntryPoint\",\"urlTemplate\":\"https:\/\/seristylu.com\/?s={search_term_string}\"},\"query-input\":\"required name=search_term_string\"}],\"inLanguage\":\"es\"},{\"@type\":\"ImageObject\",\"@id\":\"https:\/\/seristylu.com\/es\/servicos\/#primaryimage\",\"inLanguage\":\"es\",\"url\":\"https:\/\/seristylu.com\/wp-content\/themes\/seristylu\/images\/icons\/expedicao.svg\",\"contentUrl\":\"https:\/\/seristylu.com\/wp-content\/themes\/seristylu\/images\/icons\/expedicao.svg\"},{\"@type\":\"WebPage\",\"@id\":\"https:\/\/seristylu.com\/es\/servicos\/#webpage\",\"url\":\"https:\/\/seristylu.com\/es\/servicos\/\",\"name\":\"Servicios - SERISTYLU\",\"isPartOf\":{\"@id\":\"https:\/\/seristylu.com\/#website\"},\"primaryImageOfPage\":{\"@id\":\"https:\/\/seristylu.com\/es\/servicos\/#primaryimage\"},\"datePublished\":\"2015-07-17T21:57:46+00:00\",\"dateModified\":\"2019-01-08T12:53:22+00:00\",\"breadcrumb\":{\"@id\":\"https:\/\/seristylu.com\/es\/servicos\/#breadcrumb\"},\"inLanguage\":\"es\",\"potentialAction\":[{\"@type\":\"ReadAction\",\"target\":[\"https:\/\/seristylu.com\/es\/servicos\/\"]}]},{\"@type\":\"BreadcrumbList\",\"@id\":\"https:\/\/seristylu.com\/es\/servicos\/#breadcrumb\",\"itemListElement\":[{\"@type\":\"ListItem\",\"position\":1,\"name\":\"In\u00edcio\",\"item\":\"https:\/\/seristylu.com\/es\/\"},{\"@type\":\"ListItem\",\"position\":2,\"name\":\"Servicios\"}]}]}<\/script>\n<!-- \/ Yoast SEO plugin. -->","yoast_head_json":{"title":"Servicios - SERISTYLU","robots":{"index":"index","follow":"follow","max-snippet":"max-snippet:-1","max-image-preview":"max-image-preview:large","max-video-preview":"max-video-preview:-1"},"canonical":"https:\/\/seristylu.com\/es\/servicos\/","og_locale":"es_ES","og_type":"article","og_title":"Servicios - SERISTYLU","og_description":"[vc_row css=\u00bb.vc_custom_1437503759006{margin-bottom: 100px !important;padding-top: 50px !important;}\u00bb][vc_column][vc_column_text css_animation=\u00bbtop-to-bottom\u00bb] High Technical Performance Tenemos siempre presente los requisitos t\u00e9cnicos que se esperan de un producto que va a estar [\u2026]","og_url":"https:\/\/seristylu.com\/es\/servicos\/","og_site_name":"SERISTYLU","article_modified_time":"2019-01-08T12:53:22+00:00","og_image":[{"url":"https:\/\/seristylu.com\/wp-content\/themes\/seristylu\/images\/icons\/expedicao.svg"}],"twitter_card":"summary","twitter_misc":{"Tiempo de lectura":"2 minutos"},"schema":{"@context":"https:\/\/schema.org","@graph":[{"@type":"WebSite","@id":"https:\/\/seristylu.com\/#website","url":"https:\/\/seristylu.com\/","name":"SERISTYLU","description":"A Seristylu \u00e9 uma empresa industrial que se dedica a conceber produtos para a instala\u00e7\u00e3o de equipamentos audiovisuais com modelos standard em gamas Dom\u00e9stica e Profissional.","potentialAction":[{"@type":"SearchAction","target":{"@type":"EntryPoint","urlTemplate":"https:\/\/seristylu.com\/?s={search_term_string}"},"query-input":"required name=search_term_string"}],"inLanguage":"es"},{"@type":"ImageObject","@id":"https:\/\/seristylu.com\/es\/servicos\/#primaryimage","inLanguage":"es","url":"https:\/\/seristylu.com\/wp-content\/themes\/seristylu\/images\/icons\/expedicao.svg","contentUrl":"https:\/\/seristylu.com\/wp-content\/themes\/seristylu\/images\/icons\/expedicao.svg"},{"@type":"WebPage","@id":"https:\/\/seristylu.com\/es\/servicos\/#webpage","url":"https:\/\/seristylu.com\/es\/servicos\/","name":"Servicios - SERISTYLU","isPartOf":{"@id":"https:\/\/seristylu.com\/#website"},"primaryImageOfPage":{"@id":"https:\/\/seristylu.com\/es\/servicos\/#primaryimage"},"datePublished":"2015-07-17T21:57:46+00:00","dateModified":"2019-01-08T12:53:22+00:00","breadcrumb":{"@id":"https:\/\/seristylu.com\/es\/servicos\/#breadcrumb"},"inLanguage":"es","potentialAction":[{"@type":"ReadAction","target":["https:\/\/seristylu.com\/es\/servicos\/"]}]},{"@type":"BreadcrumbList","@id":"https:\/\/seristylu.com\/es\/servicos\/#breadcrumb","itemListElement":[{"@type":"ListItem","position":1,"name":"In\u00edcio","item":"https:\/\/seristylu.com\/es\/"},{"@type":"ListItem","position":2,"name":"Servicios"}]}]}},"_links":{"self":[{"href":"https:\/\/seristylu.com\/es\/wp-json\/wp\/v2\/pages\/3501"}],"collection":[{"href":"https:\/\/seristylu.com\/es\/wp-json\/wp\/v2\/pages"}],"about":[{"href":"https:\/\/seristylu.com\/es\/wp-json\/wp\/v2\/types\/page"}],"author":[{"embeddable":true,"href":"https:\/\/seristylu.com\/es\/wp-json\/wp\/v2\/users\/2"}],"replies":[{"embeddable":true,"href":"https:\/\/seristylu.com\/es\/wp-json\/wp\/v2\/comments?post=3501"}],"version-history":[{"count":2,"href":"https:\/\/seristylu.com\/es\/wp-json\/wp\/v2\/pages\/3501\/revisions"}],"predecessor-version":[{"id":7562,"href":"https:\/\/seristylu.com\/es\/wp-json\/wp\/v2\/pages\/3501\/revisions\/7562"}],"wp:attachment":[{"href":"https:\/\/seristylu.com\/es\/wp-json\/wp\/v2\/media?parent=3501"}],"curies":[{"name":"wp","href":"https:\/\/api.w.org\/{rel}","templated":true}]}}