{"id":3482,"date":"2015-11-11T10:57:17","date_gmt":"2015-11-11T10:57:17","guid":{"rendered":"http:\/\/www.seristylu.pt\/fr\/?page_id=3482"},"modified":"2016-03-16T17:42:26","modified_gmt":"2016-03-16T17:42:26","slug":"valores","status":"publish","type":"page","link":"https:\/\/seristylu.com\/es\/empresa\/valores\/","title":{"rendered":"Valores"},"content":{"rendered":"<p>[vc_row css=\u00bb.vc_custom_1438710436305{margin-bottom: 50px !important;padding-top: 50px !important;}\u00bb][vc_column][vc_column_text css_animation=\u00bbtop-to-bottom\u00bb]<\/p>\n<h2>Satisfacci\u00f3n del Cliente<\/h2>\n<p>Apostar por la calidad del producto y el servicio prestado, garantizando la completa satisfacci\u00f3n y coincidencia de las expectativas de nuestros clientes.<\/p>\n<hr \/>\n<h2>Confianza<\/h2>\n<p>Tratamos todos los d\u00edas de seguir mereciendo la confianza de los clientes, proveedores, socios y otras partes interesadas<\/p>\n<hr \/>\n<h2>Valorar las personas<\/h2>\n<p>Los recursos humanos son el activo m\u00e1s valioso y la raz\u00f3n de nuestro \u00e9xito, por lo tanto, buscamos un desarrollo constante de sus habilidades.<\/p>\n<hr \/>\n<h2>Responsabilidad Social<\/h2>\n<p>Es nuestro deber de contribuir a la mejora de la sociedad, con una conducta guiada por el cuidado del medio ambiente y una pol\u00edtica de desarrollo integral y sostenible, en estrecha relaci\u00f3n con la comunidad.[\/vc_column_text][\/vc_column][\/vc_row]<\/p>\n","protected":false},"excerpt":{"rendered":"<p>[vc_row css=\u00bb.vc_custom_1438710436305{margin-bottom: 50px !important;padding-top: 50px !important;}\u00bb][vc_column][vc_column_text css_animation=\u00bbtop-to-bottom\u00bb] Satisfacci\u00f3n del Cliente Apostar por la calidad del producto y el servicio prestado, garantizando la completa satisfacci\u00f3n y coincidencia<span class=\"excerpt-hellip\"> [\u2026]<\/span><\/p>\n","protected":false},"author":2,"featured_media":0,"parent":3422,"menu_order":0,"comment_status":"closed","ping_status":"open","template":"","meta":[],"yoast_head":"<!-- This site is optimized with the Yoast SEO plugin v18.0 - https:\/\/yoast.com\/wordpress\/plugins\/seo\/ -->\n<title>Valores - SERISTYLU<\/title>\n<meta name=\"robots\" content=\"index, follow, max-snippet:-1, max-image-preview:large, max-video-preview:-1\" \/>\n<link rel=\"canonical\" href=\"https:\/\/seristylu.com\/es\/empresa\/valores\/\" \/>\n<meta property=\"og:locale\" content=\"es_ES\" \/>\n<meta property=\"og:type\" content=\"article\" \/>\n<meta property=\"og:title\" content=\"Valores - SERISTYLU\" \/>\n<meta property=\"og:description\" content=\"[vc_row css=\u00bb.vc_custom_1438710436305{margin-bottom: 50px !important;padding-top: 50px !important;}\u00bb][vc_column][vc_column_text css_animation=\u00bbtop-to-bottom\u00bb] Satisfacci\u00f3n del Cliente Apostar por la calidad del producto y el servicio prestado, garantizando la completa satisfacci\u00f3n y coincidencia [\u2026]\" \/>\n<meta property=\"og:url\" content=\"https:\/\/seristylu.com\/es\/empresa\/valores\/\" \/>\n<meta property=\"og:site_name\" content=\"SERISTYLU\" \/>\n<meta property=\"article:modified_time\" content=\"2016-03-16T17:42:26+00:00\" \/>\n<meta name=\"twitter:card\" content=\"summary\" \/>\n<meta name=\"twitter:label1\" content=\"Tiempo de lectura\" \/>\n\t<meta name=\"twitter:data1\" content=\"1 minuto\" \/>\n<script type=\"application\/ld+json\" class=\"yoast-schema-graph\">{\"@context\":\"https:\/\/schema.org\",\"@graph\":[{\"@type\":\"WebSite\",\"@id\":\"https:\/\/seristylu.com\/#website\",\"url\":\"https:\/\/seristylu.com\/\",\"name\":\"SERISTYLU\",\"description\":\"A Seristylu \u00e9 uma empresa industrial que se dedica a conceber produtos para a instala\u00e7\u00e3o de equipamentos audiovisuais com modelos standard em gamas Dom\u00e9stica e Profissional.\",\"potentialAction\":[{\"@type\":\"SearchAction\",\"target\":{\"@type\":\"EntryPoint\",\"urlTemplate\":\"https:\/\/seristylu.com\/?s={search_term_string}\"},\"query-input\":\"required name=search_term_string\"}],\"inLanguage\":\"es\"},{\"@type\":\"WebPage\",\"@id\":\"https:\/\/seristylu.com\/es\/empresa\/valores\/#webpage\",\"url\":\"https:\/\/seristylu.com\/es\/empresa\/valores\/\",\"name\":\"Valores - SERISTYLU\",\"isPartOf\":{\"@id\":\"https:\/\/seristylu.com\/#website\"},\"datePublished\":\"2015-11-11T10:57:17+00:00\",\"dateModified\":\"2016-03-16T17:42:26+00:00\",\"breadcrumb\":{\"@id\":\"https:\/\/seristylu.com\/es\/empresa\/valores\/#breadcrumb\"},\"inLanguage\":\"es\",\"potentialAction\":[{\"@type\":\"ReadAction\",\"target\":[\"https:\/\/seristylu.com\/es\/empresa\/valores\/\"]}]},{\"@type\":\"BreadcrumbList\",\"@id\":\"https:\/\/seristylu.com\/es\/empresa\/valores\/#breadcrumb\",\"itemListElement\":[{\"@type\":\"ListItem\",\"position\":1,\"name\":\"In\u00edcio\",\"item\":\"https:\/\/seristylu.com\/es\/\"},{\"@type\":\"ListItem\",\"position\":2,\"name\":\"Empresa\",\"item\":\"https:\/\/seristylu.com\/es\/empresa\/\"},{\"@type\":\"ListItem\",\"position\":3,\"name\":\"Valores\"}]}]}<\/script>\n<!-- \/ Yoast SEO plugin. -->","yoast_head_json":{"title":"Valores - SERISTYLU","robots":{"index":"index","follow":"follow","max-snippet":"max-snippet:-1","max-image-preview":"max-image-preview:large","max-video-preview":"max-video-preview:-1"},"canonical":"https:\/\/seristylu.com\/es\/empresa\/valores\/","og_locale":"es_ES","og_type":"article","og_title":"Valores - SERISTYLU","og_description":"[vc_row css=\u00bb.vc_custom_1438710436305{margin-bottom: 50px !important;padding-top: 50px !important;}\u00bb][vc_column][vc_column_text css_animation=\u00bbtop-to-bottom\u00bb] Satisfacci\u00f3n del Cliente Apostar por la calidad del producto y el servicio prestado, garantizando la completa satisfacci\u00f3n y coincidencia [\u2026]","og_url":"https:\/\/seristylu.com\/es\/empresa\/valores\/","og_site_name":"SERISTYLU","article_modified_time":"2016-03-16T17:42:26+00:00","twitter_card":"summary","twitter_misc":{"Tiempo de lectura":"1 minuto"},"schema":{"@context":"https:\/\/schema.org","@graph":[{"@type":"WebSite","@id":"https:\/\/seristylu.com\/#website","url":"https:\/\/seristylu.com\/","name":"SERISTYLU","description":"A Seristylu \u00e9 uma empresa industrial que se dedica a conceber produtos para a instala\u00e7\u00e3o de equipamentos audiovisuais com modelos standard em gamas Dom\u00e9stica e Profissional.","potentialAction":[{"@type":"SearchAction","target":{"@type":"EntryPoint","urlTemplate":"https:\/\/seristylu.com\/?s={search_term_string}"},"query-input":"required name=search_term_string"}],"inLanguage":"es"},{"@type":"WebPage","@id":"https:\/\/seristylu.com\/es\/empresa\/valores\/#webpage","url":"https:\/\/seristylu.com\/es\/empresa\/valores\/","name":"Valores - SERISTYLU","isPartOf":{"@id":"https:\/\/seristylu.com\/#website"},"datePublished":"2015-11-11T10:57:17+00:00","dateModified":"2016-03-16T17:42:26+00:00","breadcrumb":{"@id":"https:\/\/seristylu.com\/es\/empresa\/valores\/#breadcrumb"},"inLanguage":"es","potentialAction":[{"@type":"ReadAction","target":["https:\/\/seristylu.com\/es\/empresa\/valores\/"]}]},{"@type":"BreadcrumbList","@id":"https:\/\/seristylu.com\/es\/empresa\/valores\/#breadcrumb","itemListElement":[{"@type":"ListItem","position":1,"name":"In\u00edcio","item":"https:\/\/seristylu.com\/es\/"},{"@type":"ListItem","position":2,"name":"Empresa","item":"https:\/\/seristylu.com\/es\/empresa\/"},{"@type":"ListItem","position":3,"name":"Valores"}]}]}},"_links":{"self":[{"href":"https:\/\/seristylu.com\/es\/wp-json\/wp\/v2\/pages\/3482"}],"collection":[{"href":"https:\/\/seristylu.com\/es\/wp-json\/wp\/v2\/pages"}],"about":[{"href":"https:\/\/seristylu.com\/es\/wp-json\/wp\/v2\/types\/page"}],"author":[{"embeddable":true,"href":"https:\/\/seristylu.com\/es\/wp-json\/wp\/v2\/users\/2"}],"replies":[{"embeddable":true,"href":"https:\/\/seristylu.com\/es\/wp-json\/wp\/v2\/comments?post=3482"}],"version-history":[{"count":0,"href":"https:\/\/seristylu.com\/es\/wp-json\/wp\/v2\/pages\/3482\/revisions"}],"up":[{"embeddable":true,"href":"https:\/\/seristylu.com\/es\/wp-json\/wp\/v2\/pages\/3422"}],"wp:attachment":[{"href":"https:\/\/seristylu.com\/es\/wp-json\/wp\/v2\/media?parent=3482"}],"curies":[{"name":"wp","href":"https:\/\/api.w.org\/{rel}","templated":true}]}}