{"id":3479,"date":"2015-08-24T10:27:55","date_gmt":"2015-08-24T10:27:55","guid":{"rendered":"http:\/\/www.seristylu.pt\/es\/empresa\/missao\/"},"modified":"2016-03-17T16:44:46","modified_gmt":"2016-03-17T16:44:46","slug":"mision","status":"publish","type":"page","link":"https:\/\/seristylu.com\/es\/empresa\/mision\/","title":{"rendered":"Misi\u00f3n"},"content":{"rendered":"<p>[vc_row css=\u00bb.vc_custom_1438710436305{margin-bottom: 50px !important;padding-top: 50px !important;}\u00bb][vc_column][vc_column_text css_animation=\u00bbtop-to-bottom\u00bb]<\/p>\n<h2>A Seri Stylu tem a sua miss\u00e3o, vis\u00e3o e valores bem identificados e apreendidos por todos os seus colaboradores.<\/h2>\n<p>&nbsp;<\/p>\n<hr \/>\n<h2><strong>Misi\u00f3n:<\/strong><\/h2>\n<h3>Desarrollar, producir y comercializar productos para la instalaci\u00f3n de equipos audiovisuales que la gente tenga la satisfacci\u00f3n de poseer, asegurando la creaci\u00f3n de valor y la sostenibilidad del negocio.<\/h3>\n<p>[\/vc_column_text][\/vc_column][\/vc_row]<\/p>\n","protected":false},"excerpt":{"rendered":"<p>[vc_row css=\u00bb.vc_custom_1438710436305{margin-bottom: 50px !important;padding-top: 50px !important;}\u00bb][vc_column][vc_column_text css_animation=\u00bbtop-to-bottom\u00bb] A Seri Stylu tem a sua miss\u00e3o, vis\u00e3o e valores bem identificados e apreendidos por todos os seus colaboradores.<span class=\"excerpt-hellip\"> [\u2026]<\/span><\/p>\n","protected":false},"author":2,"featured_media":0,"parent":3422,"menu_order":0,"comment_status":"closed","ping_status":"open","template":"","meta":[],"yoast_head":"<!-- This site is optimized with the Yoast SEO plugin v18.0 - https:\/\/yoast.com\/wordpress\/plugins\/seo\/ -->\n<title>Misi\u00f3n - SERISTYLU<\/title>\n<meta name=\"robots\" content=\"index, follow, max-snippet:-1, max-image-preview:large, max-video-preview:-1\" \/>\n<link rel=\"canonical\" href=\"https:\/\/seristylu.com\/es\/empresa\/mision\/\" \/>\n<meta property=\"og:locale\" content=\"es_ES\" \/>\n<meta property=\"og:type\" content=\"article\" \/>\n<meta property=\"og:title\" content=\"Misi\u00f3n - SERISTYLU\" \/>\n<meta property=\"og:description\" content=\"[vc_row css=\u00bb.vc_custom_1438710436305{margin-bottom: 50px !important;padding-top: 50px !important;}\u00bb][vc_column][vc_column_text css_animation=\u00bbtop-to-bottom\u00bb] A Seri Stylu tem a sua miss\u00e3o, vis\u00e3o e valores bem identificados e apreendidos por todos os seus colaboradores. [\u2026]\" \/>\n<meta property=\"og:url\" content=\"https:\/\/seristylu.com\/es\/empresa\/mision\/\" \/>\n<meta property=\"og:site_name\" content=\"SERISTYLU\" \/>\n<meta property=\"article:modified_time\" content=\"2016-03-17T16:44:46+00:00\" \/>\n<meta name=\"twitter:card\" content=\"summary\" \/>\n<script type=\"application\/ld+json\" class=\"yoast-schema-graph\">{\"@context\":\"https:\/\/schema.org\",\"@graph\":[{\"@type\":\"WebSite\",\"@id\":\"https:\/\/seristylu.com\/#website\",\"url\":\"https:\/\/seristylu.com\/\",\"name\":\"SERISTYLU\",\"description\":\"A Seristylu \u00e9 uma empresa industrial que se dedica a conceber produtos para a instala\u00e7\u00e3o de equipamentos audiovisuais com modelos standard em gamas Dom\u00e9stica e Profissional.\",\"potentialAction\":[{\"@type\":\"SearchAction\",\"target\":{\"@type\":\"EntryPoint\",\"urlTemplate\":\"https:\/\/seristylu.com\/?s={search_term_string}\"},\"query-input\":\"required name=search_term_string\"}],\"inLanguage\":\"es\"},{\"@type\":\"WebPage\",\"@id\":\"https:\/\/seristylu.com\/es\/empresa\/mision\/#webpage\",\"url\":\"https:\/\/seristylu.com\/es\/empresa\/mision\/\",\"name\":\"Misi\u00f3n - SERISTYLU\",\"isPartOf\":{\"@id\":\"https:\/\/seristylu.com\/#website\"},\"datePublished\":\"2015-08-24T10:27:55+00:00\",\"dateModified\":\"2016-03-17T16:44:46+00:00\",\"breadcrumb\":{\"@id\":\"https:\/\/seristylu.com\/es\/empresa\/mision\/#breadcrumb\"},\"inLanguage\":\"es\",\"potentialAction\":[{\"@type\":\"ReadAction\",\"target\":[\"https:\/\/seristylu.com\/es\/empresa\/mision\/\"]}]},{\"@type\":\"BreadcrumbList\",\"@id\":\"https:\/\/seristylu.com\/es\/empresa\/mision\/#breadcrumb\",\"itemListElement\":[{\"@type\":\"ListItem\",\"position\":1,\"name\":\"In\u00edcio\",\"item\":\"https:\/\/seristylu.com\/es\/\"},{\"@type\":\"ListItem\",\"position\":2,\"name\":\"Empresa\",\"item\":\"https:\/\/seristylu.com\/es\/empresa\/\"},{\"@type\":\"ListItem\",\"position\":3,\"name\":\"Misi\u00f3n\"}]}]}<\/script>\n<!-- \/ Yoast SEO plugin. -->","yoast_head_json":{"title":"Misi\u00f3n - SERISTYLU","robots":{"index":"index","follow":"follow","max-snippet":"max-snippet:-1","max-image-preview":"max-image-preview:large","max-video-preview":"max-video-preview:-1"},"canonical":"https:\/\/seristylu.com\/es\/empresa\/mision\/","og_locale":"es_ES","og_type":"article","og_title":"Misi\u00f3n - SERISTYLU","og_description":"[vc_row css=\u00bb.vc_custom_1438710436305{margin-bottom: 50px !important;padding-top: 50px !important;}\u00bb][vc_column][vc_column_text css_animation=\u00bbtop-to-bottom\u00bb] A Seri Stylu tem a sua miss\u00e3o, vis\u00e3o e valores bem identificados e apreendidos por todos os seus colaboradores. [\u2026]","og_url":"https:\/\/seristylu.com\/es\/empresa\/mision\/","og_site_name":"SERISTYLU","article_modified_time":"2016-03-17T16:44:46+00:00","twitter_card":"summary","schema":{"@context":"https:\/\/schema.org","@graph":[{"@type":"WebSite","@id":"https:\/\/seristylu.com\/#website","url":"https:\/\/seristylu.com\/","name":"SERISTYLU","description":"A Seristylu \u00e9 uma empresa industrial que se dedica a conceber produtos para a instala\u00e7\u00e3o de equipamentos audiovisuais com modelos standard em gamas Dom\u00e9stica e Profissional.","potentialAction":[{"@type":"SearchAction","target":{"@type":"EntryPoint","urlTemplate":"https:\/\/seristylu.com\/?s={search_term_string}"},"query-input":"required name=search_term_string"}],"inLanguage":"es"},{"@type":"WebPage","@id":"https:\/\/seristylu.com\/es\/empresa\/mision\/#webpage","url":"https:\/\/seristylu.com\/es\/empresa\/mision\/","name":"Misi\u00f3n - SERISTYLU","isPartOf":{"@id":"https:\/\/seristylu.com\/#website"},"datePublished":"2015-08-24T10:27:55+00:00","dateModified":"2016-03-17T16:44:46+00:00","breadcrumb":{"@id":"https:\/\/seristylu.com\/es\/empresa\/mision\/#breadcrumb"},"inLanguage":"es","potentialAction":[{"@type":"ReadAction","target":["https:\/\/seristylu.com\/es\/empresa\/mision\/"]}]},{"@type":"BreadcrumbList","@id":"https:\/\/seristylu.com\/es\/empresa\/mision\/#breadcrumb","itemListElement":[{"@type":"ListItem","position":1,"name":"In\u00edcio","item":"https:\/\/seristylu.com\/es\/"},{"@type":"ListItem","position":2,"name":"Empresa","item":"https:\/\/seristylu.com\/es\/empresa\/"},{"@type":"ListItem","position":3,"name":"Misi\u00f3n"}]}]}},"_links":{"self":[{"href":"https:\/\/seristylu.com\/es\/wp-json\/wp\/v2\/pages\/3479"}],"collection":[{"href":"https:\/\/seristylu.com\/es\/wp-json\/wp\/v2\/pages"}],"about":[{"href":"https:\/\/seristylu.com\/es\/wp-json\/wp\/v2\/types\/page"}],"author":[{"embeddable":true,"href":"https:\/\/seristylu.com\/es\/wp-json\/wp\/v2\/users\/2"}],"replies":[{"embeddable":true,"href":"https:\/\/seristylu.com\/es\/wp-json\/wp\/v2\/comments?post=3479"}],"version-history":[{"count":0,"href":"https:\/\/seristylu.com\/es\/wp-json\/wp\/v2\/pages\/3479\/revisions"}],"up":[{"embeddable":true,"href":"https:\/\/seristylu.com\/es\/wp-json\/wp\/v2\/pages\/3422"}],"wp:attachment":[{"href":"https:\/\/seristylu.com\/es\/wp-json\/wp\/v2\/media?parent=3479"}],"curies":[{"name":"wp","href":"https:\/\/api.w.org\/{rel}","templated":true}]}}