{"id":3472,"date":"2015-08-24T10:24:36","date_gmt":"2015-08-24T10:24:36","guid":{"rendered":"http:\/\/www.seristylu.pt\/es\/empresa\/historia\/"},"modified":"2016-03-17T17:06:07","modified_gmt":"2016-03-17T17:06:07","slug":"historia","status":"publish","type":"page","link":"https:\/\/seristylu.com\/es\/empresa\/historia\/","title":{"rendered":"Historia"},"content":{"rendered":"<p>[vc_row css=\u00bb.vc_custom_1438710436305{margin-bottom: 50px !important;padding-top: 50px !important;}\u00bb][vc_column width=\u00bb1\/2&#8243;][vc_column_text css_animation=\u00bbtop-to-bottom\u00bb]<\/p>\n<h2><strong>Seri Stylu<\/strong> es un negocio familiar y todo empez\u00f3 en 1960, cuando, Serafim Mendes de Oliveira Ribeiro (a), abuelo de los actuales socios, comenz\u00f3 a operar por su cuenta como subcontratista de piezas entalladas en chapa de hierro, lat\u00f3n y aluminio. Ejemplos de estos productos son: los embudos de las m\u00e1quinas para moler caf\u00e9, reflectores parab\u00f3licos para calentadores el\u00e9ctricos y tapas para extintores.<\/h2>\n<p>Esta actividad era muy bien desarrollada en las instalaciones de un amigo a quien propone sociedad en la fabricaci\u00f3n de antenas de televisi\u00f3n interiores.<\/p>\n<p>En 1967 ya en instalaciones propias en lugar da granja Maia comienza la fabricaci\u00f3n de antenas exteriores y es en este punto que existe la necesidad de una marca y por lo tanto parece <strong>SERI<\/strong>, como resultado de las iniciales de su nombre.<\/p>\n<p>En 1977 se estableci\u00f3 como una sociedad limitada, con la participaci\u00f3n del hijo adoptando el nombre Metal\u00fargica Ribeiro. A principios de los a\u00f1os ochenta construye nuevas instalaciones con 1500m2 en lugar de Granja y el socio fundador deja la compa\u00f1\u00eda siguiendo con la fabricaci\u00f3n de l\u00e1mparas y accesorios para ba\u00f1o.<\/p>\n<p>La Metal\u00fargica Ribeiro obtiene la representaci\u00f3n de equipos electr\u00f3nicos, complementarios a la fabricaci\u00f3n de antenas y accesorios mec\u00e1nicos, de una marca espa\u00f1ola y expande el negocio en todo el pa\u00eds y las antenas tambi\u00e9n al mercado espa\u00f1ol.<\/p>\n<p>Con la ca\u00edda del mercado de antenas de televisi\u00f3n tradicionales comenz\u00f3 la fabricaci\u00f3n de soportes para TV y a la marca se asocia la palabra <strong>stylu<\/strong> teniendo en cuenta que ahora estaba vinculada m\u00e1s al dise\u00f1o pero la Metal\u00fargica Ribeiro tuvo que ser extinguida y sigue ahora la marca tambi\u00e9n como compa\u00f1\u00eda <strong>SERI STYLU<\/strong> formada en 2006 por los actuales miembros Pedro Manuel Vilarinho Ribeiro y Rui Manuel Vilarinho Ribeiro.<\/p>\n<p>La marca <strong>SERI STYLU<\/strong> proviene de las iniciales del nombre Serafim Ribeiro asociadas con la palabra latina <strong>STYLU<\/strong> que significa diferente manera de hacer.<\/p>\n<p>(a) \u2013 En la imagen segundo de izquierda a derecha.[\/vc_column_text][\/vc_column][vc_column width=\u00bb1\/2&#8243;][vc_column_text css_animation=\u00bbtop-to-bottom\u00bb]<a href=\"http:\/\/www.seristylu.pt\/wp-content\/uploads\/2015\/08\/Serafim-Ribeiro.jpg\"><img loading=\"lazy\" class=\"alignnone wp-image-3754 size-large\" src=\"http:\/\/www.seristylu.pt\/wp-content\/uploads\/2015\/08\/Serafim-Ribeiro-1024x768.jpg\" alt=\"\" width=\"1024\" height=\"768\" srcset=\"https:\/\/seristylu.com\/wp-content\/uploads\/2015\/08\/Serafim-Ribeiro-1024x768.jpg 1024w, https:\/\/seristylu.com\/wp-content\/uploads\/2015\/08\/Serafim-Ribeiro-300x225.jpg 300w, https:\/\/seristylu.com\/wp-content\/uploads\/2015\/08\/Serafim-Ribeiro-768x576.jpg 768w, https:\/\/seristylu.com\/wp-content\/uploads\/2015\/08\/Serafim-Ribeiro-100x75.jpg 100w, https:\/\/seristylu.com\/wp-content\/uploads\/2015\/08\/Serafim-Ribeiro-195x146.jpg 195w, https:\/\/seristylu.com\/wp-content\/uploads\/2015\/08\/Serafim-Ribeiro-50x38.jpg 50w, https:\/\/seristylu.com\/wp-content\/uploads\/2015\/08\/Serafim-Ribeiro-576x432.jpg 576w\" sizes=\"(max-width: 1024px) 100vw, 1024px\" \/><\/a>[\/vc_column_text][\/vc_column][\/vc_row]<\/p>\n","protected":false},"excerpt":{"rendered":"<p>[vc_row css=\u00bb.vc_custom_1438710436305{margin-bottom: 50px !important;padding-top: 50px !important;}\u00bb][vc_column width=\u00bb1\/2&#8243;][vc_column_text css_animation=\u00bbtop-to-bottom\u00bb] Seri Stylu es un negocio familiar y todo empez\u00f3 en 1960, cuando, Serafim Mendes de Oliveira Ribeiro (a),<span class=\"excerpt-hellip\"> [\u2026]<\/span><\/p>\n","protected":false},"author":2,"featured_media":0,"parent":3422,"menu_order":0,"comment_status":"closed","ping_status":"open","template":"","meta":[],"yoast_head":"<!-- This site is optimized with the Yoast SEO plugin v18.0 - https:\/\/yoast.com\/wordpress\/plugins\/seo\/ -->\n<title>Historia - SERISTYLU<\/title>\n<meta name=\"robots\" content=\"index, follow, max-snippet:-1, max-image-preview:large, max-video-preview:-1\" \/>\n<link rel=\"canonical\" href=\"https:\/\/seristylu.com\/es\/empresa\/historia\/\" \/>\n<meta property=\"og:locale\" content=\"es_ES\" \/>\n<meta property=\"og:type\" content=\"article\" \/>\n<meta property=\"og:title\" content=\"Historia - SERISTYLU\" \/>\n<meta property=\"og:description\" content=\"[vc_row css=\u00bb.vc_custom_1438710436305{margin-bottom: 50px !important;padding-top: 50px !important;}\u00bb][vc_column width=\u00bb1\/2&#8243;][vc_column_text css_animation=\u00bbtop-to-bottom\u00bb] Seri Stylu es un negocio familiar y todo empez\u00f3 en 1960, cuando, Serafim Mendes de Oliveira Ribeiro (a), [\u2026]\" \/>\n<meta property=\"og:url\" content=\"https:\/\/seristylu.com\/es\/empresa\/historia\/\" \/>\n<meta property=\"og:site_name\" content=\"SERISTYLU\" \/>\n<meta property=\"article:modified_time\" content=\"2016-03-17T17:06:07+00:00\" \/>\n<meta property=\"og:image\" content=\"http:\/\/www.seristylu.pt\/wp-content\/uploads\/2015\/08\/Serafim-Ribeiro-1024x768.jpg\" \/>\n<meta name=\"twitter:card\" content=\"summary\" \/>\n<meta name=\"twitter:label1\" content=\"Tiempo de lectura\" \/>\n\t<meta name=\"twitter:data1\" content=\"2 minutos\" \/>\n<script type=\"application\/ld+json\" class=\"yoast-schema-graph\">{\"@context\":\"https:\/\/schema.org\",\"@graph\":[{\"@type\":\"WebSite\",\"@id\":\"https:\/\/seristylu.com\/#website\",\"url\":\"https:\/\/seristylu.com\/\",\"name\":\"SERISTYLU\",\"description\":\"A Seristylu \u00e9 uma empresa industrial que se dedica a conceber produtos para a instala\u00e7\u00e3o de equipamentos audiovisuais com modelos standard em gamas Dom\u00e9stica e Profissional.\",\"potentialAction\":[{\"@type\":\"SearchAction\",\"target\":{\"@type\":\"EntryPoint\",\"urlTemplate\":\"https:\/\/seristylu.com\/?s={search_term_string}\"},\"query-input\":\"required name=search_term_string\"}],\"inLanguage\":\"es\"},{\"@type\":\"ImageObject\",\"@id\":\"https:\/\/seristylu.com\/es\/empresa\/historia\/#primaryimage\",\"inLanguage\":\"es\",\"url\":\"http:\/\/www.seristylu.pt\/wp-content\/uploads\/2015\/08\/Serafim-Ribeiro-1024x768.jpg\",\"contentUrl\":\"http:\/\/www.seristylu.pt\/wp-content\/uploads\/2015\/08\/Serafim-Ribeiro-1024x768.jpg\"},{\"@type\":\"WebPage\",\"@id\":\"https:\/\/seristylu.com\/es\/empresa\/historia\/#webpage\",\"url\":\"https:\/\/seristylu.com\/es\/empresa\/historia\/\",\"name\":\"Historia - SERISTYLU\",\"isPartOf\":{\"@id\":\"https:\/\/seristylu.com\/#website\"},\"primaryImageOfPage\":{\"@id\":\"https:\/\/seristylu.com\/es\/empresa\/historia\/#primaryimage\"},\"datePublished\":\"2015-08-24T10:24:36+00:00\",\"dateModified\":\"2016-03-17T17:06:07+00:00\",\"breadcrumb\":{\"@id\":\"https:\/\/seristylu.com\/es\/empresa\/historia\/#breadcrumb\"},\"inLanguage\":\"es\",\"potentialAction\":[{\"@type\":\"ReadAction\",\"target\":[\"https:\/\/seristylu.com\/es\/empresa\/historia\/\"]}]},{\"@type\":\"BreadcrumbList\",\"@id\":\"https:\/\/seristylu.com\/es\/empresa\/historia\/#breadcrumb\",\"itemListElement\":[{\"@type\":\"ListItem\",\"position\":1,\"name\":\"In\u00edcio\",\"item\":\"https:\/\/seristylu.com\/es\/\"},{\"@type\":\"ListItem\",\"position\":2,\"name\":\"Empresa\",\"item\":\"https:\/\/seristylu.com\/es\/empresa\/\"},{\"@type\":\"ListItem\",\"position\":3,\"name\":\"Historia\"}]}]}<\/script>\n<!-- \/ Yoast SEO plugin. -->","yoast_head_json":{"title":"Historia - SERISTYLU","robots":{"index":"index","follow":"follow","max-snippet":"max-snippet:-1","max-image-preview":"max-image-preview:large","max-video-preview":"max-video-preview:-1"},"canonical":"https:\/\/seristylu.com\/es\/empresa\/historia\/","og_locale":"es_ES","og_type":"article","og_title":"Historia - SERISTYLU","og_description":"[vc_row css=\u00bb.vc_custom_1438710436305{margin-bottom: 50px !important;padding-top: 50px !important;}\u00bb][vc_column width=\u00bb1\/2&#8243;][vc_column_text css_animation=\u00bbtop-to-bottom\u00bb] Seri Stylu es un negocio familiar y todo empez\u00f3 en 1960, cuando, Serafim Mendes de Oliveira Ribeiro (a), [\u2026]","og_url":"https:\/\/seristylu.com\/es\/empresa\/historia\/","og_site_name":"SERISTYLU","article_modified_time":"2016-03-17T17:06:07+00:00","og_image":[{"url":"http:\/\/www.seristylu.pt\/wp-content\/uploads\/2015\/08\/Serafim-Ribeiro-1024x768.jpg"}],"twitter_card":"summary","twitter_misc":{"Tiempo de lectura":"2 minutos"},"schema":{"@context":"https:\/\/schema.org","@graph":[{"@type":"WebSite","@id":"https:\/\/seristylu.com\/#website","url":"https:\/\/seristylu.com\/","name":"SERISTYLU","description":"A Seristylu \u00e9 uma empresa industrial que se dedica a conceber produtos para a instala\u00e7\u00e3o de equipamentos audiovisuais com modelos standard em gamas Dom\u00e9stica e Profissional.","potentialAction":[{"@type":"SearchAction","target":{"@type":"EntryPoint","urlTemplate":"https:\/\/seristylu.com\/?s={search_term_string}"},"query-input":"required name=search_term_string"}],"inLanguage":"es"},{"@type":"ImageObject","@id":"https:\/\/seristylu.com\/es\/empresa\/historia\/#primaryimage","inLanguage":"es","url":"http:\/\/www.seristylu.pt\/wp-content\/uploads\/2015\/08\/Serafim-Ribeiro-1024x768.jpg","contentUrl":"http:\/\/www.seristylu.pt\/wp-content\/uploads\/2015\/08\/Serafim-Ribeiro-1024x768.jpg"},{"@type":"WebPage","@id":"https:\/\/seristylu.com\/es\/empresa\/historia\/#webpage","url":"https:\/\/seristylu.com\/es\/empresa\/historia\/","name":"Historia - SERISTYLU","isPartOf":{"@id":"https:\/\/seristylu.com\/#website"},"primaryImageOfPage":{"@id":"https:\/\/seristylu.com\/es\/empresa\/historia\/#primaryimage"},"datePublished":"2015-08-24T10:24:36+00:00","dateModified":"2016-03-17T17:06:07+00:00","breadcrumb":{"@id":"https:\/\/seristylu.com\/es\/empresa\/historia\/#breadcrumb"},"inLanguage":"es","potentialAction":[{"@type":"ReadAction","target":["https:\/\/seristylu.com\/es\/empresa\/historia\/"]}]},{"@type":"BreadcrumbList","@id":"https:\/\/seristylu.com\/es\/empresa\/historia\/#breadcrumb","itemListElement":[{"@type":"ListItem","position":1,"name":"In\u00edcio","item":"https:\/\/seristylu.com\/es\/"},{"@type":"ListItem","position":2,"name":"Empresa","item":"https:\/\/seristylu.com\/es\/empresa\/"},{"@type":"ListItem","position":3,"name":"Historia"}]}]}},"_links":{"self":[{"href":"https:\/\/seristylu.com\/es\/wp-json\/wp\/v2\/pages\/3472"}],"collection":[{"href":"https:\/\/seristylu.com\/es\/wp-json\/wp\/v2\/pages"}],"about":[{"href":"https:\/\/seristylu.com\/es\/wp-json\/wp\/v2\/types\/page"}],"author":[{"embeddable":true,"href":"https:\/\/seristylu.com\/es\/wp-json\/wp\/v2\/users\/2"}],"replies":[{"embeddable":true,"href":"https:\/\/seristylu.com\/es\/wp-json\/wp\/v2\/comments?post=3472"}],"version-history":[{"count":0,"href":"https:\/\/seristylu.com\/es\/wp-json\/wp\/v2\/pages\/3472\/revisions"}],"up":[{"embeddable":true,"href":"https:\/\/seristylu.com\/es\/wp-json\/wp\/v2\/pages\/3422"}],"wp:attachment":[{"href":"https:\/\/seristylu.com\/es\/wp-json\/wp\/v2\/media?parent=3472"}],"curies":[{"name":"wp","href":"https:\/\/api.w.org\/{rel}","templated":true}]}}