{"id":3465,"date":"2015-08-24T10:37:15","date_gmt":"2015-08-24T10:37:15","guid":{"rendered":"http:\/\/www.seristylu.pt\/es\/empresa\/a-seristylu\/"},"modified":"2019-08-09T14:00:05","modified_gmt":"2019-08-09T13:00:05","slug":"seristylu","status":"publish","type":"page","link":"https:\/\/seristylu.com\/es\/empresa\/seristylu\/","title":{"rendered":"SERI STYLU"},"content":{"rendered":"<p>[vc_row css=\u00bb.vc_custom_1438710436305{margin-bottom: 50px !important;padding-top: 50px !important;}\u00bb][vc_column width=\u00bb1\/2&#8243;][vc_column_text css_animation=\u00bbtop-to-bottom\u00bb]<\/p>\n<h2>SERI STYLU es una empresa industrial dedicada al dise\u00f1o de productos para la instalaci\u00f3n de equipos audiovisuales con los modelos est\u00e1ndar en dos rangos:<\/h2>\n<p>&nbsp;<\/p>\n<h3><strong>Domestica\u00a0&gt; soluciones Home Cinema<\/strong><br \/>\nProfesional\u00a0&gt; Para espacios p\u00fablicos; salas de reuniones; exposiciones; etc.<\/h3>\n<h3>Desarrollamos y producimos tambi\u00e9n otras soluciones en mobiliario y suportes para diferentes equipos inform\u00e1ticos y multimedia.<\/h3>\n<h3>La fabricaci\u00f3n de los productos Seristylu tiene en cuenta varios aspectos importantes, tales como:<\/h3>\n<h3>Seguridad-Eficacia-dise\u00f1o.<\/h3>\n<h3>El control de calidad asegura la eficacia de los productos, buen servicio y la consiguiente satisfacci\u00f3n a que nos proponemos como objetivo principal.<\/h3>\n<p>[\/vc_column_text][\/vc_column][vc_column width=\u00bb1\/2&#8243;][vc_column_text css_animation=\u00bbtop-to-bottom\u00bb]<a href=\"https:\/\/seristylu.com\/wp-content\/uploads\/2019\/08\/fabrica.jpg\"><img loading=\"lazy\" class=\"alignnone wp-image-7709\" src=\"https:\/\/seristylu.com\/wp-content\/uploads\/2019\/08\/fabrica-300x229.jpg\" alt=\"\" width=\"634\" height=\"484\" srcset=\"https:\/\/seristylu.com\/wp-content\/uploads\/2019\/08\/fabrica-300x229.jpg 300w, https:\/\/seristylu.com\/wp-content\/uploads\/2019\/08\/fabrica-768x585.jpg 768w, https:\/\/seristylu.com\/wp-content\/uploads\/2019\/08\/fabrica-100x76.jpg 100w, https:\/\/seristylu.com\/wp-content\/uploads\/2019\/08\/fabrica-192x146.jpg 192w, https:\/\/seristylu.com\/wp-content\/uploads\/2019\/08\/fabrica-50x38.jpg 50w, https:\/\/seristylu.com\/wp-content\/uploads\/2019\/08\/fabrica-98x75.jpg 98w, https:\/\/seristylu.com\/wp-content\/uploads\/2019\/08\/fabrica.jpg 957w\" sizes=\"(max-width: 634px) 100vw, 634px\" \/><\/a>[\/vc_column_text][\/vc_column][\/vc_row][vc_row css=\u00bb.vc_custom_1438710448379{margin-bottom: 100px !important;}\u00bb][vc_column][vc_column_text css_animation=\u00bbtop-to-bottom\u00bb]<\/p>\n<hr \/>\n<h1>High Technical Performance<\/h1>\n<h3>No podemos olvidar los requisitos t\u00e9cnicos que se esperan de un producto que va a ser asociado con la instalaci\u00f3n de equipos de alta tecnolog\u00eda en el campo de audiovisuales.<\/h3>\n<h3>Resaltamos: la seguridad, la eficacia y el dise\u00f1o, le damos una atenci\u00f3n especial con el fin de cumplir con estos prop\u00f3sitos. As\u00ed que escuchar a los t\u00e9cnicos que realizan las instalaciones en esta \u00e1rea es crucial para nosotros.<\/h3>\n<h3>Las expectativas que planteamos son confirmadas por la calidad de las piezas. No s\u00f3lo confirman las materias enumeradas como el cumplimiento con el dise\u00f1o.<\/h3>\n<p>&nbsp;<\/p>\n<hr \/>\n<h1>Un estilo que nos toca<\/h1>\n<h3>Todos somos sensibles a las formas y nuestras opciones marcan la diferencia.<\/h3>\n<h3>El mobiliario que le proponemos da un toque de calidad y dise\u00f1o a la decoraci\u00f3n. Las piezas producidas en acero y acero inoxidable pulido le dan una alta resistencia y seguridad sin comprometer la elegancia, dan al lugar donde est\u00e1n instalados un refinamiento especial.<\/h3>\n<h3>Preferidas en el extranjero, son conocidas y reconocida su calidad, entonces estamos seguros, debido a que estos productos cumplen y satisfacen los requisitos de alto nivel.<\/h3>\n<hr \/>\n<h2><\/h2>\n<h2>Comparta con nosotros la satisfacci\u00f3n de servirlo.<\/h2>\n<p>[\/vc_column_text][\/vc_column][\/vc_row]<\/p>\n","protected":false},"excerpt":{"rendered":"<p>[vc_row css=\u00bb.vc_custom_1438710436305{margin-bottom: 50px !important;padding-top: 50px !important;}\u00bb][vc_column width=\u00bb1\/2&#8243;][vc_column_text css_animation=\u00bbtop-to-bottom\u00bb] SERI STYLU es una empresa industrial dedicada al dise\u00f1o de productos para la instalaci\u00f3n de equipos audiovisuales con<span class=\"excerpt-hellip\"> [\u2026]<\/span><\/p>\n","protected":false},"author":2,"featured_media":0,"parent":3422,"menu_order":0,"comment_status":"closed","ping_status":"open","template":"","meta":[],"yoast_head":"<!-- This site is optimized with the Yoast SEO plugin v18.0 - https:\/\/yoast.com\/wordpress\/plugins\/seo\/ -->\n<title>SERI STYLU - SERISTYLU<\/title>\n<meta name=\"robots\" content=\"index, follow, max-snippet:-1, max-image-preview:large, max-video-preview:-1\" \/>\n<link rel=\"canonical\" href=\"https:\/\/seristylu.com\/es\/empresa\/seristylu\/\" \/>\n<meta property=\"og:locale\" content=\"es_ES\" \/>\n<meta property=\"og:type\" content=\"article\" \/>\n<meta property=\"og:title\" content=\"SERI STYLU - SERISTYLU\" \/>\n<meta property=\"og:description\" content=\"[vc_row css=\u00bb.vc_custom_1438710436305{margin-bottom: 50px !important;padding-top: 50px !important;}\u00bb][vc_column width=\u00bb1\/2&#8243;][vc_column_text css_animation=\u00bbtop-to-bottom\u00bb] SERI STYLU es una empresa industrial dedicada al dise\u00f1o de productos para la instalaci\u00f3n de equipos audiovisuales con [\u2026]\" \/>\n<meta property=\"og:url\" content=\"https:\/\/seristylu.com\/es\/empresa\/seristylu\/\" \/>\n<meta property=\"og:site_name\" content=\"SERISTYLU\" \/>\n<meta property=\"article:modified_time\" content=\"2019-08-09T13:00:05+00:00\" \/>\n<meta property=\"og:image\" content=\"https:\/\/seristylu.com\/wp-content\/uploads\/2019\/08\/fabrica-300x229.jpg\" \/>\n<meta name=\"twitter:card\" content=\"summary\" \/>\n<meta name=\"twitter:label1\" content=\"Tiempo de lectura\" \/>\n\t<meta name=\"twitter:data1\" content=\"2 minutos\" \/>\n<script type=\"application\/ld+json\" class=\"yoast-schema-graph\">{\"@context\":\"https:\/\/schema.org\",\"@graph\":[{\"@type\":\"WebSite\",\"@id\":\"https:\/\/seristylu.com\/#website\",\"url\":\"https:\/\/seristylu.com\/\",\"name\":\"SERISTYLU\",\"description\":\"A Seristylu \u00e9 uma empresa industrial que se dedica a conceber produtos para a instala\u00e7\u00e3o de equipamentos audiovisuais com modelos standard em gamas Dom\u00e9stica e Profissional.\",\"potentialAction\":[{\"@type\":\"SearchAction\",\"target\":{\"@type\":\"EntryPoint\",\"urlTemplate\":\"https:\/\/seristylu.com\/?s={search_term_string}\"},\"query-input\":\"required name=search_term_string\"}],\"inLanguage\":\"es\"},{\"@type\":\"ImageObject\",\"@id\":\"https:\/\/seristylu.com\/es\/empresa\/seristylu\/#primaryimage\",\"inLanguage\":\"es\",\"url\":\"https:\/\/seristylu.com\/wp-content\/uploads\/2019\/08\/fabrica.jpg\",\"contentUrl\":\"https:\/\/seristylu.com\/wp-content\/uploads\/2019\/08\/fabrica.jpg\",\"width\":957,\"height\":729},{\"@type\":\"WebPage\",\"@id\":\"https:\/\/seristylu.com\/es\/empresa\/seristylu\/#webpage\",\"url\":\"https:\/\/seristylu.com\/es\/empresa\/seristylu\/\",\"name\":\"SERI STYLU - SERISTYLU\",\"isPartOf\":{\"@id\":\"https:\/\/seristylu.com\/#website\"},\"primaryImageOfPage\":{\"@id\":\"https:\/\/seristylu.com\/es\/empresa\/seristylu\/#primaryimage\"},\"datePublished\":\"2015-08-24T10:37:15+00:00\",\"dateModified\":\"2019-08-09T13:00:05+00:00\",\"breadcrumb\":{\"@id\":\"https:\/\/seristylu.com\/es\/empresa\/seristylu\/#breadcrumb\"},\"inLanguage\":\"es\",\"potentialAction\":[{\"@type\":\"ReadAction\",\"target\":[\"https:\/\/seristylu.com\/es\/empresa\/seristylu\/\"]}]},{\"@type\":\"BreadcrumbList\",\"@id\":\"https:\/\/seristylu.com\/es\/empresa\/seristylu\/#breadcrumb\",\"itemListElement\":[{\"@type\":\"ListItem\",\"position\":1,\"name\":\"In\u00edcio\",\"item\":\"https:\/\/seristylu.com\/es\/\"},{\"@type\":\"ListItem\",\"position\":2,\"name\":\"Empresa\",\"item\":\"https:\/\/seristylu.com\/es\/empresa\/\"},{\"@type\":\"ListItem\",\"position\":3,\"name\":\"SERI STYLU\"}]}]}<\/script>\n<!-- \/ Yoast SEO plugin. -->","yoast_head_json":{"title":"SERI STYLU - SERISTYLU","robots":{"index":"index","follow":"follow","max-snippet":"max-snippet:-1","max-image-preview":"max-image-preview:large","max-video-preview":"max-video-preview:-1"},"canonical":"https:\/\/seristylu.com\/es\/empresa\/seristylu\/","og_locale":"es_ES","og_type":"article","og_title":"SERI STYLU - SERISTYLU","og_description":"[vc_row css=\u00bb.vc_custom_1438710436305{margin-bottom: 50px !important;padding-top: 50px !important;}\u00bb][vc_column width=\u00bb1\/2&#8243;][vc_column_text css_animation=\u00bbtop-to-bottom\u00bb] SERI STYLU es una empresa industrial dedicada al dise\u00f1o de productos para la instalaci\u00f3n de equipos audiovisuales con [\u2026]","og_url":"https:\/\/seristylu.com\/es\/empresa\/seristylu\/","og_site_name":"SERISTYLU","article_modified_time":"2019-08-09T13:00:05+00:00","og_image":[{"url":"https:\/\/seristylu.com\/wp-content\/uploads\/2019\/08\/fabrica-300x229.jpg"}],"twitter_card":"summary","twitter_misc":{"Tiempo de lectura":"2 minutos"},"schema":{"@context":"https:\/\/schema.org","@graph":[{"@type":"WebSite","@id":"https:\/\/seristylu.com\/#website","url":"https:\/\/seristylu.com\/","name":"SERISTYLU","description":"A Seristylu \u00e9 uma empresa industrial que se dedica a conceber produtos para a instala\u00e7\u00e3o de equipamentos audiovisuais com modelos standard em gamas Dom\u00e9stica e Profissional.","potentialAction":[{"@type":"SearchAction","target":{"@type":"EntryPoint","urlTemplate":"https:\/\/seristylu.com\/?s={search_term_string}"},"query-input":"required name=search_term_string"}],"inLanguage":"es"},{"@type":"ImageObject","@id":"https:\/\/seristylu.com\/es\/empresa\/seristylu\/#primaryimage","inLanguage":"es","url":"https:\/\/seristylu.com\/wp-content\/uploads\/2019\/08\/fabrica.jpg","contentUrl":"https:\/\/seristylu.com\/wp-content\/uploads\/2019\/08\/fabrica.jpg","width":957,"height":729},{"@type":"WebPage","@id":"https:\/\/seristylu.com\/es\/empresa\/seristylu\/#webpage","url":"https:\/\/seristylu.com\/es\/empresa\/seristylu\/","name":"SERI STYLU - SERISTYLU","isPartOf":{"@id":"https:\/\/seristylu.com\/#website"},"primaryImageOfPage":{"@id":"https:\/\/seristylu.com\/es\/empresa\/seristylu\/#primaryimage"},"datePublished":"2015-08-24T10:37:15+00:00","dateModified":"2019-08-09T13:00:05+00:00","breadcrumb":{"@id":"https:\/\/seristylu.com\/es\/empresa\/seristylu\/#breadcrumb"},"inLanguage":"es","potentialAction":[{"@type":"ReadAction","target":["https:\/\/seristylu.com\/es\/empresa\/seristylu\/"]}]},{"@type":"BreadcrumbList","@id":"https:\/\/seristylu.com\/es\/empresa\/seristylu\/#breadcrumb","itemListElement":[{"@type":"ListItem","position":1,"name":"In\u00edcio","item":"https:\/\/seristylu.com\/es\/"},{"@type":"ListItem","position":2,"name":"Empresa","item":"https:\/\/seristylu.com\/es\/empresa\/"},{"@type":"ListItem","position":3,"name":"SERI STYLU"}]}]}},"_links":{"self":[{"href":"https:\/\/seristylu.com\/es\/wp-json\/wp\/v2\/pages\/3465"}],"collection":[{"href":"https:\/\/seristylu.com\/es\/wp-json\/wp\/v2\/pages"}],"about":[{"href":"https:\/\/seristylu.com\/es\/wp-json\/wp\/v2\/types\/page"}],"author":[{"embeddable":true,"href":"https:\/\/seristylu.com\/es\/wp-json\/wp\/v2\/users\/2"}],"replies":[{"embeddable":true,"href":"https:\/\/seristylu.com\/es\/wp-json\/wp\/v2\/comments?post=3465"}],"version-history":[{"count":2,"href":"https:\/\/seristylu.com\/es\/wp-json\/wp\/v2\/pages\/3465\/revisions"}],"predecessor-version":[{"id":7716,"href":"https:\/\/seristylu.com\/es\/wp-json\/wp\/v2\/pages\/3465\/revisions\/7716"}],"up":[{"embeddable":true,"href":"https:\/\/seristylu.com\/es\/wp-json\/wp\/v2\/pages\/3422"}],"wp:attachment":[{"href":"https:\/\/seristylu.com\/es\/wp-json\/wp\/v2\/media?parent=3465"}],"curies":[{"name":"wp","href":"https:\/\/api.w.org\/{rel}","templated":true}]}}