{"id":3458,"date":"2015-10-06T14:27:14","date_gmt":"2015-10-06T14:27:14","guid":{"rendered":"http:\/\/www.seristylu.pt\/es\/contactos\/localizacao\/"},"modified":"2020-10-20T13:48:01","modified_gmt":"2020-10-20T12:48:01","slug":"ubicacion","status":"publish","type":"page","link":"https:\/\/seristylu.com\/es\/contactos\/ubicacion\/","title":{"rendered":"Ubicaci\u00f3n"},"content":{"rendered":"<p>[vc_row css=\u00bb.vc_custom_1437688211881{margin-top: 50px !important;margin-bottom: 100px !important;}\u00bb][vc_column width=\u00bb1\/3&#8243;][vc_column_text]<\/p>\n<h3 class=\"contacts\"><strong>Ubicaci\u00f3n<\/strong><\/h3>\n<p>Rua das Cavadas 85<br \/>\nFolgosa<br \/>\n4425-710MAIA<br \/>\nPortugal<\/p>\n<p>GPS \u2013 N 41\u00ba 14`23\u201c \u2013 W 08\u00ba 32`52\u201c<\/p>\n<h2><\/h2>\n<p>[\/vc_column_text][\/vc_column][vc_column width=\u00bb1\/3&#8243;][vc_column_text]<\/p>\n<h3 class=\"contacts\"><strong>Contactos<\/strong><\/h3>\n<p><strong>DEPARTAMENTO COMERCIAL\u00a0<\/strong><br \/>\n<a class=\"MailLink\" href=\"mailto:info@seristylu.com\">info@seristylu.com<\/a><\/p>\n<p><strong>DEPARTAMENTO ADMINISTRATIVO<\/strong><br \/>\n<a class=\"MailLink\" href=\"mailto:administrativo@seristylu.com\">administrativo@seristylu.com<\/a><\/p>\n<p><strong>DEPARTAMENTO DE PRODUCCI\u00d3N<\/strong><br \/>\n<a class=\"MailLink\" href=\"mailto:producao@seristylu.com\">producao@seristylu.com<\/a><\/p>\n<h3>T (+351) 22 977 35 00<br \/>\nM (+351) 93 977 35 00<\/h3>\n<h3 class=\"contacts\"><\/h3>\n<h2 class=\"contacts\"><\/h2>\n<p>[\/vc_column_text][\/vc_column][vc_column width=\u00bb1\/3&#8243;][vc_column_text]<\/p>\n<h3 class=\"contacts\"><strong>Hora de contacto<\/strong><\/h3>\n<p>08H30 &#8211; 12H00<br \/>\n13H30 &#8211; 17H30[\/vc_column_text][\/vc_column][\/vc_row][vc_row full_width=\u00bbstretch_row_content_no_spaces\u00bb css=\u00bb.vc_custom_1437582269876{margin-top: 60px !important;padding-right: 10px !important;padding-left: 10px !important;}\u00bb][vc_column]<script>function google_maps_69d561d69ebd5(){var latlng = new google.maps.LatLng(41.23952,-8.54758);var draggable = true;var myOptions = {zoom : 12,center : latlng,mapTypeId : google.maps.MapTypeId.ROADMAP,draggable : draggable,zoomControl : true,mapTypeControl : false,streetViewControl\t: false,scrollwheel : false};var map = new google.maps.Map(document.getElementById(\"google-map-area-69d561d69ebd5\"), myOptions);var marker = new google.maps.Marker({position : latlng,map : map});}jQuery(document).ready(function($){google_maps_69d561d69ebd5();});<\/script>\n<div class=\"google-map-wrapper no_border\"><div class=\"google-map-contact-wrapper style-box\"><div class=\"get_in_touch\"><div class=\"get_in_touch_wrapper\"><ul><li class=\"address\"><span class=\"icon\"><i class=\"icon-location\"><\/i><\/span><span class=\"address_wrapper\">Digite o seu Link do Pinterest aqui<\/span><\/li><\/ul><\/div><\/div><\/div><div class=\"google-map\" id=\"google-map-area-69d561d69ebd5\" style=\"width:100%; height:450px;\">&nbsp;<\/div><\/div>\n[\/vc_column][\/vc_row]<\/p>\n","protected":false},"excerpt":{"rendered":"<p>[vc_row css=\u00bb.vc_custom_1437688211881{margin-top: 50px !important;margin-bottom: 100px !important;}\u00bb][vc_column width=\u00bb1\/3&#8243;][vc_column_text] Ubicaci\u00f3n Rua das Cavadas 85 Folgosa 4425-710MAIA Portugal GPS \u2013 N 41\u00ba 14`23\u201c \u2013 W 08\u00ba 32`52\u201c [\/vc_column_text][\/vc_column][vc_column width=\u00bb1\/3&#8243;][vc_column_text]<span class=\"excerpt-hellip\"> [\u2026]<\/span><\/p>\n","protected":false},"author":2,"featured_media":0,"parent":3415,"menu_order":0,"comment_status":"closed","ping_status":"closed","template":"","meta":[],"yoast_head":"<!-- This site is optimized with the Yoast SEO plugin v18.0 - https:\/\/yoast.com\/wordpress\/plugins\/seo\/ -->\n<title>Ubicaci\u00f3n - SERISTYLU<\/title>\n<meta name=\"robots\" content=\"index, follow, max-snippet:-1, max-image-preview:large, max-video-preview:-1\" \/>\n<link rel=\"canonical\" href=\"https:\/\/seristylu.com\/es\/contactos\/ubicacion\/\" \/>\n<meta property=\"og:locale\" content=\"es_ES\" \/>\n<meta property=\"og:type\" content=\"article\" \/>\n<meta property=\"og:title\" content=\"Ubicaci\u00f3n - SERISTYLU\" \/>\n<meta property=\"og:description\" content=\"[vc_row css=\u00bb.vc_custom_1437688211881{margin-top: 50px !important;margin-bottom: 100px !important;}\u00bb][vc_column width=\u00bb1\/3&#8243;][vc_column_text] Ubicaci\u00f3n Rua das Cavadas 85 Folgosa 4425-710MAIA Portugal GPS \u2013 N 41\u00ba 14`23\u201c \u2013 W 08\u00ba 32`52\u201c [\/vc_column_text][\/vc_column][vc_column width=\u00bb1\/3&#8243;][vc_column_text] [\u2026]\" \/>\n<meta property=\"og:url\" content=\"https:\/\/seristylu.com\/es\/contactos\/ubicacion\/\" \/>\n<meta property=\"og:site_name\" content=\"SERISTYLU\" \/>\n<meta property=\"article:modified_time\" content=\"2020-10-20T12:48:01+00:00\" \/>\n<meta name=\"twitter:card\" content=\"summary\" \/>\n<meta name=\"twitter:label1\" content=\"Tiempo de lectura\" \/>\n\t<meta name=\"twitter:data1\" content=\"1 minuto\" \/>\n<script type=\"application\/ld+json\" class=\"yoast-schema-graph\">{\"@context\":\"https:\/\/schema.org\",\"@graph\":[{\"@type\":\"WebSite\",\"@id\":\"https:\/\/seristylu.com\/#website\",\"url\":\"https:\/\/seristylu.com\/\",\"name\":\"SERISTYLU\",\"description\":\"A Seristylu \u00e9 uma empresa industrial que se dedica a conceber produtos para a instala\u00e7\u00e3o de equipamentos audiovisuais com modelos standard em gamas Dom\u00e9stica e Profissional.\",\"potentialAction\":[{\"@type\":\"SearchAction\",\"target\":{\"@type\":\"EntryPoint\",\"urlTemplate\":\"https:\/\/seristylu.com\/?s={search_term_string}\"},\"query-input\":\"required name=search_term_string\"}],\"inLanguage\":\"es\"},{\"@type\":\"WebPage\",\"@id\":\"https:\/\/seristylu.com\/es\/contactos\/ubicacion\/#webpage\",\"url\":\"https:\/\/seristylu.com\/es\/contactos\/ubicacion\/\",\"name\":\"Ubicaci\u00f3n - SERISTYLU\",\"isPartOf\":{\"@id\":\"https:\/\/seristylu.com\/#website\"},\"datePublished\":\"2015-10-06T14:27:14+00:00\",\"dateModified\":\"2020-10-20T12:48:01+00:00\",\"breadcrumb\":{\"@id\":\"https:\/\/seristylu.com\/es\/contactos\/ubicacion\/#breadcrumb\"},\"inLanguage\":\"es\",\"potentialAction\":[{\"@type\":\"ReadAction\",\"target\":[\"https:\/\/seristylu.com\/es\/contactos\/ubicacion\/\"]}]},{\"@type\":\"BreadcrumbList\",\"@id\":\"https:\/\/seristylu.com\/es\/contactos\/ubicacion\/#breadcrumb\",\"itemListElement\":[{\"@type\":\"ListItem\",\"position\":1,\"name\":\"In\u00edcio\",\"item\":\"https:\/\/seristylu.com\/es\/\"},{\"@type\":\"ListItem\",\"position\":2,\"name\":\"Contactos\",\"item\":\"https:\/\/seristylu.com\/es\/contactos\/\"},{\"@type\":\"ListItem\",\"position\":3,\"name\":\"Ubicaci\u00f3n\"}]}]}<\/script>\n<!-- \/ Yoast SEO plugin. -->","yoast_head_json":{"title":"Ubicaci\u00f3n - SERISTYLU","robots":{"index":"index","follow":"follow","max-snippet":"max-snippet:-1","max-image-preview":"max-image-preview:large","max-video-preview":"max-video-preview:-1"},"canonical":"https:\/\/seristylu.com\/es\/contactos\/ubicacion\/","og_locale":"es_ES","og_type":"article","og_title":"Ubicaci\u00f3n - SERISTYLU","og_description":"[vc_row css=\u00bb.vc_custom_1437688211881{margin-top: 50px !important;margin-bottom: 100px !important;}\u00bb][vc_column width=\u00bb1\/3&#8243;][vc_column_text] Ubicaci\u00f3n Rua das Cavadas 85 Folgosa 4425-710MAIA Portugal GPS \u2013 N 41\u00ba 14`23\u201c \u2013 W 08\u00ba 32`52\u201c [\/vc_column_text][\/vc_column][vc_column width=\u00bb1\/3&#8243;][vc_column_text] [\u2026]","og_url":"https:\/\/seristylu.com\/es\/contactos\/ubicacion\/","og_site_name":"SERISTYLU","article_modified_time":"2020-10-20T12:48:01+00:00","twitter_card":"summary","twitter_misc":{"Tiempo de lectura":"1 minuto"},"schema":{"@context":"https:\/\/schema.org","@graph":[{"@type":"WebSite","@id":"https:\/\/seristylu.com\/#website","url":"https:\/\/seristylu.com\/","name":"SERISTYLU","description":"A Seristylu \u00e9 uma empresa industrial que se dedica a conceber produtos para a instala\u00e7\u00e3o de equipamentos audiovisuais com modelos standard em gamas Dom\u00e9stica e Profissional.","potentialAction":[{"@type":"SearchAction","target":{"@type":"EntryPoint","urlTemplate":"https:\/\/seristylu.com\/?s={search_term_string}"},"query-input":"required name=search_term_string"}],"inLanguage":"es"},{"@type":"WebPage","@id":"https:\/\/seristylu.com\/es\/contactos\/ubicacion\/#webpage","url":"https:\/\/seristylu.com\/es\/contactos\/ubicacion\/","name":"Ubicaci\u00f3n - SERISTYLU","isPartOf":{"@id":"https:\/\/seristylu.com\/#website"},"datePublished":"2015-10-06T14:27:14+00:00","dateModified":"2020-10-20T12:48:01+00:00","breadcrumb":{"@id":"https:\/\/seristylu.com\/es\/contactos\/ubicacion\/#breadcrumb"},"inLanguage":"es","potentialAction":[{"@type":"ReadAction","target":["https:\/\/seristylu.com\/es\/contactos\/ubicacion\/"]}]},{"@type":"BreadcrumbList","@id":"https:\/\/seristylu.com\/es\/contactos\/ubicacion\/#breadcrumb","itemListElement":[{"@type":"ListItem","position":1,"name":"In\u00edcio","item":"https:\/\/seristylu.com\/es\/"},{"@type":"ListItem","position":2,"name":"Contactos","item":"https:\/\/seristylu.com\/es\/contactos\/"},{"@type":"ListItem","position":3,"name":"Ubicaci\u00f3n"}]}]}},"_links":{"self":[{"href":"https:\/\/seristylu.com\/es\/wp-json\/wp\/v2\/pages\/3458"}],"collection":[{"href":"https:\/\/seristylu.com\/es\/wp-json\/wp\/v2\/pages"}],"about":[{"href":"https:\/\/seristylu.com\/es\/wp-json\/wp\/v2\/types\/page"}],"author":[{"embeddable":true,"href":"https:\/\/seristylu.com\/es\/wp-json\/wp\/v2\/users\/2"}],"replies":[{"embeddable":true,"href":"https:\/\/seristylu.com\/es\/wp-json\/wp\/v2\/comments?post=3458"}],"version-history":[{"count":2,"href":"https:\/\/seristylu.com\/es\/wp-json\/wp\/v2\/pages\/3458\/revisions"}],"predecessor-version":[{"id":7873,"href":"https:\/\/seristylu.com\/es\/wp-json\/wp\/v2\/pages\/3458\/revisions\/7873"}],"up":[{"embeddable":true,"href":"https:\/\/seristylu.com\/es\/wp-json\/wp\/v2\/pages\/3415"}],"wp:attachment":[{"href":"https:\/\/seristylu.com\/es\/wp-json\/wp\/v2\/media?parent=3458"}],"curies":[{"name":"wp","href":"https:\/\/api.w.org\/{rel}","templated":true}]}}