{"id":3428,"date":"2015-10-06T14:36:48","date_gmt":"2015-10-06T14:36:48","guid":{"rendered":"http:\/\/www.seristylu.pt\/es\/catalogo\/profesional\/totem\/"},"modified":"2016-03-23T13:53:16","modified_gmt":"2016-03-23T13:53:16","slug":"totem","status":"publish","type":"page","link":"https:\/\/seristylu.com\/es\/catalogo\/profissional\/totem\/","title":{"rendered":"Totem"},"content":{"rendered":"","protected":false},"excerpt":{"rendered":"","protected":false},"author":2,"featured_media":5236,"parent":3401,"menu_order":0,"comment_status":"closed","ping_status":"closed","template":"","meta":[],"yoast_head":"<!-- This site is optimized with the Yoast SEO plugin v18.0 - https:\/\/yoast.com\/wordpress\/plugins\/seo\/ -->\n<title>Totem - SERISTYLU<\/title>\n<meta name=\"robots\" content=\"index, follow, max-snippet:-1, max-image-preview:large, max-video-preview:-1\" \/>\n<link rel=\"canonical\" href=\"https:\/\/seristylu.com\/es\/catalogo\/profissional\/totem\/\" \/>\n<meta property=\"og:locale\" content=\"es_ES\" \/>\n<meta property=\"og:type\" content=\"article\" \/>\n<meta property=\"og:title\" content=\"Totem - SERISTYLU\" \/>\n<meta property=\"og:url\" content=\"https:\/\/seristylu.com\/es\/catalogo\/profissional\/totem\/\" \/>\n<meta property=\"og:site_name\" content=\"SERISTYLU\" \/>\n<meta property=\"article:modified_time\" content=\"2016-03-23T13:53:16+00:00\" \/>\n<meta property=\"og:image\" content=\"https:\/\/seristylu.com\/wp-content\/uploads\/2016\/03\/Imagem2-2.jpg\" \/>\n\t<meta property=\"og:image:width\" content=\"772\" \/>\n\t<meta property=\"og:image:height\" content=\"824\" \/>\n\t<meta property=\"og:image:type\" content=\"image\/jpeg\" \/>\n<meta name=\"twitter:card\" content=\"summary\" \/>\n<script type=\"application\/ld+json\" class=\"yoast-schema-graph\">{\"@context\":\"https:\/\/schema.org\",\"@graph\":[{\"@type\":\"WebSite\",\"@id\":\"https:\/\/seristylu.com\/#website\",\"url\":\"https:\/\/seristylu.com\/\",\"name\":\"SERISTYLU\",\"description\":\"A Seristylu \u00e9 uma empresa industrial que se dedica a conceber produtos para a instala\u00e7\u00e3o de equipamentos audiovisuais com modelos standard em gamas Dom\u00e9stica e Profissional.\",\"potentialAction\":[{\"@type\":\"SearchAction\",\"target\":{\"@type\":\"EntryPoint\",\"urlTemplate\":\"https:\/\/seristylu.com\/?s={search_term_string}\"},\"query-input\":\"required name=search_term_string\"}],\"inLanguage\":\"es\"},{\"@type\":\"ImageObject\",\"@id\":\"https:\/\/seristylu.com\/es\/catalogo\/profissional\/totem\/#primaryimage\",\"inLanguage\":\"es\",\"url\":\"https:\/\/seristylu.com\/wp-content\/uploads\/2016\/03\/Imagem2-2.jpg\",\"contentUrl\":\"https:\/\/seristylu.com\/wp-content\/uploads\/2016\/03\/Imagem2-2.jpg\",\"width\":772,\"height\":824},{\"@type\":\"WebPage\",\"@id\":\"https:\/\/seristylu.com\/es\/catalogo\/profissional\/totem\/#webpage\",\"url\":\"https:\/\/seristylu.com\/es\/catalogo\/profissional\/totem\/\",\"name\":\"Totem - SERISTYLU\",\"isPartOf\":{\"@id\":\"https:\/\/seristylu.com\/#website\"},\"primaryImageOfPage\":{\"@id\":\"https:\/\/seristylu.com\/es\/catalogo\/profissional\/totem\/#primaryimage\"},\"datePublished\":\"2015-10-06T14:36:48+00:00\",\"dateModified\":\"2016-03-23T13:53:16+00:00\",\"breadcrumb\":{\"@id\":\"https:\/\/seristylu.com\/es\/catalogo\/profissional\/totem\/#breadcrumb\"},\"inLanguage\":\"es\",\"potentialAction\":[{\"@type\":\"ReadAction\",\"target\":[\"https:\/\/seristylu.com\/es\/catalogo\/profissional\/totem\/\"]}]},{\"@type\":\"BreadcrumbList\",\"@id\":\"https:\/\/seristylu.com\/es\/catalogo\/profissional\/totem\/#breadcrumb\",\"itemListElement\":[{\"@type\":\"ListItem\",\"position\":1,\"name\":\"In\u00edcio\",\"item\":\"https:\/\/seristylu.com\/es\/\"},{\"@type\":\"ListItem\",\"position\":2,\"name\":\"Cat\u00e1logo\",\"item\":\"https:\/\/seristylu.com\/es\/catalogo\/\"},{\"@type\":\"ListItem\",\"position\":3,\"name\":\"Profissional\",\"item\":\"https:\/\/seristylu.com\/es\/catalogo\/profissional\/\"},{\"@type\":\"ListItem\",\"position\":4,\"name\":\"Totem\"}]}]}<\/script>\n<!-- \/ Yoast SEO plugin. -->","yoast_head_json":{"title":"Totem - SERISTYLU","robots":{"index":"index","follow":"follow","max-snippet":"max-snippet:-1","max-image-preview":"max-image-preview:large","max-video-preview":"max-video-preview:-1"},"canonical":"https:\/\/seristylu.com\/es\/catalogo\/profissional\/totem\/","og_locale":"es_ES","og_type":"article","og_title":"Totem - SERISTYLU","og_url":"https:\/\/seristylu.com\/es\/catalogo\/profissional\/totem\/","og_site_name":"SERISTYLU","article_modified_time":"2016-03-23T13:53:16+00:00","og_image":[{"width":772,"height":824,"url":"https:\/\/seristylu.com\/wp-content\/uploads\/2016\/03\/Imagem2-2.jpg","type":"image\/jpeg"}],"twitter_card":"summary","schema":{"@context":"https:\/\/schema.org","@graph":[{"@type":"WebSite","@id":"https:\/\/seristylu.com\/#website","url":"https:\/\/seristylu.com\/","name":"SERISTYLU","description":"A Seristylu \u00e9 uma empresa industrial que se dedica a conceber produtos para a instala\u00e7\u00e3o de equipamentos audiovisuais com modelos standard em gamas Dom\u00e9stica e Profissional.","potentialAction":[{"@type":"SearchAction","target":{"@type":"EntryPoint","urlTemplate":"https:\/\/seristylu.com\/?s={search_term_string}"},"query-input":"required name=search_term_string"}],"inLanguage":"es"},{"@type":"ImageObject","@id":"https:\/\/seristylu.com\/es\/catalogo\/profissional\/totem\/#primaryimage","inLanguage":"es","url":"https:\/\/seristylu.com\/wp-content\/uploads\/2016\/03\/Imagem2-2.jpg","contentUrl":"https:\/\/seristylu.com\/wp-content\/uploads\/2016\/03\/Imagem2-2.jpg","width":772,"height":824},{"@type":"WebPage","@id":"https:\/\/seristylu.com\/es\/catalogo\/profissional\/totem\/#webpage","url":"https:\/\/seristylu.com\/es\/catalogo\/profissional\/totem\/","name":"Totem - SERISTYLU","isPartOf":{"@id":"https:\/\/seristylu.com\/#website"},"primaryImageOfPage":{"@id":"https:\/\/seristylu.com\/es\/catalogo\/profissional\/totem\/#primaryimage"},"datePublished":"2015-10-06T14:36:48+00:00","dateModified":"2016-03-23T13:53:16+00:00","breadcrumb":{"@id":"https:\/\/seristylu.com\/es\/catalogo\/profissional\/totem\/#breadcrumb"},"inLanguage":"es","potentialAction":[{"@type":"ReadAction","target":["https:\/\/seristylu.com\/es\/catalogo\/profissional\/totem\/"]}]},{"@type":"BreadcrumbList","@id":"https:\/\/seristylu.com\/es\/catalogo\/profissional\/totem\/#breadcrumb","itemListElement":[{"@type":"ListItem","position":1,"name":"In\u00edcio","item":"https:\/\/seristylu.com\/es\/"},{"@type":"ListItem","position":2,"name":"Cat\u00e1logo","item":"https:\/\/seristylu.com\/es\/catalogo\/"},{"@type":"ListItem","position":3,"name":"Profissional","item":"https:\/\/seristylu.com\/es\/catalogo\/profissional\/"},{"@type":"ListItem","position":4,"name":"Totem"}]}]}},"_links":{"self":[{"href":"https:\/\/seristylu.com\/es\/wp-json\/wp\/v2\/pages\/3428"}],"collection":[{"href":"https:\/\/seristylu.com\/es\/wp-json\/wp\/v2\/pages"}],"about":[{"href":"https:\/\/seristylu.com\/es\/wp-json\/wp\/v2\/types\/page"}],"author":[{"embeddable":true,"href":"https:\/\/seristylu.com\/es\/wp-json\/wp\/v2\/users\/2"}],"replies":[{"embeddable":true,"href":"https:\/\/seristylu.com\/es\/wp-json\/wp\/v2\/comments?post=3428"}],"version-history":[{"count":0,"href":"https:\/\/seristylu.com\/es\/wp-json\/wp\/v2\/pages\/3428\/revisions"}],"up":[{"embeddable":true,"href":"https:\/\/seristylu.com\/es\/wp-json\/wp\/v2\/pages\/3401"}],"wp:featuredmedia":[{"embeddable":true,"href":"https:\/\/seristylu.com\/es\/wp-json\/wp\/v2\/media\/5236"}],"wp:attachment":[{"href":"https:\/\/seristylu.com\/es\/wp-json\/wp\/v2\/media?parent=3428"}],"curies":[{"name":"wp","href":"https:\/\/api.w.org\/{rel}","templated":true}]}}