{"id":3422,"date":"2015-07-17T21:57:15","date_gmt":"2015-07-17T21:57:15","guid":{"rendered":"http:\/\/www.seristylu.pt\/es\/empresa\/"},"modified":"2024-12-12T15:17:43","modified_gmt":"2024-12-12T15:17:43","slug":"empresa","status":"publish","type":"page","link":"https:\/\/seristylu.com\/es\/empresa\/","title":{"rendered":"Empresa"},"content":{"rendered":"","protected":false},"excerpt":{"rendered":"","protected":false},"author":2,"featured_media":0,"parent":0,"menu_order":0,"comment_status":"closed","ping_status":"open","template":"","meta":[],"yoast_head":"<!-- This site is optimized with the Yoast SEO plugin v18.0 - https:\/\/yoast.com\/wordpress\/plugins\/seo\/ -->\n<title>Empresa - SERISTYLU<\/title>\n<meta name=\"robots\" content=\"index, follow, max-snippet:-1, max-image-preview:large, max-video-preview:-1\" \/>\n<link rel=\"canonical\" href=\"https:\/\/seristylu.com\/es\/empresa\/\" \/>\n<meta property=\"og:locale\" content=\"es_ES\" \/>\n<meta property=\"og:type\" content=\"article\" \/>\n<meta property=\"og:title\" content=\"Empresa - SERISTYLU\" \/>\n<meta property=\"og:url\" content=\"https:\/\/seristylu.com\/es\/empresa\/\" \/>\n<meta property=\"og:site_name\" content=\"SERISTYLU\" \/>\n<meta property=\"article:modified_time\" content=\"2024-12-12T15:17:43+00:00\" \/>\n<meta name=\"twitter:card\" content=\"summary\" \/>\n<script type=\"application\/ld+json\" class=\"yoast-schema-graph\">{\"@context\":\"https:\/\/schema.org\",\"@graph\":[{\"@type\":\"WebSite\",\"@id\":\"https:\/\/seristylu.com\/#website\",\"url\":\"https:\/\/seristylu.com\/\",\"name\":\"SERISTYLU\",\"description\":\"A Seristylu \u00e9 uma empresa industrial que se dedica a conceber produtos para a instala\u00e7\u00e3o de equipamentos audiovisuais com modelos standard em gamas Dom\u00e9stica e Profissional.\",\"potentialAction\":[{\"@type\":\"SearchAction\",\"target\":{\"@type\":\"EntryPoint\",\"urlTemplate\":\"https:\/\/seristylu.com\/?s={search_term_string}\"},\"query-input\":\"required name=search_term_string\"}],\"inLanguage\":\"es\"},{\"@type\":\"WebPage\",\"@id\":\"https:\/\/seristylu.com\/es\/empresa\/#webpage\",\"url\":\"https:\/\/seristylu.com\/es\/empresa\/\",\"name\":\"Empresa - SERISTYLU\",\"isPartOf\":{\"@id\":\"https:\/\/seristylu.com\/#website\"},\"datePublished\":\"2015-07-17T21:57:15+00:00\",\"dateModified\":\"2024-12-12T15:17:43+00:00\",\"breadcrumb\":{\"@id\":\"https:\/\/seristylu.com\/es\/empresa\/#breadcrumb\"},\"inLanguage\":\"es\",\"potentialAction\":[{\"@type\":\"ReadAction\",\"target\":[\"https:\/\/seristylu.com\/es\/empresa\/\"]}]},{\"@type\":\"BreadcrumbList\",\"@id\":\"https:\/\/seristylu.com\/es\/empresa\/#breadcrumb\",\"itemListElement\":[{\"@type\":\"ListItem\",\"position\":1,\"name\":\"In\u00edcio\",\"item\":\"https:\/\/seristylu.com\/es\/\"},{\"@type\":\"ListItem\",\"position\":2,\"name\":\"Empresa\"}]}]}<\/script>\n<!-- \/ Yoast SEO plugin. -->","yoast_head_json":{"title":"Empresa - SERISTYLU","robots":{"index":"index","follow":"follow","max-snippet":"max-snippet:-1","max-image-preview":"max-image-preview:large","max-video-preview":"max-video-preview:-1"},"canonical":"https:\/\/seristylu.com\/es\/empresa\/","og_locale":"es_ES","og_type":"article","og_title":"Empresa - SERISTYLU","og_url":"https:\/\/seristylu.com\/es\/empresa\/","og_site_name":"SERISTYLU","article_modified_time":"2024-12-12T15:17:43+00:00","twitter_card":"summary","schema":{"@context":"https:\/\/schema.org","@graph":[{"@type":"WebSite","@id":"https:\/\/seristylu.com\/#website","url":"https:\/\/seristylu.com\/","name":"SERISTYLU","description":"A Seristylu \u00e9 uma empresa industrial que se dedica a conceber produtos para a instala\u00e7\u00e3o de equipamentos audiovisuais com modelos standard em gamas Dom\u00e9stica e Profissional.","potentialAction":[{"@type":"SearchAction","target":{"@type":"EntryPoint","urlTemplate":"https:\/\/seristylu.com\/?s={search_term_string}"},"query-input":"required name=search_term_string"}],"inLanguage":"es"},{"@type":"WebPage","@id":"https:\/\/seristylu.com\/es\/empresa\/#webpage","url":"https:\/\/seristylu.com\/es\/empresa\/","name":"Empresa - SERISTYLU","isPartOf":{"@id":"https:\/\/seristylu.com\/#website"},"datePublished":"2015-07-17T21:57:15+00:00","dateModified":"2024-12-12T15:17:43+00:00","breadcrumb":{"@id":"https:\/\/seristylu.com\/es\/empresa\/#breadcrumb"},"inLanguage":"es","potentialAction":[{"@type":"ReadAction","target":["https:\/\/seristylu.com\/es\/empresa\/"]}]},{"@type":"BreadcrumbList","@id":"https:\/\/seristylu.com\/es\/empresa\/#breadcrumb","itemListElement":[{"@type":"ListItem","position":1,"name":"In\u00edcio","item":"https:\/\/seristylu.com\/es\/"},{"@type":"ListItem","position":2,"name":"Empresa"}]}]}},"_links":{"self":[{"href":"https:\/\/seristylu.com\/es\/wp-json\/wp\/v2\/pages\/3422"}],"collection":[{"href":"https:\/\/seristylu.com\/es\/wp-json\/wp\/v2\/pages"}],"about":[{"href":"https:\/\/seristylu.com\/es\/wp-json\/wp\/v2\/types\/page"}],"author":[{"embeddable":true,"href":"https:\/\/seristylu.com\/es\/wp-json\/wp\/v2\/users\/2"}],"replies":[{"embeddable":true,"href":"https:\/\/seristylu.com\/es\/wp-json\/wp\/v2\/comments?post=3422"}],"version-history":[{"count":1,"href":"https:\/\/seristylu.com\/es\/wp-json\/wp\/v2\/pages\/3422\/revisions"}],"predecessor-version":[{"id":7949,"href":"https:\/\/seristylu.com\/es\/wp-json\/wp\/v2\/pages\/3422\/revisions\/7949"}],"wp:attachment":[{"href":"https:\/\/seristylu.com\/es\/wp-json\/wp\/v2\/media?parent=3422"}],"curies":[{"name":"wp","href":"https:\/\/api.w.org\/{rel}","templated":true}]}}