{"id":5628,"date":"2018-09-04T12:11:05","date_gmt":"2018-09-04T11:11:05","guid":{"rendered":"http:\/\/www.seristylu.com\/en\/politica-de-privacidade\/"},"modified":"2024-12-12T15:17:45","modified_gmt":"2024-12-12T15:17:45","slug":"politica-de-privacidade","status":"publish","type":"page","link":"https:\/\/seristylu.com\/en\/politica-de-privacidade\/","title":{"rendered":"Pol\u00edtica de privacidade"},"content":{"rendered":"<p>&nbsp;<\/p>\n<h2><strong>Pol\u00edtica de Privacidade<\/strong><\/h2>\n<p>Data efetiva: setembro 25, 2018<\/p>\n<p>&nbsp;<\/p>\n<p>A SERISTYLU \u2013 Mobili\u00e1rio Decorativo, Lda (doravante \u201cSERI STYLU\u201d), com o NIF n.\u00ba 507705432, com sede na Rua Duarte Lobo 52, 4445-411 Ermesinde, estabeleceu como prioridade nas suas pol\u00edticas internas a prote\u00e7\u00e3o dos dados pessoais que trata no exerc\u00edcio da sua atividade.<\/p>\n<p>Como tal, serve a presente DECLARA\u00c7\u00c3O o prop\u00f3sito de informar o que est\u00e1 em causa quando utiliza os nossos formul\u00e1rios, a finalidade do processamento, assim como os nossos esfor\u00e7os em manter tais dados protegidos.<\/p>\n<p>Esta DECLARA\u00c7\u00c3O aplica-se ao nosso website www.seristylu.com e poder\u00e1 ser alterada a todo o tempo na medida do necess\u00e1rio \u00e0 sua atualiza\u00e7\u00e3o e corre\u00e7\u00e3o. Qualquer altera\u00e7\u00e3o ser-lhe-\u00e1 prontamente comunicada. Somos transparentes em todos os nossos processos e sentimos uma enorme responsabilidade por nos ter confiado os seus dados.<\/p>\n<p>Esta p\u00e1gina informa sobre as nossas pol\u00edticas relativas \u00e0 coleta, uso e divulga\u00e7\u00e3o de dados pessoais que utiliza no nosso Servi\u00e7o e as op\u00e7\u00f5es que associou a esses dados.<\/p>\n<p>Usamos os seus dados para fornecer e melhorar o servi\u00e7o. Ao usar o Servi\u00e7o, concorda com a coleta e uso de informa\u00e7\u00f5es de acordo com esta pol\u00edtica. A menos que definido de outra forma nesta Pol\u00edtica de Privacidade, os termos usados nesta Pol\u00edtica de Privacidade t\u00eam os mesmos significados que os nossos Termos e Condi\u00e7\u00f5es.<\/p>\n<p>&nbsp;<\/p>\n<h3><strong>Coleta de Informa\u00e7\u00f5es e Uso<\/strong><\/h3>\n<p>Coletamos v\u00e1rios tipos diferentes de informa\u00e7\u00f5es para v\u00e1rias finalidades para fornecer e melhorar o nosso Servi\u00e7o para si.<\/p>\n<p>&nbsp;<\/p>\n<h3><strong>Tipos de dados coletados<\/strong><\/h3>\n<h4><strong>Dados pessoais<\/strong><\/h4>\n<p>Ao usar nosso Servi\u00e7o, podemos solicitar que nos forne\u00e7a algumas informa\u00e7\u00f5es pessoais identific\u00e1veis que podem ser usadas para contact\u00e1-lo ou identific\u00e1-lo (\u201cDados Pessoais\u201d). Informa\u00e7\u00f5es pessoalmente identific\u00e1veis podem incluir, mas n\u00e3o est\u00e3o limitadas a:<\/p>\n<ul>\n<li>Endere\u00e7o de Email<\/li>\n<li>Primeiro nome e sobrenome<\/li>\n<li>N\u00famero de telefone<\/li>\n<li>Endere\u00e7o, C\u00f3digo Postal, Cidade<\/li>\n<li>Cookies e Dados de Uso<\/li>\n<\/ul>\n<h4><strong>Dados de uso<\/strong><\/h4>\n<p>Tamb\u00e9m podemos coletar informa\u00e7\u00f5es sobre como o Servi\u00e7o \u00e9 acessado e usado (\u201cDados de Uso\u201d). Esses Dados de Uso podem incluir informa\u00e7\u00f5es como o endere\u00e7o IP do seu computador, tipo de navegador, vers\u00e3o do navegador, as p\u00e1ginas do nosso Servi\u00e7o que voc\u00ea visita, a hora e data de sua visita, o tempo gasto nessas p\u00e1ginas identificadores de dispositivos e outros dados de diagn\u00f3stico.<\/p>\n<p><strong>Rastreamento e dados de cookies<\/strong><\/p>\n<p>Usamos cookies e tecnologias de rastreamento semelhantes para rastrear a atividade no nosso Servi\u00e7o e manter certas informa\u00e7\u00f5es.<\/p>\n<p>Cookies s\u00e3o arquivos com pequena quantidade de dados que podem incluir um identificador exclusivo an\u00f3nimo. Os cookies s\u00e3o enviados para o seu navegador a partir de um site e armazenados no seu dispositivo. As tecnologias de rastreamento tamb\u00e9m usadas s\u00e3o beacons, tags e scripts para coletar e rastrear informa\u00e7\u00f5es e para melhorar e analisar o nosso Servi\u00e7o.<\/p>\n<p>Voc\u00ea pode instruir o seu navegador para recusar todos os cookies ou para indicar quando um cookie est\u00e1 sendo enviado. No entanto, se voc\u00ea n\u00e3o aceitar cookies, talvez n\u00e3o consiga usar algumas partes do nosso Servi\u00e7o.<\/p>\n<p>Exemplos de Cookies que utilizamos:<\/p>\n<ul>\n<li><strong>Cookies de sess\u00e3o.<\/strong> Usamos cookies de sess\u00e3o para operar nosso servi\u00e7o.<\/li>\n<li><strong>Cookies preferenciais.<\/strong> Usamos cookies preferenciais para lembrar as suas prefer\u00eancias e as v\u00e1rias configura\u00e7\u00f5es.<\/li>\n<li><strong>Cookies de seguran\u00e7a.<\/strong> N\u00f3s usamos cookies de seguran\u00e7a para fins de seguran\u00e7a.<\/li>\n<\/ul>\n<p>&nbsp;<\/p>\n<h3><strong>Uso de dados<\/strong><\/h3>\n<p>A SERI STYLU, usa os dados coletados para diversos fins:<\/p>\n<ul>\n<li>Para fornecer e manter o servi\u00e7o<\/li>\n<li>Para notific\u00e1-lo sobre altera\u00e7\u00f5es no nosso servi\u00e7o<\/li>\n<li>Para permitir que participe em recursos interativos do nosso Servi\u00e7o ao optar por faz\u00ea-lo<\/li>\n<li>Para fornecer atendimento ao cliente e suporte<\/li>\n<li>Para fornecer an\u00e1lises ou informa\u00e7\u00f5es valiosas para que possamos melhorar o servi\u00e7o<\/li>\n<li>Para monitorar o uso do servi\u00e7o<\/li>\n<li>Para detetar, prevenir e resolver problemas t\u00e9cnicos<\/li>\n<\/ul>\n<p>&nbsp;<\/p>\n<h3><strong>Transfer\u00eancia de dados<\/strong><\/h3>\n<p>As suas informa\u00e7\u00f5es, incluindo Dados Pessoais, podem ser transferidas para \u2013 e mantidas em \u2013 computadores localizados fora da sua cidade, pa\u00eds ou outra jurisdi\u00e7\u00e3o governamental, onde as leis de prote\u00e7\u00e3o de dados podem ser diferentes das da sua jurisdi\u00e7\u00e3o.<\/p>\n<p>Se estiver localizado fora de Portugal e optar por fornecer informa\u00e7\u00f5es para n\u00f3s, tenha em aten\u00e7\u00e3o que transferimos os dados, incluindo Dados Pessoais, para Portugal e processamos o mesmo.<\/p>\n<p>O seu consentimento para com esta Pol\u00edtica de Privacidade, seguido pelo envio de tais informa\u00e7\u00f5es, representa a sua concord\u00e2ncia com essa transfer\u00eancia.<\/p>\n<p>A SERI STYLU tomar\u00e1 todas as medidas razoavelmente necess\u00e1rias para garantir que os seus dados sejam tratados com seguran\u00e7a e de acordo com esta Pol\u00edtica de Privacidade e nenhuma transfer\u00eancia dos seus Dados Pessoais ocorrer\u00e1 a uma organiza\u00e7\u00e3o ou pa\u00eds, a menos que haja controles adequados, incluindo a seguran\u00e7a dos seus dados e outras informa\u00e7\u00f5es pessoais.<\/p>\n<p>&nbsp;<\/p>\n<h3><strong>Divulga\u00e7\u00e3o de Dados<\/strong><\/h3>\n<h4><strong>Requerimentos legais<\/strong><\/h4>\n<p>A\u00a0SERI STYLU pode divulgar os seus Dados Pessoais na cren\u00e7a de boa f\u00e9 de que tal a\u00e7\u00e3o \u00e9 necess\u00e1ria para:<\/p>\n<ul>\n<li>Para cumprir uma obriga\u00e7\u00e3o legal<\/li>\n<li>Para proteger e defender os direitos ou propriedade da SERI STYLU<\/li>\n<li>Para evitar ou investigar poss\u00edveis irregularidades relacionadas ao Servi\u00e7o<\/li>\n<li>Para proteger a seguran\u00e7a pessoal dos utilizadores do Servi\u00e7o ou do p\u00fablico<\/li>\n<li>Para proteger contra a responsabilidade legal<\/li>\n<\/ul>\n<p>&nbsp;<\/p>\n<h3><strong>Seguran\u00e7a de dados<\/strong><\/h3>\n<p>A seguran\u00e7a dos seus dados \u00e9 importante para n\u00f3s, mas lembre-se de que nenhum m\u00e9todo de transmiss\u00e3o pela Internet ou m\u00e9todo de armazenamento eletr\u00f3nico \u00e9 100% seguro. Embora nos esforcemos para usar meios comercialmente aceit\u00e1veis para proteger os seus dados pessoais, n\u00e3o podemos garantir a sua seguran\u00e7a absoluta.<\/p>\n<p>&nbsp;<\/p>\n<h3><strong>Provedores de servi\u00e7o<\/strong><\/h3>\n<p>Podemos empregar empresas e indiv\u00edduos terceirizados para facilitar o nosso Servi\u00e7o (\u201cPrestadores de Servi\u00e7os\u201d), para fornecer o Servi\u00e7o em nosso nome, para executar servi\u00e7os relacionados ao Servi\u00e7o ou para nos auxiliar na an\u00e1lise em como o nosso Servi\u00e7o \u00e9 utilizado.<\/p>\n<p>Esses terceiros t\u00eam acesso aos seus Dados Pessoais somente para realizar essas tarefas em nosso nome e s\u00e3o obrigados a n\u00e3o os divulgar ou us\u00e1-los para qualquer outra finalidade.<\/p>\n<h4><strong>Analytics<\/strong><\/h4>\n<p>Podemos usar prestadores de servi\u00e7os terceirizados para monitorar e analisar o uso do nosso servi\u00e7o.<\/p>\n<p><strong>Google Analytics<\/strong><\/p>\n<p>O Google Analytics \u00e9 um servi\u00e7o de an\u00e1lise da web oferecido pelo Google que rastreia e relata o tr\u00e1fego do website. O Google usa os dados coletados para rastrear e monitorar o uso do nosso servi\u00e7o. Esses dados s\u00e3o compartilhados com outros servi\u00e7os do Google. O Google pode usar os dados coletados para contextualizar e personalizar os an\u00fancios de sua pr\u00f3pria rede de publicidade.<\/p>\n<p>Voc\u00ea pode desativar a disponibilidade da sua atividade no Servi\u00e7o para o Google Analytics instalando o complemento do navegador para desativa\u00e7\u00e3o do Google Analytics. O complemento impede que o JavaScript do Google Analytics (ga.js, analytics.js e dc.js) compartilhe informa\u00e7\u00f5es com o Google Analytics sobre a atividade de visitas.<\/p>\n<p>Para mais informa\u00e7\u00f5es sobre as pr\u00e1ticas de privacidade do Google, visite a p\u00e1gina da web Privacidade e Termos do Google: <u><a href=\"https:\/\/policies.google.com\/privacy?hl=en\">https:\/\/policies.google.com\/privacy?hl=en<\/a><\/u><\/p>\n<p>&nbsp;<\/p>\n<h3><strong>Links para outros sites<\/strong><\/h3>\n<p>O nosso Servi\u00e7o pode conter links para outros sites que n\u00e3o s\u00e3o operados por n\u00f3s. Se clicar num link de terceiros, ser\u00e1 direcionado para o site de terceiros. Recomendamos vivamente que reveja a Pol\u00edtica de Privacidade de todos os sites que visita.<\/p>\n<p>N\u00e3o temos controle e n\u00e3o assumimos nenhuma responsabilidade pelo conte\u00fado, pol\u00edticas de privacidade ou pr\u00e1ticas de quaisquer sites ou servi\u00e7os de terceiros.<\/p>\n<p>&nbsp;<\/p>\n<h3><strong>Privacidade das crian\u00e7as<\/strong><\/h3>\n<p>O nosso Servi\u00e7o n\u00e3o atende a menores de 18 anos.<\/p>\n<p>N\u00e3o coletamos intencionalmente informa\u00e7\u00f5es de identifica\u00e7\u00e3o pessoal de menores de 18 anos. Se \u00e9 pai \/ m\u00e3e ou respons\u00e1vel legal e est\u00e1 ciente de que os seus filhos nos forneceram dados pessoais, entre em contato connosco. Se ficarmos cientes de que coletamos dados pessoais de crian\u00e7as sem a verifica\u00e7\u00e3o do consentimento dos pais, tomamos medidas para remover essas informa\u00e7\u00f5es dos nossos servidores.<\/p>\n<p>&nbsp;<\/p>\n<h3><strong>Altera\u00e7\u00f5es a esta pol\u00edtica de privacidade<\/strong><\/h3>\n<p>Podemos atualizar a nossa Pol\u00edtica de Privacidade de tempos em tempos. Vamos notific\u00e1-lo de quaisquer altera\u00e7\u00f5es, publicando a nova Pol\u00edtica de Privacidade nesta p\u00e1gina.<\/p>\n<p>Qualquer altera\u00e7\u00e3o que entre em vigor estar\u00e1 atualizada esta mesma p\u00e1gina com a \u201cdata efetiva\u201d na parte superior desta Pol\u00edtica de Privacidade.<\/p>\n<p>Recomenda-se que voc\u00ea revise esta Pol\u00edtica de Privacidade periodicamente para quaisquer altera\u00e7\u00f5es. Altera\u00e7\u00f5es a esta Pol\u00edtica de Privacidade s\u00e3o eficazes quando s\u00e3o publicadas nesta p\u00e1gina.<\/p>\n<p>&nbsp;<\/p>\n<h3><strong>Direito de acesso e retifica\u00e7\u00e3o <\/strong><\/h3>\n<p>Sempre que entender pode <strong>aceder<\/strong> aos dados facultados aquando a subscri\u00e7\u00e3o, podendo igualmente solicitar o <strong>acesso ou a retifica\u00e7\u00e3o <\/strong>dos mesmos de outra forma que lhe seja mais conveniente, nomeadamente enviando-nos um <em>e-mail <\/em>para <a href=\"mailto:info@seristylu.com\">info@seristylu.com<\/a> Quando for o caso e sempre que lhe seja poss\u00edvel, identifique o assunto como sendo relativo a mat\u00e9ria de prote\u00e7\u00e3o de dados pessoais e, em concreto, a pretens\u00e3o (por exemplo, \u201cacesso a dados pessoais\u201d). Informa\u00e7\u00f5es adicionais poder\u00e3o ser-lhe solicitadas.<\/p>\n<p>&nbsp;<\/p>\n<h3><strong>Direito de oposi\u00e7\u00e3o ao processamento de dados<\/strong><\/h3>\n<p>O <strong>direito de oposi\u00e7\u00e3o<\/strong> est\u00e1 previsto para ocasi\u00e3o de os dados utilizados visa a salvaguarda de interesses leg\u00edtimos pr\u00f3prios nossos, de parceiros comerciais ou interesses p\u00fablicos identificados, ou entenda que a forma como tratamos a informa\u00e7\u00e3o pessoal que nos facultou n\u00e3o \u00e9 a mais indicada \u00e0 sua situa\u00e7\u00e3o particular ou que n\u00e3o serve as finalidades para as quais foram facultados.<\/p>\n<p>Ilustrando: falamos daqueles casos em que utilizamos as suas informa\u00e7\u00f5es, por exemplo, para identificarmos o tipo de cliente que temos.<\/p>\n<p>Pode exercer este direito de oposi\u00e7\u00e3o, designadamente enviando-nos um <em>e-mail<\/em>com a indica\u00e7\u00e3o, sempre que poss\u00edvel, do assunto como sendo relativo a mat\u00e9ria de prote\u00e7\u00e3o de dados pessoais e, em concreto, a pretens\u00e3o (ex. oposi\u00e7\u00e3o ao processamento de dados\u201d).<\/p>\n<p>Informa\u00e7\u00f5es adicionais poder\u00e3o ser-lhe solicitadas, assim como poder\u00e1 n\u00e3o ser nossa obriga\u00e7\u00e3o deixar de processar os seus dados se tal resultar da legisla\u00e7\u00e3o aplic\u00e1vel como acontece com aos prazos de prescri\u00e7\u00e3o ou de caducidade de cr\u00e9ditos.<\/p>\n<p>&nbsp;<\/p>\n<h3><strong>Direito de retirar o consentimento e ao apagamento<\/strong><\/h3>\n<p>Se as pol\u00edticas de privacidade que defendemos n\u00e3o forem suficientes e quiser \u201cser esquecido\u201d pelas nossas bases de dados.<\/p>\n<p>Se for uma preocupa\u00e7\u00e3o do utilizador continuarmos a utilizar os seus dados, pode <strong>solicitar o seu apagamento<\/strong> relativamente a todos ou alguns dos dados processados quando: considere (ou n\u00e3o) que os dados s\u00e3o desnecess\u00e1rios \u00e0s finalidades para as quais foram recolhidos; em caso de ter exercido o seu direito de oposi\u00e7\u00e3o; se os dados forem tratados ilicitamente ou para cumprimento de uma obriga\u00e7\u00e3o legal.<\/p>\n<p>Pode exercer este direito, nomeadamente enviando-nos um <em>e-mail<\/em>. Sempre que poss\u00edvel identifique o assunto como sendo relativo a mat\u00e9ria de prote\u00e7\u00e3o de dados pessoais e, em concreto, a pretens\u00e3o (ex. \u201capagamento de dados pessoais\u201d).<\/p>\n<p>Notamos que informa\u00e7\u00f5es adicionais poder\u00e3o ser-lhe requeridas, assim como poder\u00e1 n\u00e3o ser nossa obriga\u00e7\u00e3o apagar os seus dados se tal resultar da legisla\u00e7\u00e3o aplic\u00e1vel \u2013 desde logo, relativamente aos prazos de prescri\u00e7\u00e3o ou de caducidade de direitos.<\/p>\n<p>&nbsp;<\/p>\n<h3><strong>Tutela dos direitos do utilizador <\/strong><\/h3>\n<p>A presente DECLARA\u00c7\u00c3O visa prop\u00f3sitos essencialmente informativos, n\u00e3o invalidando que o utilizador que se sinta prejudicado nos seus direitos se socorra dos meios adequados \u00e0 sua tutela, apresentando reclama\u00e7\u00f5es \u00e0 Comiss\u00e3o Nacional de Prote\u00e7\u00e3o de Dados, recorrendo \u00e0s vias judiciais ou, ainda, falando diretamente connosco.<\/p>\n<p>&nbsp;<\/p>\n<h3><strong>Contacte-nos<\/strong><\/h3>\n<p>Se tiver alguma d\u00favida sobre esta Pol\u00edtica de Privacidade, entre em contato connosco por email: info@seristylu.com<\/p>\n","protected":false},"excerpt":{"rendered":"<p>&nbsp; Pol\u00edtica de Privacidade Data efetiva: setembro 25, 2018 &nbsp; A SERISTYLU \u2013 Mobili\u00e1rio Decorativo, Lda (doravante \u201cSERI STYLU\u201d), com o NIF n.\u00ba 507705432, com sede<span class=\"excerpt-hellip\"> [\u2026]<\/span><\/p>\n","protected":false},"author":6,"featured_media":0,"parent":0,"menu_order":0,"comment_status":"closed","ping_status":"closed","template":"","meta":[],"yoast_head":"<!-- This site is optimized with the Yoast SEO plugin v18.0 - https:\/\/yoast.com\/wordpress\/plugins\/seo\/ -->\n<title>Pol\u00edtica de privacidade - SERISTYLU<\/title>\n<meta name=\"robots\" content=\"index, follow, max-snippet:-1, max-image-preview:large, max-video-preview:-1\" \/>\n<link rel=\"canonical\" href=\"https:\/\/seristylu.com\/en\/politica-de-privacidade\/\" \/>\n<meta property=\"og:locale\" content=\"en_US\" \/>\n<meta property=\"og:type\" content=\"article\" \/>\n<meta property=\"og:title\" content=\"Pol\u00edtica de privacidade - SERISTYLU\" \/>\n<meta property=\"og:description\" content=\"&nbsp; Pol\u00edtica de Privacidade Data efetiva: setembro 25, 2018 &nbsp; A SERISTYLU \u2013 Mobili\u00e1rio Decorativo, Lda (doravante \u201cSERI STYLU\u201d), com o NIF n.\u00ba 507705432, com sede [\u2026]\" \/>\n<meta property=\"og:url\" content=\"https:\/\/seristylu.com\/en\/politica-de-privacidade\/\" \/>\n<meta property=\"og:site_name\" content=\"SERISTYLU\" \/>\n<meta property=\"article:modified_time\" content=\"2024-12-12T15:17:45+00:00\" \/>\n<meta name=\"twitter:card\" content=\"summary\" \/>\n<meta name=\"twitter:label1\" content=\"Est. reading time\" \/>\n\t<meta name=\"twitter:data1\" content=\"10 minutes\" \/>\n<script type=\"application\/ld+json\" class=\"yoast-schema-graph\">{\"@context\":\"https:\/\/schema.org\",\"@graph\":[{\"@type\":\"WebSite\",\"@id\":\"https:\/\/seristylu.com\/#website\",\"url\":\"https:\/\/seristylu.com\/\",\"name\":\"SERISTYLU\",\"description\":\"A Seristylu \u00e9 uma empresa industrial que se dedica a conceber produtos para a instala\u00e7\u00e3o de equipamentos audiovisuais com modelos standard em gamas Dom\u00e9stica e Profissional.\",\"potentialAction\":[{\"@type\":\"SearchAction\",\"target\":{\"@type\":\"EntryPoint\",\"urlTemplate\":\"https:\/\/seristylu.com\/?s={search_term_string}\"},\"query-input\":\"required name=search_term_string\"}],\"inLanguage\":\"en-US\"},{\"@type\":\"WebPage\",\"@id\":\"https:\/\/seristylu.com\/en\/politica-de-privacidade\/#webpage\",\"url\":\"https:\/\/seristylu.com\/en\/politica-de-privacidade\/\",\"name\":\"Pol\u00edtica de privacidade - SERISTYLU\",\"isPartOf\":{\"@id\":\"https:\/\/seristylu.com\/#website\"},\"datePublished\":\"2018-09-04T11:11:05+00:00\",\"dateModified\":\"2024-12-12T15:17:45+00:00\",\"breadcrumb\":{\"@id\":\"https:\/\/seristylu.com\/en\/politica-de-privacidade\/#breadcrumb\"},\"inLanguage\":\"en-US\",\"potentialAction\":[{\"@type\":\"ReadAction\",\"target\":[\"https:\/\/seristylu.com\/en\/politica-de-privacidade\/\"]}]},{\"@type\":\"BreadcrumbList\",\"@id\":\"https:\/\/seristylu.com\/en\/politica-de-privacidade\/#breadcrumb\",\"itemListElement\":[{\"@type\":\"ListItem\",\"position\":1,\"name\":\"In\u00edcio\",\"item\":\"https:\/\/seristylu.com\/en\/\"},{\"@type\":\"ListItem\",\"position\":2,\"name\":\"Pol\u00edtica de privacidade\"}]}]}<\/script>\n<!-- \/ Yoast SEO plugin. -->","yoast_head_json":{"title":"Pol\u00edtica de privacidade - SERISTYLU","robots":{"index":"index","follow":"follow","max-snippet":"max-snippet:-1","max-image-preview":"max-image-preview:large","max-video-preview":"max-video-preview:-1"},"canonical":"https:\/\/seristylu.com\/en\/politica-de-privacidade\/","og_locale":"en_US","og_type":"article","og_title":"Pol\u00edtica de privacidade - SERISTYLU","og_description":"&nbsp; Pol\u00edtica de Privacidade Data efetiva: setembro 25, 2018 &nbsp; A SERISTYLU \u2013 Mobili\u00e1rio Decorativo, Lda (doravante \u201cSERI STYLU\u201d), com o NIF n.\u00ba 507705432, com sede [\u2026]","og_url":"https:\/\/seristylu.com\/en\/politica-de-privacidade\/","og_site_name":"SERISTYLU","article_modified_time":"2024-12-12T15:17:45+00:00","twitter_card":"summary","twitter_misc":{"Est. reading time":"10 minutes"},"schema":{"@context":"https:\/\/schema.org","@graph":[{"@type":"WebSite","@id":"https:\/\/seristylu.com\/#website","url":"https:\/\/seristylu.com\/","name":"SERISTYLU","description":"A Seristylu \u00e9 uma empresa industrial que se dedica a conceber produtos para a instala\u00e7\u00e3o de equipamentos audiovisuais com modelos standard em gamas Dom\u00e9stica e Profissional.","potentialAction":[{"@type":"SearchAction","target":{"@type":"EntryPoint","urlTemplate":"https:\/\/seristylu.com\/?s={search_term_string}"},"query-input":"required name=search_term_string"}],"inLanguage":"en-US"},{"@type":"WebPage","@id":"https:\/\/seristylu.com\/en\/politica-de-privacidade\/#webpage","url":"https:\/\/seristylu.com\/en\/politica-de-privacidade\/","name":"Pol\u00edtica de privacidade - SERISTYLU","isPartOf":{"@id":"https:\/\/seristylu.com\/#website"},"datePublished":"2018-09-04T11:11:05+00:00","dateModified":"2024-12-12T15:17:45+00:00","breadcrumb":{"@id":"https:\/\/seristylu.com\/en\/politica-de-privacidade\/#breadcrumb"},"inLanguage":"en-US","potentialAction":[{"@type":"ReadAction","target":["https:\/\/seristylu.com\/en\/politica-de-privacidade\/"]}]},{"@type":"BreadcrumbList","@id":"https:\/\/seristylu.com\/en\/politica-de-privacidade\/#breadcrumb","itemListElement":[{"@type":"ListItem","position":1,"name":"In\u00edcio","item":"https:\/\/seristylu.com\/en\/"},{"@type":"ListItem","position":2,"name":"Pol\u00edtica de privacidade"}]}]}},"_links":{"self":[{"href":"https:\/\/seristylu.com\/en\/wp-json\/wp\/v2\/pages\/5628"}],"collection":[{"href":"https:\/\/seristylu.com\/en\/wp-json\/wp\/v2\/pages"}],"about":[{"href":"https:\/\/seristylu.com\/en\/wp-json\/wp\/v2\/types\/page"}],"author":[{"embeddable":true,"href":"https:\/\/seristylu.com\/en\/wp-json\/wp\/v2\/users\/6"}],"replies":[{"embeddable":true,"href":"https:\/\/seristylu.com\/en\/wp-json\/wp\/v2\/comments?post=5628"}],"version-history":[{"count":1,"href":"https:\/\/seristylu.com\/en\/wp-json\/wp\/v2\/pages\/5628\/revisions"}],"predecessor-version":[{"id":7956,"href":"https:\/\/seristylu.com\/en\/wp-json\/wp\/v2\/pages\/5628\/revisions\/7956"}],"wp:attachment":[{"href":"https:\/\/seristylu.com\/en\/wp-json\/wp\/v2\/media?parent=5628"}],"curies":[{"name":"wp","href":"https:\/\/api.w.org\/{rel}","templated":true}]}}