{"id":3100,"date":"2015-10-13T16:26:11","date_gmt":"2015-10-13T16:26:11","guid":{"rendered":"http:\/\/www.seristylu.pt\/en\/?page_id=3100"},"modified":"2015-10-16T14:25:02","modified_gmt":"2015-10-16T14:25:02","slug":"floor-stands","status":"publish","type":"page","link":"https:\/\/seristylu.com\/en\/catalog\/professional\/floor-stands\/","title":{"rendered":"Floor Stands"},"content":{"rendered":"<p>[vc_row full_width=&#8221;&#8221; parallax=&#8221;&#8221; parallax_image=&#8221;&#8221; bg_type=&#8221;no_bg&#8221; parallax_style=&#8221;vcpb-default&#8221; bg_image_new=&#8221;&#8221; layer_image=&#8221;&#8221; bg_image_repeat=&#8221;repeat&#8221; bg_image_size=&#8221;cover&#8221; bg_cstm_size=&#8221;&#8221; bg_img_attach=&#8221;scroll&#8221; parallax_sense=&#8221;30&#8243; bg_image_posiiton=&#8221;&#8221; animation_direction=&#8221;left-animation&#8221; animation_repeat=&#8221;repeat&#8221; video_url=&#8221;&#8221; video_url_2=&#8221;&#8221; u_video_url=&#8221;&#8221; video_opts=&#8221;&#8221; video_poster=&#8221;&#8221; u_start_time=&#8221;&#8221; u_stop_time=&#8221;&#8221; viewport_vdo=&#8221;&#8221; enable_controls=&#8221;&#8221; bg_override=&#8221;0&#8243; disable_on_mobile_img_parallax=&#8221;&#8221; parallax_content=&#8221;&#8221; parallax_content_sense=&#8221;30&#8243; fadeout_row=&#8221;&#8221; fadeout_start_effect=&#8221;30&#8243; enable_overlay=&#8221;&#8221; overlay_color=&#8221;&#8221; overlay_pattern=&#8221;&#8221; overlay_pattern_opacity=&#8221;80&#8243; overlay_pattern_size=&#8221;&#8221; multi_color_overlay=&#8221;&#8221; multi_color_overlay_opacity=&#8221;0.6&#8243; seperator_enable=&#8221;&#8221; seperator_type=&#8221;none_seperator&#8221; seperator_position=&#8221;top_seperator&#8221; seperator_shape_size=&#8221;40&#8243; seperator_svg_height=&#8221;60&#8243; seperator_shape_background=&#8221;#fff&#8221; seperator_shape_border=&#8221;none&#8221; seperator_shape_border_color=&#8221;&#8221; seperator_shape_border_width=&#8221;1&#8243; icon_type=&#8221;no_icon&#8221; icon=&#8221;&#8221; icon_size=&#8221;32&#8243; icon_color=&#8221;&#8221; icon_style=&#8221;none&#8221; icon_color_bg=&#8221;&#8221; icon_border_style=&#8221;&#8221; icon_color_border=&#8221;#333333&#8243; icon_border_size=&#8221;1&#8243; icon_border_radius=&#8221;500&#8243; icon_border_spacing=&#8221;50&#8243; icon_img=&#8221;&#8221; img_width=&#8221;48&#8243; ult_hide_row=&#8221;&#8221; ult_hide_row_large_screen=&#8221;&#8221; ult_hide_row_desktop=&#8221;&#8221; ult_hide_row_tablet=&#8221;&#8221; ult_hide_row_tablet_small=&#8221;&#8221; ult_hide_row_mobile=&#8221;&#8221; ult_hide_row_mobile_large=&#8221;&#8221;][vc_column width=&#8221;1\/1&#8243;][vc_column_text][\/vc_column_text][\/vc_column][\/vc_row]<\/p>\n","protected":false},"excerpt":{"rendered":"<p>[vc_row full_width=&#8221;&#8221; parallax=&#8221;&#8221; parallax_image=&#8221;&#8221; bg_type=&#8221;no_bg&#8221; parallax_style=&#8221;vcpb-default&#8221; bg_image_new=&#8221;&#8221; layer_image=&#8221;&#8221; bg_image_repeat=&#8221;repeat&#8221; bg_image_size=&#8221;cover&#8221; bg_cstm_size=&#8221;&#8221; bg_img_attach=&#8221;scroll&#8221; parallax_sense=&#8221;30&#8243; bg_image_posiiton=&#8221;&#8221; animation_direction=&#8221;left-animation&#8221; animation_repeat=&#8221;repeat&#8221; video_url=&#8221;&#8221; video_url_2=&#8221;&#8221; u_video_url=&#8221;&#8221; video_opts=&#8221;&#8221; video_poster=&#8221;&#8221; u_start_time=&#8221;&#8221; u_stop_time=&#8221;&#8221; viewport_vdo=&#8221;&#8221; enable_controls=&#8221;&#8221; bg_override=&#8221;0&#8243;<span class=\"excerpt-hellip\"> [\u2026]<\/span><\/p>\n","protected":false},"author":2,"featured_media":3106,"parent":2999,"menu_order":0,"comment_status":"closed","ping_status":"closed","template":"","meta":[],"yoast_head":"<!-- This site is optimized with the Yoast SEO plugin v18.0 - https:\/\/yoast.com\/wordpress\/plugins\/seo\/ -->\n<title>Floor Stands - SERISTYLU<\/title>\n<meta name=\"robots\" content=\"index, follow, max-snippet:-1, max-image-preview:large, max-video-preview:-1\" \/>\n<link rel=\"canonical\" href=\"https:\/\/seristylu.com\/en\/catalog\/professional\/floor-stands\/\" \/>\n<meta property=\"og:locale\" content=\"en_US\" \/>\n<meta property=\"og:type\" content=\"article\" \/>\n<meta property=\"og:title\" content=\"Floor Stands - SERISTYLU\" \/>\n<meta property=\"og:description\" content=\"[vc_row full_width=&#8221;&#8221; parallax=&#8221;&#8221; parallax_image=&#8221;&#8221; bg_type=&#8221;no_bg&#8221; parallax_style=&#8221;vcpb-default&#8221; bg_image_new=&#8221;&#8221; layer_image=&#8221;&#8221; bg_image_repeat=&#8221;repeat&#8221; bg_image_size=&#8221;cover&#8221; bg_cstm_size=&#8221;&#8221; bg_img_attach=&#8221;scroll&#8221; parallax_sense=&#8221;30&#8243; bg_image_posiiton=&#8221;&#8221; animation_direction=&#8221;left-animation&#8221; animation_repeat=&#8221;repeat&#8221; video_url=&#8221;&#8221; video_url_2=&#8221;&#8221; u_video_url=&#8221;&#8221; video_opts=&#8221;&#8221; video_poster=&#8221;&#8221; u_start_time=&#8221;&#8221; u_stop_time=&#8221;&#8221; viewport_vdo=&#8221;&#8221; enable_controls=&#8221;&#8221; bg_override=&#8221;0&#8243; [\u2026]\" \/>\n<meta property=\"og:url\" content=\"https:\/\/seristylu.com\/en\/catalog\/professional\/floor-stands\/\" \/>\n<meta property=\"og:site_name\" content=\"SERISTYLU\" \/>\n<meta property=\"article:modified_time\" content=\"2015-10-16T14:25:02+00:00\" \/>\n<meta property=\"og:image\" content=\"https:\/\/seristylu.com\/wp-content\/uploads\/2015\/07\/SP-PRO-C2-I2_d.jpg\" \/>\n\t<meta property=\"og:image:width\" content=\"800\" \/>\n\t<meta property=\"og:image:height\" content=\"800\" \/>\n\t<meta property=\"og:image:type\" content=\"image\/jpeg\" \/>\n<meta name=\"twitter:card\" content=\"summary\" \/>\n<meta name=\"twitter:label1\" content=\"Est. reading time\" \/>\n\t<meta name=\"twitter:data1\" content=\"1 minute\" \/>\n<script type=\"application\/ld+json\" class=\"yoast-schema-graph\">{\"@context\":\"https:\/\/schema.org\",\"@graph\":[{\"@type\":\"WebSite\",\"@id\":\"https:\/\/seristylu.com\/#website\",\"url\":\"https:\/\/seristylu.com\/\",\"name\":\"SERISTYLU\",\"description\":\"A Seristylu \u00e9 uma empresa industrial que se dedica a conceber produtos para a instala\u00e7\u00e3o de equipamentos audiovisuais com modelos standard em gamas Dom\u00e9stica e Profissional.\",\"potentialAction\":[{\"@type\":\"SearchAction\",\"target\":{\"@type\":\"EntryPoint\",\"urlTemplate\":\"https:\/\/seristylu.com\/?s={search_term_string}\"},\"query-input\":\"required name=search_term_string\"}],\"inLanguage\":\"en-US\"},{\"@type\":\"ImageObject\",\"@id\":\"https:\/\/seristylu.com\/en\/catalog\/professional\/floor-stands\/#primaryimage\",\"inLanguage\":\"en-US\",\"url\":\"https:\/\/seristylu.com\/wp-content\/uploads\/2015\/07\/SP-PRO-C2-I2_d.jpg\",\"contentUrl\":\"https:\/\/seristylu.com\/wp-content\/uploads\/2015\/07\/SP-PRO-C2-I2_d.jpg\",\"width\":800,\"height\":800},{\"@type\":\"WebPage\",\"@id\":\"https:\/\/seristylu.com\/en\/catalog\/professional\/floor-stands\/#webpage\",\"url\":\"https:\/\/seristylu.com\/en\/catalog\/professional\/floor-stands\/\",\"name\":\"Floor Stands - SERISTYLU\",\"isPartOf\":{\"@id\":\"https:\/\/seristylu.com\/#website\"},\"primaryImageOfPage\":{\"@id\":\"https:\/\/seristylu.com\/en\/catalog\/professional\/floor-stands\/#primaryimage\"},\"datePublished\":\"2015-10-13T16:26:11+00:00\",\"dateModified\":\"2015-10-16T14:25:02+00:00\",\"breadcrumb\":{\"@id\":\"https:\/\/seristylu.com\/en\/catalog\/professional\/floor-stands\/#breadcrumb\"},\"inLanguage\":\"en-US\",\"potentialAction\":[{\"@type\":\"ReadAction\",\"target\":[\"https:\/\/seristylu.com\/en\/catalog\/professional\/floor-stands\/\"]}]},{\"@type\":\"BreadcrumbList\",\"@id\":\"https:\/\/seristylu.com\/en\/catalog\/professional\/floor-stands\/#breadcrumb\",\"itemListElement\":[{\"@type\":\"ListItem\",\"position\":1,\"name\":\"In\u00edcio\",\"item\":\"https:\/\/seristylu.com\/en\/\"},{\"@type\":\"ListItem\",\"position\":2,\"name\":\"Catalog\",\"item\":\"https:\/\/seristylu.com\/en\/catalog\/\"},{\"@type\":\"ListItem\",\"position\":3,\"name\":\"Professional\",\"item\":\"https:\/\/seristylu.com\/en\/catalog\/professional\/\"},{\"@type\":\"ListItem\",\"position\":4,\"name\":\"Floor Stands\"}]}]}<\/script>\n<!-- \/ Yoast SEO plugin. -->","yoast_head_json":{"title":"Floor Stands - SERISTYLU","robots":{"index":"index","follow":"follow","max-snippet":"max-snippet:-1","max-image-preview":"max-image-preview:large","max-video-preview":"max-video-preview:-1"},"canonical":"https:\/\/seristylu.com\/en\/catalog\/professional\/floor-stands\/","og_locale":"en_US","og_type":"article","og_title":"Floor Stands - SERISTYLU","og_description":"[vc_row full_width=&#8221;&#8221; parallax=&#8221;&#8221; parallax_image=&#8221;&#8221; bg_type=&#8221;no_bg&#8221; parallax_style=&#8221;vcpb-default&#8221; bg_image_new=&#8221;&#8221; layer_image=&#8221;&#8221; bg_image_repeat=&#8221;repeat&#8221; bg_image_size=&#8221;cover&#8221; bg_cstm_size=&#8221;&#8221; bg_img_attach=&#8221;scroll&#8221; parallax_sense=&#8221;30&#8243; bg_image_posiiton=&#8221;&#8221; animation_direction=&#8221;left-animation&#8221; animation_repeat=&#8221;repeat&#8221; video_url=&#8221;&#8221; video_url_2=&#8221;&#8221; u_video_url=&#8221;&#8221; video_opts=&#8221;&#8221; video_poster=&#8221;&#8221; u_start_time=&#8221;&#8221; u_stop_time=&#8221;&#8221; viewport_vdo=&#8221;&#8221; enable_controls=&#8221;&#8221; bg_override=&#8221;0&#8243; [\u2026]","og_url":"https:\/\/seristylu.com\/en\/catalog\/professional\/floor-stands\/","og_site_name":"SERISTYLU","article_modified_time":"2015-10-16T14:25:02+00:00","og_image":[{"width":800,"height":800,"url":"https:\/\/seristylu.com\/wp-content\/uploads\/2015\/07\/SP-PRO-C2-I2_d.jpg","type":"image\/jpeg"}],"twitter_card":"summary","twitter_misc":{"Est. reading time":"1 minute"},"schema":{"@context":"https:\/\/schema.org","@graph":[{"@type":"WebSite","@id":"https:\/\/seristylu.com\/#website","url":"https:\/\/seristylu.com\/","name":"SERISTYLU","description":"A Seristylu \u00e9 uma empresa industrial que se dedica a conceber produtos para a instala\u00e7\u00e3o de equipamentos audiovisuais com modelos standard em gamas Dom\u00e9stica e Profissional.","potentialAction":[{"@type":"SearchAction","target":{"@type":"EntryPoint","urlTemplate":"https:\/\/seristylu.com\/?s={search_term_string}"},"query-input":"required name=search_term_string"}],"inLanguage":"en-US"},{"@type":"ImageObject","@id":"https:\/\/seristylu.com\/en\/catalog\/professional\/floor-stands\/#primaryimage","inLanguage":"en-US","url":"https:\/\/seristylu.com\/wp-content\/uploads\/2015\/07\/SP-PRO-C2-I2_d.jpg","contentUrl":"https:\/\/seristylu.com\/wp-content\/uploads\/2015\/07\/SP-PRO-C2-I2_d.jpg","width":800,"height":800},{"@type":"WebPage","@id":"https:\/\/seristylu.com\/en\/catalog\/professional\/floor-stands\/#webpage","url":"https:\/\/seristylu.com\/en\/catalog\/professional\/floor-stands\/","name":"Floor Stands - SERISTYLU","isPartOf":{"@id":"https:\/\/seristylu.com\/#website"},"primaryImageOfPage":{"@id":"https:\/\/seristylu.com\/en\/catalog\/professional\/floor-stands\/#primaryimage"},"datePublished":"2015-10-13T16:26:11+00:00","dateModified":"2015-10-16T14:25:02+00:00","breadcrumb":{"@id":"https:\/\/seristylu.com\/en\/catalog\/professional\/floor-stands\/#breadcrumb"},"inLanguage":"en-US","potentialAction":[{"@type":"ReadAction","target":["https:\/\/seristylu.com\/en\/catalog\/professional\/floor-stands\/"]}]},{"@type":"BreadcrumbList","@id":"https:\/\/seristylu.com\/en\/catalog\/professional\/floor-stands\/#breadcrumb","itemListElement":[{"@type":"ListItem","position":1,"name":"In\u00edcio","item":"https:\/\/seristylu.com\/en\/"},{"@type":"ListItem","position":2,"name":"Catalog","item":"https:\/\/seristylu.com\/en\/catalog\/"},{"@type":"ListItem","position":3,"name":"Professional","item":"https:\/\/seristylu.com\/en\/catalog\/professional\/"},{"@type":"ListItem","position":4,"name":"Floor Stands"}]}]}},"_links":{"self":[{"href":"https:\/\/seristylu.com\/en\/wp-json\/wp\/v2\/pages\/3100"}],"collection":[{"href":"https:\/\/seristylu.com\/en\/wp-json\/wp\/v2\/pages"}],"about":[{"href":"https:\/\/seristylu.com\/en\/wp-json\/wp\/v2\/types\/page"}],"author":[{"embeddable":true,"href":"https:\/\/seristylu.com\/en\/wp-json\/wp\/v2\/users\/2"}],"replies":[{"embeddable":true,"href":"https:\/\/seristylu.com\/en\/wp-json\/wp\/v2\/comments?post=3100"}],"version-history":[{"count":0,"href":"https:\/\/seristylu.com\/en\/wp-json\/wp\/v2\/pages\/3100\/revisions"}],"up":[{"embeddable":true,"href":"https:\/\/seristylu.com\/en\/wp-json\/wp\/v2\/pages\/2999"}],"wp:featuredmedia":[{"embeddable":true,"href":"https:\/\/seristylu.com\/en\/wp-json\/wp\/v2\/media\/3106"}],"wp:attachment":[{"href":"https:\/\/seristylu.com\/en\/wp-json\/wp\/v2\/media?parent=3100"}],"curies":[{"name":"wp","href":"https:\/\/api.w.org\/{rel}","templated":true}]}}