{"id":3098,"date":"2015-10-13T16:15:50","date_gmt":"2015-10-13T16:15:50","guid":{"rendered":"http:\/\/www.seristylu.pt\/en\/?page_id=3098"},"modified":"2016-03-16T15:56:42","modified_gmt":"2016-03-16T15:56:42","slug":"projector-mounts","status":"publish","type":"page","link":"https:\/\/seristylu.com\/en\/catalog\/professional\/projector-mounts\/","title":{"rendered":"Projector Mounts"},"content":{"rendered":"\n","protected":false},"excerpt":{"rendered":"","protected":false},"author":2,"featured_media":4217,"parent":2999,"menu_order":0,"comment_status":"closed","ping_status":"closed","template":"","meta":[],"yoast_head":"<!-- This site is optimized with the Yoast SEO plugin v18.0 - https:\/\/yoast.com\/wordpress\/plugins\/seo\/ -->\n<title>Projector Mounts - SERISTYLU<\/title>\n<meta name=\"robots\" content=\"index, follow, max-snippet:-1, max-image-preview:large, max-video-preview:-1\" \/>\n<link rel=\"canonical\" href=\"https:\/\/seristylu.com\/en\/catalog\/professional\/projector-mounts\/\" \/>\n<meta property=\"og:locale\" content=\"en_US\" \/>\n<meta property=\"og:type\" content=\"article\" \/>\n<meta property=\"og:title\" content=\"Projector Mounts - SERISTYLU\" \/>\n<meta property=\"og:url\" content=\"https:\/\/seristylu.com\/en\/catalog\/professional\/projector-mounts\/\" \/>\n<meta property=\"og:site_name\" content=\"SERISTYLU\" \/>\n<meta property=\"article:modified_time\" content=\"2016-03-16T15:56:42+00:00\" \/>\n<meta property=\"og:image\" content=\"https:\/\/seristylu.com\/wp-content\/uploads\/2015\/07\/SPP-PJ-90EX.jpg\" \/>\n\t<meta property=\"og:image:width\" content=\"505\" \/>\n\t<meta property=\"og:image:height\" content=\"674\" \/>\n\t<meta property=\"og:image:type\" content=\"image\/jpeg\" \/>\n<meta name=\"twitter:card\" content=\"summary\" \/>\n<script type=\"application\/ld+json\" class=\"yoast-schema-graph\">{\"@context\":\"https:\/\/schema.org\",\"@graph\":[{\"@type\":\"WebSite\",\"@id\":\"https:\/\/seristylu.com\/#website\",\"url\":\"https:\/\/seristylu.com\/\",\"name\":\"SERISTYLU\",\"description\":\"A Seristylu \u00e9 uma empresa industrial que se dedica a conceber produtos para a instala\u00e7\u00e3o de equipamentos audiovisuais com modelos standard em gamas Dom\u00e9stica e Profissional.\",\"potentialAction\":[{\"@type\":\"SearchAction\",\"target\":{\"@type\":\"EntryPoint\",\"urlTemplate\":\"https:\/\/seristylu.com\/?s={search_term_string}\"},\"query-input\":\"required name=search_term_string\"}],\"inLanguage\":\"en-US\"},{\"@type\":\"ImageObject\",\"@id\":\"https:\/\/seristylu.com\/en\/catalog\/professional\/projector-mounts\/#primaryimage\",\"inLanguage\":\"en-US\",\"url\":\"https:\/\/seristylu.com\/wp-content\/uploads\/2015\/07\/SPP-PJ-90EX.jpg\",\"contentUrl\":\"https:\/\/seristylu.com\/wp-content\/uploads\/2015\/07\/SPP-PJ-90EX.jpg\",\"width\":505,\"height\":674},{\"@type\":\"WebPage\",\"@id\":\"https:\/\/seristylu.com\/en\/catalog\/professional\/projector-mounts\/#webpage\",\"url\":\"https:\/\/seristylu.com\/en\/catalog\/professional\/projector-mounts\/\",\"name\":\"Projector Mounts - SERISTYLU\",\"isPartOf\":{\"@id\":\"https:\/\/seristylu.com\/#website\"},\"primaryImageOfPage\":{\"@id\":\"https:\/\/seristylu.com\/en\/catalog\/professional\/projector-mounts\/#primaryimage\"},\"datePublished\":\"2015-10-13T16:15:50+00:00\",\"dateModified\":\"2016-03-16T15:56:42+00:00\",\"breadcrumb\":{\"@id\":\"https:\/\/seristylu.com\/en\/catalog\/professional\/projector-mounts\/#breadcrumb\"},\"inLanguage\":\"en-US\",\"potentialAction\":[{\"@type\":\"ReadAction\",\"target\":[\"https:\/\/seristylu.com\/en\/catalog\/professional\/projector-mounts\/\"]}]},{\"@type\":\"BreadcrumbList\",\"@id\":\"https:\/\/seristylu.com\/en\/catalog\/professional\/projector-mounts\/#breadcrumb\",\"itemListElement\":[{\"@type\":\"ListItem\",\"position\":1,\"name\":\"In\u00edcio\",\"item\":\"https:\/\/seristylu.com\/en\/\"},{\"@type\":\"ListItem\",\"position\":2,\"name\":\"Catalog\",\"item\":\"https:\/\/seristylu.com\/en\/catalog\/\"},{\"@type\":\"ListItem\",\"position\":3,\"name\":\"Professional\",\"item\":\"https:\/\/seristylu.com\/en\/catalog\/professional\/\"},{\"@type\":\"ListItem\",\"position\":4,\"name\":\"Projector Mounts\"}]}]}<\/script>\n<!-- \/ Yoast SEO plugin. -->","yoast_head_json":{"title":"Projector Mounts - SERISTYLU","robots":{"index":"index","follow":"follow","max-snippet":"max-snippet:-1","max-image-preview":"max-image-preview:large","max-video-preview":"max-video-preview:-1"},"canonical":"https:\/\/seristylu.com\/en\/catalog\/professional\/projector-mounts\/","og_locale":"en_US","og_type":"article","og_title":"Projector Mounts - SERISTYLU","og_url":"https:\/\/seristylu.com\/en\/catalog\/professional\/projector-mounts\/","og_site_name":"SERISTYLU","article_modified_time":"2016-03-16T15:56:42+00:00","og_image":[{"width":505,"height":674,"url":"https:\/\/seristylu.com\/wp-content\/uploads\/2015\/07\/SPP-PJ-90EX.jpg","type":"image\/jpeg"}],"twitter_card":"summary","schema":{"@context":"https:\/\/schema.org","@graph":[{"@type":"WebSite","@id":"https:\/\/seristylu.com\/#website","url":"https:\/\/seristylu.com\/","name":"SERISTYLU","description":"A Seristylu \u00e9 uma empresa industrial que se dedica a conceber produtos para a instala\u00e7\u00e3o de equipamentos audiovisuais com modelos standard em gamas Dom\u00e9stica e Profissional.","potentialAction":[{"@type":"SearchAction","target":{"@type":"EntryPoint","urlTemplate":"https:\/\/seristylu.com\/?s={search_term_string}"},"query-input":"required name=search_term_string"}],"inLanguage":"en-US"},{"@type":"ImageObject","@id":"https:\/\/seristylu.com\/en\/catalog\/professional\/projector-mounts\/#primaryimage","inLanguage":"en-US","url":"https:\/\/seristylu.com\/wp-content\/uploads\/2015\/07\/SPP-PJ-90EX.jpg","contentUrl":"https:\/\/seristylu.com\/wp-content\/uploads\/2015\/07\/SPP-PJ-90EX.jpg","width":505,"height":674},{"@type":"WebPage","@id":"https:\/\/seristylu.com\/en\/catalog\/professional\/projector-mounts\/#webpage","url":"https:\/\/seristylu.com\/en\/catalog\/professional\/projector-mounts\/","name":"Projector Mounts - SERISTYLU","isPartOf":{"@id":"https:\/\/seristylu.com\/#website"},"primaryImageOfPage":{"@id":"https:\/\/seristylu.com\/en\/catalog\/professional\/projector-mounts\/#primaryimage"},"datePublished":"2015-10-13T16:15:50+00:00","dateModified":"2016-03-16T15:56:42+00:00","breadcrumb":{"@id":"https:\/\/seristylu.com\/en\/catalog\/professional\/projector-mounts\/#breadcrumb"},"inLanguage":"en-US","potentialAction":[{"@type":"ReadAction","target":["https:\/\/seristylu.com\/en\/catalog\/professional\/projector-mounts\/"]}]},{"@type":"BreadcrumbList","@id":"https:\/\/seristylu.com\/en\/catalog\/professional\/projector-mounts\/#breadcrumb","itemListElement":[{"@type":"ListItem","position":1,"name":"In\u00edcio","item":"https:\/\/seristylu.com\/en\/"},{"@type":"ListItem","position":2,"name":"Catalog","item":"https:\/\/seristylu.com\/en\/catalog\/"},{"@type":"ListItem","position":3,"name":"Professional","item":"https:\/\/seristylu.com\/en\/catalog\/professional\/"},{"@type":"ListItem","position":4,"name":"Projector Mounts"}]}]}},"_links":{"self":[{"href":"https:\/\/seristylu.com\/en\/wp-json\/wp\/v2\/pages\/3098"}],"collection":[{"href":"https:\/\/seristylu.com\/en\/wp-json\/wp\/v2\/pages"}],"about":[{"href":"https:\/\/seristylu.com\/en\/wp-json\/wp\/v2\/types\/page"}],"author":[{"embeddable":true,"href":"https:\/\/seristylu.com\/en\/wp-json\/wp\/v2\/users\/2"}],"replies":[{"embeddable":true,"href":"https:\/\/seristylu.com\/en\/wp-json\/wp\/v2\/comments?post=3098"}],"version-history":[{"count":0,"href":"https:\/\/seristylu.com\/en\/wp-json\/wp\/v2\/pages\/3098\/revisions"}],"up":[{"embeddable":true,"href":"https:\/\/seristylu.com\/en\/wp-json\/wp\/v2\/pages\/2999"}],"wp:featuredmedia":[{"embeddable":true,"href":"https:\/\/seristylu.com\/en\/wp-json\/wp\/v2\/media\/4217"}],"wp:attachment":[{"href":"https:\/\/seristylu.com\/en\/wp-json\/wp\/v2\/media?parent=3098"}],"curies":[{"name":"wp","href":"https:\/\/api.w.org\/{rel}","templated":true}]}}