{"id":3004,"date":"2015-10-09T16:21:48","date_gmt":"2015-10-09T16:21:48","guid":{"rendered":"http:\/\/www.seristylu.pt\/en\/?page_id=3004"},"modified":"2019-01-08T12:52:10","modified_gmt":"2019-01-08T12:52:10","slug":"services","status":"publish","type":"page","link":"https:\/\/seristylu.com\/en\/services\/","title":{"rendered":"Services"},"content":{"rendered":"<p>[vc_row css=&#8221;.vc_custom_1437503759006{margin-bottom: 100px !important;padding-top: 50px !important;}&#8221;][vc_column][vc_column_text css_animation=&#8221;top-to-bottom&#8221;]<\/p>\n<h1><strong>High Technical Performance<\/strong><\/h1>\n<h3>We constantly keep in mind the expected technical requirements of a product associated to the installation of equipment of high technology in the audiovisual field.<\/h3>\n<h3>Our point: safety, effectiveness and design, to which we pay special attention in order to fulfill these purposes. That\u2019s why listening to the technicians who perform the installations in this area is crucial for us.<\/h3>\n<h3>Our clients expectation is satisfied by our good service which confirms not only the quality of our products but also the fidelity to the original conception.<\/h3>\n<p>&nbsp;<\/p>\n<hr \/>\n<h1><\/h1>\n<h1><strong>A touching style<\/strong><\/h1>\n<h3>We are very sensitive to the forms and our choices make the difference.<\/h3>\n<h3>The furniture we suggest give a touch of quality and design to decoration. The products are manufactured in brushed stainless steel and give it high robustness and security without compromising the elegance, giving the place where they are a special refinement.<\/h3>\n<h3>Prefered from abroad, our products are well-known for their quality and we are confident that they satisfy high level requirements.<\/h3>\n<p>&nbsp;<\/p>\n<hr \/>\n<h2><\/h2>\n<h2><strong>Share with us the satisfaction to serve you.<\/strong><\/h2>\n<p>[\/vc_column_text][\/vc_column][\/vc_row][vc_row parallax=&#8221;content-moving&#8221; parallax_image=&#8221;2342&#8243; el_class=&#8221;bg-parallax&#8221; css=&#8221;.vc_custom_1537798226911{margin-top: 80px !important;margin-bottom: 80px !important;}&#8221;][vc_column css=&#8221;.vc_custom_1546951822553{background-color: rgba(2,2,2,0.52) !important;*background-color: rgb(2,2,2) !important;}&#8221;][vc_column_text css=&#8221;.vc_custom_1448467992508{padding-top: 100px !important;padding-bottom: 100px !important;}&#8221; el_class=&#8221;link-call2action&#8221;]<\/p>\n<p style=\"text-align: center;\"><a href=\"http:\/\/www.seristylu.pt\/en\/catalog\/custom-solutions\/\">SOLU\u00c7\u00d5ES \u00c0 MEDIDA<\/a><\/p>\n<p>[\/vc_column_text][\/vc_column][\/vc_row][vc_row css=&#8221;.vc_custom_1440413391978{margin-bottom: 80px !important;}&#8221;][vc_column width=&#8221;1\/3&#8243;][vc_column_text]<img loading=\"lazy\" class=\"aligncenter\" src=\"https:\/\/seristylu.com\/wp-content\/themes\/seristylu\/images\/icons\/expedicao.svg\" alt=\"\" width=\"250\" height=\"250\" \/><\/p>\n<h1 style=\"text-align: center;\">EXPEDI\u00c7\u00c2O<\/h1>\n<p>[\/vc_column_text][\/vc_column][vc_column width=&#8221;1\/3&#8243;][vc_column_text]<img loading=\"lazy\" class=\"aligncenter\" src=\"https:\/\/seristylu.com\/wp-content\/themes\/seristylu\/images\/icons\/projectos.svg\" alt=\"\" width=\"250\" height=\"250\" \/><\/p>\n<h1 style=\"text-align: center;\">PROJECTOS<\/h1>\n<p>[\/vc_column_text][\/vc_column][vc_column width=&#8221;1\/3&#8243;][vc_column_text]<img loading=\"lazy\" class=\"aligncenter\" src=\"https:\/\/seristylu.com\/wp-content\/themes\/seristylu\/images\/icons\/garantia.svg\" alt=\"\" width=\"250\" height=\"250\" \/><\/p>\n<h1 style=\"text-align: center;\">GARANTIAS<\/h1>\n<p>[\/vc_column_text][\/vc_column][\/vc_row]<\/p>\n","protected":false},"excerpt":{"rendered":"<p>[vc_row css=&#8221;.vc_custom_1437503759006{margin-bottom: 100px !important;padding-top: 50px !important;}&#8221;][vc_column][vc_column_text css_animation=&#8221;top-to-bottom&#8221;] High Technical Performance We constantly keep in mind the expected technical requirements of a product associated to the installation<span class=\"excerpt-hellip\"> [\u2026]<\/span><\/p>\n","protected":false},"author":2,"featured_media":0,"parent":0,"menu_order":0,"comment_status":"closed","ping_status":"closed","template":"","meta":[],"yoast_head":"<!-- This site is optimized with the Yoast SEO plugin v18.0 - https:\/\/yoast.com\/wordpress\/plugins\/seo\/ -->\n<title>Services - SERISTYLU<\/title>\n<meta name=\"robots\" content=\"index, follow, max-snippet:-1, max-image-preview:large, max-video-preview:-1\" \/>\n<link rel=\"canonical\" href=\"https:\/\/seristylu.com\/en\/services\/\" \/>\n<meta property=\"og:locale\" content=\"en_US\" \/>\n<meta property=\"og:type\" content=\"article\" \/>\n<meta property=\"og:title\" content=\"Services - SERISTYLU\" \/>\n<meta property=\"og:description\" content=\"[vc_row css=&#8221;.vc_custom_1437503759006{margin-bottom: 100px !important;padding-top: 50px !important;}&#8221;][vc_column][vc_column_text css_animation=&#8221;top-to-bottom&#8221;] High Technical Performance We constantly keep in mind the expected technical requirements of a product associated to the installation [\u2026]\" \/>\n<meta property=\"og:url\" content=\"https:\/\/seristylu.com\/en\/services\/\" \/>\n<meta property=\"og:site_name\" content=\"SERISTYLU\" \/>\n<meta property=\"article:modified_time\" content=\"2019-01-08T12:52:10+00:00\" \/>\n<meta property=\"og:image\" content=\"https:\/\/seristylu.com\/wp-content\/themes\/seristylu\/images\/icons\/expedicao.svg\" \/>\n<meta name=\"twitter:card\" content=\"summary\" \/>\n<meta name=\"twitter:label1\" content=\"Est. reading time\" \/>\n\t<meta name=\"twitter:data1\" content=\"2 minutes\" \/>\n<script type=\"application\/ld+json\" class=\"yoast-schema-graph\">{\"@context\":\"https:\/\/schema.org\",\"@graph\":[{\"@type\":\"WebSite\",\"@id\":\"https:\/\/seristylu.com\/#website\",\"url\":\"https:\/\/seristylu.com\/\",\"name\":\"SERISTYLU\",\"description\":\"A Seristylu \u00e9 uma empresa industrial que se dedica a conceber produtos para a instala\u00e7\u00e3o de equipamentos audiovisuais com modelos standard em gamas Dom\u00e9stica e Profissional.\",\"potentialAction\":[{\"@type\":\"SearchAction\",\"target\":{\"@type\":\"EntryPoint\",\"urlTemplate\":\"https:\/\/seristylu.com\/?s={search_term_string}\"},\"query-input\":\"required name=search_term_string\"}],\"inLanguage\":\"en-US\"},{\"@type\":\"ImageObject\",\"@id\":\"https:\/\/seristylu.com\/en\/services\/#primaryimage\",\"inLanguage\":\"en-US\",\"url\":\"https:\/\/seristylu.com\/wp-content\/themes\/seristylu\/images\/icons\/expedicao.svg\",\"contentUrl\":\"https:\/\/seristylu.com\/wp-content\/themes\/seristylu\/images\/icons\/expedicao.svg\"},{\"@type\":\"WebPage\",\"@id\":\"https:\/\/seristylu.com\/en\/services\/#webpage\",\"url\":\"https:\/\/seristylu.com\/en\/services\/\",\"name\":\"Services - SERISTYLU\",\"isPartOf\":{\"@id\":\"https:\/\/seristylu.com\/#website\"},\"primaryImageOfPage\":{\"@id\":\"https:\/\/seristylu.com\/en\/services\/#primaryimage\"},\"datePublished\":\"2015-10-09T16:21:48+00:00\",\"dateModified\":\"2019-01-08T12:52:10+00:00\",\"breadcrumb\":{\"@id\":\"https:\/\/seristylu.com\/en\/services\/#breadcrumb\"},\"inLanguage\":\"en-US\",\"potentialAction\":[{\"@type\":\"ReadAction\",\"target\":[\"https:\/\/seristylu.com\/en\/services\/\"]}]},{\"@type\":\"BreadcrumbList\",\"@id\":\"https:\/\/seristylu.com\/en\/services\/#breadcrumb\",\"itemListElement\":[{\"@type\":\"ListItem\",\"position\":1,\"name\":\"In\u00edcio\",\"item\":\"https:\/\/seristylu.com\/en\/\"},{\"@type\":\"ListItem\",\"position\":2,\"name\":\"Services\"}]}]}<\/script>\n<!-- \/ Yoast SEO plugin. -->","yoast_head_json":{"title":"Services - SERISTYLU","robots":{"index":"index","follow":"follow","max-snippet":"max-snippet:-1","max-image-preview":"max-image-preview:large","max-video-preview":"max-video-preview:-1"},"canonical":"https:\/\/seristylu.com\/en\/services\/","og_locale":"en_US","og_type":"article","og_title":"Services - SERISTYLU","og_description":"[vc_row css=&#8221;.vc_custom_1437503759006{margin-bottom: 100px !important;padding-top: 50px !important;}&#8221;][vc_column][vc_column_text css_animation=&#8221;top-to-bottom&#8221;] High Technical Performance We constantly keep in mind the expected technical requirements of a product associated to the installation [\u2026]","og_url":"https:\/\/seristylu.com\/en\/services\/","og_site_name":"SERISTYLU","article_modified_time":"2019-01-08T12:52:10+00:00","og_image":[{"url":"https:\/\/seristylu.com\/wp-content\/themes\/seristylu\/images\/icons\/expedicao.svg"}],"twitter_card":"summary","twitter_misc":{"Est. reading time":"2 minutes"},"schema":{"@context":"https:\/\/schema.org","@graph":[{"@type":"WebSite","@id":"https:\/\/seristylu.com\/#website","url":"https:\/\/seristylu.com\/","name":"SERISTYLU","description":"A Seristylu \u00e9 uma empresa industrial que se dedica a conceber produtos para a instala\u00e7\u00e3o de equipamentos audiovisuais com modelos standard em gamas Dom\u00e9stica e Profissional.","potentialAction":[{"@type":"SearchAction","target":{"@type":"EntryPoint","urlTemplate":"https:\/\/seristylu.com\/?s={search_term_string}"},"query-input":"required name=search_term_string"}],"inLanguage":"en-US"},{"@type":"ImageObject","@id":"https:\/\/seristylu.com\/en\/services\/#primaryimage","inLanguage":"en-US","url":"https:\/\/seristylu.com\/wp-content\/themes\/seristylu\/images\/icons\/expedicao.svg","contentUrl":"https:\/\/seristylu.com\/wp-content\/themes\/seristylu\/images\/icons\/expedicao.svg"},{"@type":"WebPage","@id":"https:\/\/seristylu.com\/en\/services\/#webpage","url":"https:\/\/seristylu.com\/en\/services\/","name":"Services - SERISTYLU","isPartOf":{"@id":"https:\/\/seristylu.com\/#website"},"primaryImageOfPage":{"@id":"https:\/\/seristylu.com\/en\/services\/#primaryimage"},"datePublished":"2015-10-09T16:21:48+00:00","dateModified":"2019-01-08T12:52:10+00:00","breadcrumb":{"@id":"https:\/\/seristylu.com\/en\/services\/#breadcrumb"},"inLanguage":"en-US","potentialAction":[{"@type":"ReadAction","target":["https:\/\/seristylu.com\/en\/services\/"]}]},{"@type":"BreadcrumbList","@id":"https:\/\/seristylu.com\/en\/services\/#breadcrumb","itemListElement":[{"@type":"ListItem","position":1,"name":"In\u00edcio","item":"https:\/\/seristylu.com\/en\/"},{"@type":"ListItem","position":2,"name":"Services"}]}]}},"_links":{"self":[{"href":"https:\/\/seristylu.com\/en\/wp-json\/wp\/v2\/pages\/3004"}],"collection":[{"href":"https:\/\/seristylu.com\/en\/wp-json\/wp\/v2\/pages"}],"about":[{"href":"https:\/\/seristylu.com\/en\/wp-json\/wp\/v2\/types\/page"}],"author":[{"embeddable":true,"href":"https:\/\/seristylu.com\/en\/wp-json\/wp\/v2\/users\/2"}],"replies":[{"embeddable":true,"href":"https:\/\/seristylu.com\/en\/wp-json\/wp\/v2\/comments?post=3004"}],"version-history":[{"count":2,"href":"https:\/\/seristylu.com\/en\/wp-json\/wp\/v2\/pages\/3004\/revisions"}],"predecessor-version":[{"id":7558,"href":"https:\/\/seristylu.com\/en\/wp-json\/wp\/v2\/pages\/3004\/revisions\/7558"}],"wp:attachment":[{"href":"https:\/\/seristylu.com\/en\/wp-json\/wp\/v2\/media?parent=3004"}],"curies":[{"name":"wp","href":"https:\/\/api.w.org\/{rel}","templated":true}]}}