{"id":2984,"date":"2015-10-09T16:17:30","date_gmt":"2015-10-09T16:17:30","guid":{"rendered":"http:\/\/www.seristylu.pt\/en\/?page_id=2984"},"modified":"2016-03-16T17:36:49","modified_gmt":"2016-03-16T17:36:49","slug":"values","status":"publish","type":"page","link":"https:\/\/seristylu.com\/en\/company\/values\/","title":{"rendered":"Values"},"content":{"rendered":"<p>[vc_row css=&#8221;.vc_custom_1438710436305{margin-bottom: 50px !important;padding-top: 50px !important;}&#8221;][vc_column][vc_column_text css_animation=&#8221;top-to-bottom&#8221;]<\/p>\n<h2>Customer Satisfaction<\/h2>\n<p>Focus on product quality and service, ensuring complete satisfaction and matching our customers&#8217; expectations.<\/p>\n<hr \/>\n<h2>Trust<\/h2>\n<p>We try every day to continue to deserve the trust of customers, suppliers, partners and other stakeholders<\/p>\n<hr \/>\n<h2>Valuing people<\/h2>\n<p>Human resources are the most valuable asset and the reason for our success, therefore we seek a constant development of their skills.<\/p>\n<hr \/>\n<h2>Social Responsibility<\/h2>\n<p>It is our duty to contribute to the betterment of society, with a conduct guided by environmental care and an integrated and sustainable development policy, in close liaison with the community.[\/vc_column_text][\/vc_column][\/vc_row]<\/p>\n","protected":false},"excerpt":{"rendered":"<p>[vc_row css=&#8221;.vc_custom_1438710436305{margin-bottom: 50px !important;padding-top: 50px !important;}&#8221;][vc_column][vc_column_text css_animation=&#8221;top-to-bottom&#8221;] Customer Satisfaction Focus on product quality and service, ensuring complete satisfaction and matching our customers&#8217; expectations. Trust We try<span class=\"excerpt-hellip\"> [\u2026]<\/span><\/p>\n","protected":false},"author":2,"featured_media":0,"parent":2979,"menu_order":0,"comment_status":"closed","ping_status":"open","template":"","meta":[],"yoast_head":"<!-- This site is optimized with the Yoast SEO plugin v18.0 - https:\/\/yoast.com\/wordpress\/plugins\/seo\/ -->\n<title>Values - SERISTYLU<\/title>\n<meta name=\"robots\" content=\"index, follow, max-snippet:-1, max-image-preview:large, max-video-preview:-1\" \/>\n<link rel=\"canonical\" href=\"https:\/\/seristylu.com\/en\/company\/values\/\" \/>\n<meta property=\"og:locale\" content=\"en_US\" \/>\n<meta property=\"og:type\" content=\"article\" \/>\n<meta property=\"og:title\" content=\"Values - SERISTYLU\" \/>\n<meta property=\"og:description\" content=\"[vc_row css=&#8221;.vc_custom_1438710436305{margin-bottom: 50px !important;padding-top: 50px !important;}&#8221;][vc_column][vc_column_text css_animation=&#8221;top-to-bottom&#8221;] Customer Satisfaction Focus on product quality and service, ensuring complete satisfaction and matching our customers&#8217; expectations. Trust We try [\u2026]\" \/>\n<meta property=\"og:url\" content=\"https:\/\/seristylu.com\/en\/company\/values\/\" \/>\n<meta property=\"og:site_name\" content=\"SERISTYLU\" \/>\n<meta property=\"article:modified_time\" content=\"2016-03-16T17:36:49+00:00\" \/>\n<meta name=\"twitter:card\" content=\"summary\" \/>\n<meta name=\"twitter:label1\" content=\"Est. reading time\" \/>\n\t<meta name=\"twitter:data1\" content=\"1 minute\" \/>\n<script type=\"application\/ld+json\" class=\"yoast-schema-graph\">{\"@context\":\"https:\/\/schema.org\",\"@graph\":[{\"@type\":\"WebSite\",\"@id\":\"https:\/\/seristylu.com\/#website\",\"url\":\"https:\/\/seristylu.com\/\",\"name\":\"SERISTYLU\",\"description\":\"A Seristylu \u00e9 uma empresa industrial que se dedica a conceber produtos para a instala\u00e7\u00e3o de equipamentos audiovisuais com modelos standard em gamas Dom\u00e9stica e Profissional.\",\"potentialAction\":[{\"@type\":\"SearchAction\",\"target\":{\"@type\":\"EntryPoint\",\"urlTemplate\":\"https:\/\/seristylu.com\/?s={search_term_string}\"},\"query-input\":\"required name=search_term_string\"}],\"inLanguage\":\"en-US\"},{\"@type\":\"WebPage\",\"@id\":\"https:\/\/seristylu.com\/en\/company\/values\/#webpage\",\"url\":\"https:\/\/seristylu.com\/en\/company\/values\/\",\"name\":\"Values - SERISTYLU\",\"isPartOf\":{\"@id\":\"https:\/\/seristylu.com\/#website\"},\"datePublished\":\"2015-10-09T16:17:30+00:00\",\"dateModified\":\"2016-03-16T17:36:49+00:00\",\"breadcrumb\":{\"@id\":\"https:\/\/seristylu.com\/en\/company\/values\/#breadcrumb\"},\"inLanguage\":\"en-US\",\"potentialAction\":[{\"@type\":\"ReadAction\",\"target\":[\"https:\/\/seristylu.com\/en\/company\/values\/\"]}]},{\"@type\":\"BreadcrumbList\",\"@id\":\"https:\/\/seristylu.com\/en\/company\/values\/#breadcrumb\",\"itemListElement\":[{\"@type\":\"ListItem\",\"position\":1,\"name\":\"In\u00edcio\",\"item\":\"https:\/\/seristylu.com\/en\/\"},{\"@type\":\"ListItem\",\"position\":2,\"name\":\"Company\",\"item\":\"https:\/\/seristylu.com\/en\/company\/\"},{\"@type\":\"ListItem\",\"position\":3,\"name\":\"Values\"}]}]}<\/script>\n<!-- \/ Yoast SEO plugin. -->","yoast_head_json":{"title":"Values - SERISTYLU","robots":{"index":"index","follow":"follow","max-snippet":"max-snippet:-1","max-image-preview":"max-image-preview:large","max-video-preview":"max-video-preview:-1"},"canonical":"https:\/\/seristylu.com\/en\/company\/values\/","og_locale":"en_US","og_type":"article","og_title":"Values - SERISTYLU","og_description":"[vc_row css=&#8221;.vc_custom_1438710436305{margin-bottom: 50px !important;padding-top: 50px !important;}&#8221;][vc_column][vc_column_text css_animation=&#8221;top-to-bottom&#8221;] Customer Satisfaction Focus on product quality and service, ensuring complete satisfaction and matching our customers&#8217; expectations. Trust We try [\u2026]","og_url":"https:\/\/seristylu.com\/en\/company\/values\/","og_site_name":"SERISTYLU","article_modified_time":"2016-03-16T17:36:49+00:00","twitter_card":"summary","twitter_misc":{"Est. reading time":"1 minute"},"schema":{"@context":"https:\/\/schema.org","@graph":[{"@type":"WebSite","@id":"https:\/\/seristylu.com\/#website","url":"https:\/\/seristylu.com\/","name":"SERISTYLU","description":"A Seristylu \u00e9 uma empresa industrial que se dedica a conceber produtos para a instala\u00e7\u00e3o de equipamentos audiovisuais com modelos standard em gamas Dom\u00e9stica e Profissional.","potentialAction":[{"@type":"SearchAction","target":{"@type":"EntryPoint","urlTemplate":"https:\/\/seristylu.com\/?s={search_term_string}"},"query-input":"required name=search_term_string"}],"inLanguage":"en-US"},{"@type":"WebPage","@id":"https:\/\/seristylu.com\/en\/company\/values\/#webpage","url":"https:\/\/seristylu.com\/en\/company\/values\/","name":"Values - SERISTYLU","isPartOf":{"@id":"https:\/\/seristylu.com\/#website"},"datePublished":"2015-10-09T16:17:30+00:00","dateModified":"2016-03-16T17:36:49+00:00","breadcrumb":{"@id":"https:\/\/seristylu.com\/en\/company\/values\/#breadcrumb"},"inLanguage":"en-US","potentialAction":[{"@type":"ReadAction","target":["https:\/\/seristylu.com\/en\/company\/values\/"]}]},{"@type":"BreadcrumbList","@id":"https:\/\/seristylu.com\/en\/company\/values\/#breadcrumb","itemListElement":[{"@type":"ListItem","position":1,"name":"In\u00edcio","item":"https:\/\/seristylu.com\/en\/"},{"@type":"ListItem","position":2,"name":"Company","item":"https:\/\/seristylu.com\/en\/company\/"},{"@type":"ListItem","position":3,"name":"Values"}]}]}},"_links":{"self":[{"href":"https:\/\/seristylu.com\/en\/wp-json\/wp\/v2\/pages\/2984"}],"collection":[{"href":"https:\/\/seristylu.com\/en\/wp-json\/wp\/v2\/pages"}],"about":[{"href":"https:\/\/seristylu.com\/en\/wp-json\/wp\/v2\/types\/page"}],"author":[{"embeddable":true,"href":"https:\/\/seristylu.com\/en\/wp-json\/wp\/v2\/users\/2"}],"replies":[{"embeddable":true,"href":"https:\/\/seristylu.com\/en\/wp-json\/wp\/v2\/comments?post=2984"}],"version-history":[{"count":0,"href":"https:\/\/seristylu.com\/en\/wp-json\/wp\/v2\/pages\/2984\/revisions"}],"up":[{"embeddable":true,"href":"https:\/\/seristylu.com\/en\/wp-json\/wp\/v2\/pages\/2979"}],"wp:attachment":[{"href":"https:\/\/seristylu.com\/en\/wp-json\/wp\/v2\/media?parent=2984"}],"curies":[{"name":"wp","href":"https:\/\/api.w.org\/{rel}","templated":true}]}}