{"id":2983,"date":"2015-10-09T16:16:45","date_gmt":"2015-10-09T16:16:45","guid":{"rendered":"http:\/\/www.seristylu.pt\/en\/?page_id=2983"},"modified":"2016-03-16T16:49:23","modified_gmt":"2016-03-16T16:49:23","slug":"mission","status":"publish","type":"page","link":"https:\/\/seristylu.com\/en\/company\/mission\/","title":{"rendered":"Mission"},"content":{"rendered":"<p>[vc_row css=&#8221;.vc_custom_1438710436305{margin-bottom: 50px !important;padding-top: 50px !important;}&#8221;][vc_column][vc_column_text css_animation=&#8221;top-to-bottom&#8221;]<\/p>\n<h2>Seri Stylu has its mission, vision and values clearly identified and seized by all employees.<\/h2>\n<p>&nbsp;<\/p>\n<hr \/>\n<h2><\/h2>\n<h2><strong>Mission:<\/strong><\/h2>\n<h3>Develop, produce and market products for the installation of audiovisual equipment that people have the satisfaction of owning, ensuring value creation and business sustainability.<\/h3>\n<p>[\/vc_column_text][\/vc_column][\/vc_row]<\/p>\n","protected":false},"excerpt":{"rendered":"<p>[vc_row css=&#8221;.vc_custom_1438710436305{margin-bottom: 50px !important;padding-top: 50px !important;}&#8221;][vc_column][vc_column_text css_animation=&#8221;top-to-bottom&#8221;] Seri Stylu has its mission, vision and values clearly identified and seized by all employees. &nbsp; Mission: Develop, produce<span class=\"excerpt-hellip\"> [\u2026]<\/span><\/p>\n","protected":false},"author":2,"featured_media":0,"parent":2979,"menu_order":0,"comment_status":"closed","ping_status":"open","template":"","meta":[],"yoast_head":"<!-- This site is optimized with the Yoast SEO plugin v18.0 - https:\/\/yoast.com\/wordpress\/plugins\/seo\/ -->\n<title>Mission - SERISTYLU<\/title>\n<meta name=\"robots\" content=\"index, follow, max-snippet:-1, max-image-preview:large, max-video-preview:-1\" \/>\n<link rel=\"canonical\" href=\"https:\/\/seristylu.com\/en\/company\/mission\/\" \/>\n<meta property=\"og:locale\" content=\"en_US\" \/>\n<meta property=\"og:type\" content=\"article\" \/>\n<meta property=\"og:title\" content=\"Mission - SERISTYLU\" \/>\n<meta property=\"og:description\" content=\"[vc_row css=&#8221;.vc_custom_1438710436305{margin-bottom: 50px !important;padding-top: 50px !important;}&#8221;][vc_column][vc_column_text css_animation=&#8221;top-to-bottom&#8221;] Seri Stylu has its mission, vision and values clearly identified and seized by all employees. &nbsp; Mission: Develop, produce [\u2026]\" \/>\n<meta property=\"og:url\" content=\"https:\/\/seristylu.com\/en\/company\/mission\/\" \/>\n<meta property=\"og:site_name\" content=\"SERISTYLU\" \/>\n<meta property=\"article:modified_time\" content=\"2016-03-16T16:49:23+00:00\" \/>\n<meta name=\"twitter:card\" content=\"summary\" \/>\n<script type=\"application\/ld+json\" class=\"yoast-schema-graph\">{\"@context\":\"https:\/\/schema.org\",\"@graph\":[{\"@type\":\"WebSite\",\"@id\":\"https:\/\/seristylu.com\/#website\",\"url\":\"https:\/\/seristylu.com\/\",\"name\":\"SERISTYLU\",\"description\":\"A Seristylu \u00e9 uma empresa industrial que se dedica a conceber produtos para a instala\u00e7\u00e3o de equipamentos audiovisuais com modelos standard em gamas Dom\u00e9stica e Profissional.\",\"potentialAction\":[{\"@type\":\"SearchAction\",\"target\":{\"@type\":\"EntryPoint\",\"urlTemplate\":\"https:\/\/seristylu.com\/?s={search_term_string}\"},\"query-input\":\"required name=search_term_string\"}],\"inLanguage\":\"en-US\"},{\"@type\":\"WebPage\",\"@id\":\"https:\/\/seristylu.com\/en\/company\/mission\/#webpage\",\"url\":\"https:\/\/seristylu.com\/en\/company\/mission\/\",\"name\":\"Mission - SERISTYLU\",\"isPartOf\":{\"@id\":\"https:\/\/seristylu.com\/#website\"},\"datePublished\":\"2015-10-09T16:16:45+00:00\",\"dateModified\":\"2016-03-16T16:49:23+00:00\",\"breadcrumb\":{\"@id\":\"https:\/\/seristylu.com\/en\/company\/mission\/#breadcrumb\"},\"inLanguage\":\"en-US\",\"potentialAction\":[{\"@type\":\"ReadAction\",\"target\":[\"https:\/\/seristylu.com\/en\/company\/mission\/\"]}]},{\"@type\":\"BreadcrumbList\",\"@id\":\"https:\/\/seristylu.com\/en\/company\/mission\/#breadcrumb\",\"itemListElement\":[{\"@type\":\"ListItem\",\"position\":1,\"name\":\"In\u00edcio\",\"item\":\"https:\/\/seristylu.com\/en\/\"},{\"@type\":\"ListItem\",\"position\":2,\"name\":\"Company\",\"item\":\"https:\/\/seristylu.com\/en\/company\/\"},{\"@type\":\"ListItem\",\"position\":3,\"name\":\"Mission\"}]}]}<\/script>\n<!-- \/ Yoast SEO plugin. -->","yoast_head_json":{"title":"Mission - SERISTYLU","robots":{"index":"index","follow":"follow","max-snippet":"max-snippet:-1","max-image-preview":"max-image-preview:large","max-video-preview":"max-video-preview:-1"},"canonical":"https:\/\/seristylu.com\/en\/company\/mission\/","og_locale":"en_US","og_type":"article","og_title":"Mission - SERISTYLU","og_description":"[vc_row css=&#8221;.vc_custom_1438710436305{margin-bottom: 50px !important;padding-top: 50px !important;}&#8221;][vc_column][vc_column_text css_animation=&#8221;top-to-bottom&#8221;] Seri Stylu has its mission, vision and values clearly identified and seized by all employees. &nbsp; Mission: Develop, produce [\u2026]","og_url":"https:\/\/seristylu.com\/en\/company\/mission\/","og_site_name":"SERISTYLU","article_modified_time":"2016-03-16T16:49:23+00:00","twitter_card":"summary","schema":{"@context":"https:\/\/schema.org","@graph":[{"@type":"WebSite","@id":"https:\/\/seristylu.com\/#website","url":"https:\/\/seristylu.com\/","name":"SERISTYLU","description":"A Seristylu \u00e9 uma empresa industrial que se dedica a conceber produtos para a instala\u00e7\u00e3o de equipamentos audiovisuais com modelos standard em gamas Dom\u00e9stica e Profissional.","potentialAction":[{"@type":"SearchAction","target":{"@type":"EntryPoint","urlTemplate":"https:\/\/seristylu.com\/?s={search_term_string}"},"query-input":"required name=search_term_string"}],"inLanguage":"en-US"},{"@type":"WebPage","@id":"https:\/\/seristylu.com\/en\/company\/mission\/#webpage","url":"https:\/\/seristylu.com\/en\/company\/mission\/","name":"Mission - SERISTYLU","isPartOf":{"@id":"https:\/\/seristylu.com\/#website"},"datePublished":"2015-10-09T16:16:45+00:00","dateModified":"2016-03-16T16:49:23+00:00","breadcrumb":{"@id":"https:\/\/seristylu.com\/en\/company\/mission\/#breadcrumb"},"inLanguage":"en-US","potentialAction":[{"@type":"ReadAction","target":["https:\/\/seristylu.com\/en\/company\/mission\/"]}]},{"@type":"BreadcrumbList","@id":"https:\/\/seristylu.com\/en\/company\/mission\/#breadcrumb","itemListElement":[{"@type":"ListItem","position":1,"name":"In\u00edcio","item":"https:\/\/seristylu.com\/en\/"},{"@type":"ListItem","position":2,"name":"Company","item":"https:\/\/seristylu.com\/en\/company\/"},{"@type":"ListItem","position":3,"name":"Mission"}]}]}},"_links":{"self":[{"href":"https:\/\/seristylu.com\/en\/wp-json\/wp\/v2\/pages\/2983"}],"collection":[{"href":"https:\/\/seristylu.com\/en\/wp-json\/wp\/v2\/pages"}],"about":[{"href":"https:\/\/seristylu.com\/en\/wp-json\/wp\/v2\/types\/page"}],"author":[{"embeddable":true,"href":"https:\/\/seristylu.com\/en\/wp-json\/wp\/v2\/users\/2"}],"replies":[{"embeddable":true,"href":"https:\/\/seristylu.com\/en\/wp-json\/wp\/v2\/comments?post=2983"}],"version-history":[{"count":0,"href":"https:\/\/seristylu.com\/en\/wp-json\/wp\/v2\/pages\/2983\/revisions"}],"up":[{"embeddable":true,"href":"https:\/\/seristylu.com\/en\/wp-json\/wp\/v2\/pages\/2979"}],"wp:attachment":[{"href":"https:\/\/seristylu.com\/en\/wp-json\/wp\/v2\/media?parent=2983"}],"curies":[{"name":"wp","href":"https:\/\/api.w.org\/{rel}","templated":true}]}}