{"id":2982,"date":"2015-10-09T16:16:40","date_gmt":"2015-10-09T16:16:40","guid":{"rendered":"http:\/\/www.seristylu.pt\/en\/?page_id=2982"},"modified":"2016-03-16T16:24:39","modified_gmt":"2016-03-16T16:24:39","slug":"history","status":"publish","type":"page","link":"https:\/\/seristylu.com\/en\/company\/history\/","title":{"rendered":"History"},"content":{"rendered":"<p>[vc_row css=&#8221;.vc_custom_1438710436305{margin-bottom: 50px !important;padding-top: 50px !important;}&#8221;][vc_column width=&#8221;1\/2&#8243;][vc_column_text css_animation=&#8221;top-to-bottom&#8221;]<\/p>\n<h2><strong>Seri Stylu<\/strong> is a family business and it all started in 1960 when, Serafim Mendes de Oliveira Ribeiro (a), grandfather of the current partners, started operations on his own as outsourcer of spinned parts in iron, brass and aluminum plate. Examples of these products are the funnels for the grinding coffee machines, parabolic reflectors for electric heaters and tops for fire extinguishers.<\/h2>\n<p>This activity was beautifully developed on the premises of a friend who he offered society in the manufacture of indoor TV antennas.<\/p>\n<p>In 1967 already in his own facilities at lugar da granja, Maia, starts the manufacture of outdoor antennas and is at this point that there is a need of a brand and thus appears <strong>SERI<\/strong>, resulting from the initials of his name.<\/p>\n<p>In 1977 it was established as a limited company with the participation of his son adopting the name Metal\u00fargica Ribeiro. In the early eighties builds new facilities with 1500m2 in lugar da Granja and the founding partner leaves the company following with the manufacture of lamps and bathroom accessories.<\/p>\n<p>Metal\u00fargica Ribeiro gets the representation of electronic equipment, complementary to the manufacture of antennas and mechanical accessories, from a Spanish brand and expands the business throughout the country and the antennas also to the Spanish market.<\/p>\n<p>With the fall of the traditional TV antennas market began the manufacture of TV supports and to the brand is associated the word <strong>stylu<\/strong> given that was now linked more to the design but Metal\u00fargica Ribeiro had to be extinguished and now follows the brand also as company <strong>SERI STYLU<\/strong> formed in 2006 by current partners Pedro Manuel Vilarinho Ribeiro and Rui Manuel Vilarinho Ribeiro.<\/p>\n<p>The brand <strong>SERI STYLU<\/strong> comes from the initials of the name Serafim Ribeiro associated with the Latin word <strong>STYLU<\/strong> that means different way of doing.<\/p>\n<p>(a) \u2013 In the picture the second from left to right.[\/vc_column_text][\/vc_column][vc_column width=&#8221;1\/2&#8243;][vc_column_text css_animation=&#8221;top-to-bottom&#8221;]<a href=\"http:\/\/www.seristylu.pt\/wp-content\/uploads\/2015\/08\/Serafim-Ribeiro.jpg\"><img loading=\"lazy\" class=\"alignnone wp-image-3754 size-large\" src=\"http:\/\/www.seristylu.pt\/wp-content\/uploads\/2015\/08\/Serafim-Ribeiro-1024x768.jpg\" alt=\"\" width=\"1024\" height=\"768\" srcset=\"https:\/\/seristylu.com\/wp-content\/uploads\/2015\/08\/Serafim-Ribeiro-1024x768.jpg 1024w, https:\/\/seristylu.com\/wp-content\/uploads\/2015\/08\/Serafim-Ribeiro-300x225.jpg 300w, https:\/\/seristylu.com\/wp-content\/uploads\/2015\/08\/Serafim-Ribeiro-768x576.jpg 768w, https:\/\/seristylu.com\/wp-content\/uploads\/2015\/08\/Serafim-Ribeiro-100x75.jpg 100w, https:\/\/seristylu.com\/wp-content\/uploads\/2015\/08\/Serafim-Ribeiro-195x146.jpg 195w, https:\/\/seristylu.com\/wp-content\/uploads\/2015\/08\/Serafim-Ribeiro-50x38.jpg 50w, https:\/\/seristylu.com\/wp-content\/uploads\/2015\/08\/Serafim-Ribeiro-576x432.jpg 576w\" sizes=\"(max-width: 1024px) 100vw, 1024px\" \/><\/a>[\/vc_column_text][\/vc_column][\/vc_row]<\/p>\n","protected":false},"excerpt":{"rendered":"<p>[vc_row css=&#8221;.vc_custom_1438710436305{margin-bottom: 50px !important;padding-top: 50px !important;}&#8221;][vc_column width=&#8221;1\/2&#8243;][vc_column_text css_animation=&#8221;top-to-bottom&#8221;] Seri Stylu is a family business and it all started in 1960 when, Serafim Mendes de Oliveira Ribeiro<span class=\"excerpt-hellip\"> [\u2026]<\/span><\/p>\n","protected":false},"author":2,"featured_media":0,"parent":2979,"menu_order":0,"comment_status":"closed","ping_status":"open","template":"","meta":[],"yoast_head":"<!-- This site is optimized with the Yoast SEO plugin v18.0 - https:\/\/yoast.com\/wordpress\/plugins\/seo\/ -->\n<title>History - SERISTYLU<\/title>\n<meta name=\"robots\" content=\"index, follow, max-snippet:-1, max-image-preview:large, max-video-preview:-1\" \/>\n<link rel=\"canonical\" href=\"https:\/\/seristylu.com\/en\/company\/history\/\" \/>\n<meta property=\"og:locale\" content=\"en_US\" \/>\n<meta property=\"og:type\" content=\"article\" \/>\n<meta property=\"og:title\" content=\"History - SERISTYLU\" \/>\n<meta property=\"og:description\" content=\"[vc_row css=&#8221;.vc_custom_1438710436305{margin-bottom: 50px !important;padding-top: 50px !important;}&#8221;][vc_column width=&#8221;1\/2&#8243;][vc_column_text css_animation=&#8221;top-to-bottom&#8221;] Seri Stylu is a family business and it all started in 1960 when, Serafim Mendes de Oliveira Ribeiro [\u2026]\" \/>\n<meta property=\"og:url\" content=\"https:\/\/seristylu.com\/en\/company\/history\/\" \/>\n<meta property=\"og:site_name\" content=\"SERISTYLU\" \/>\n<meta property=\"article:modified_time\" content=\"2016-03-16T16:24:39+00:00\" \/>\n<meta property=\"og:image\" content=\"http:\/\/www.seristylu.pt\/wp-content\/uploads\/2015\/08\/Serafim-Ribeiro-1024x768.jpg\" \/>\n<meta name=\"twitter:card\" content=\"summary\" \/>\n<meta name=\"twitter:label1\" content=\"Est. reading time\" \/>\n\t<meta name=\"twitter:data1\" content=\"2 minutes\" \/>\n<script type=\"application\/ld+json\" class=\"yoast-schema-graph\">{\"@context\":\"https:\/\/schema.org\",\"@graph\":[{\"@type\":\"WebSite\",\"@id\":\"https:\/\/seristylu.com\/#website\",\"url\":\"https:\/\/seristylu.com\/\",\"name\":\"SERISTYLU\",\"description\":\"A Seristylu \u00e9 uma empresa industrial que se dedica a conceber produtos para a instala\u00e7\u00e3o de equipamentos audiovisuais com modelos standard em gamas Dom\u00e9stica e Profissional.\",\"potentialAction\":[{\"@type\":\"SearchAction\",\"target\":{\"@type\":\"EntryPoint\",\"urlTemplate\":\"https:\/\/seristylu.com\/?s={search_term_string}\"},\"query-input\":\"required name=search_term_string\"}],\"inLanguage\":\"en-US\"},{\"@type\":\"ImageObject\",\"@id\":\"https:\/\/seristylu.com\/en\/company\/history\/#primaryimage\",\"inLanguage\":\"en-US\",\"url\":\"http:\/\/www.seristylu.pt\/wp-content\/uploads\/2015\/08\/Serafim-Ribeiro-1024x768.jpg\",\"contentUrl\":\"http:\/\/www.seristylu.pt\/wp-content\/uploads\/2015\/08\/Serafim-Ribeiro-1024x768.jpg\"},{\"@type\":\"WebPage\",\"@id\":\"https:\/\/seristylu.com\/en\/company\/history\/#webpage\",\"url\":\"https:\/\/seristylu.com\/en\/company\/history\/\",\"name\":\"History - SERISTYLU\",\"isPartOf\":{\"@id\":\"https:\/\/seristylu.com\/#website\"},\"primaryImageOfPage\":{\"@id\":\"https:\/\/seristylu.com\/en\/company\/history\/#primaryimage\"},\"datePublished\":\"2015-10-09T16:16:40+00:00\",\"dateModified\":\"2016-03-16T16:24:39+00:00\",\"breadcrumb\":{\"@id\":\"https:\/\/seristylu.com\/en\/company\/history\/#breadcrumb\"},\"inLanguage\":\"en-US\",\"potentialAction\":[{\"@type\":\"ReadAction\",\"target\":[\"https:\/\/seristylu.com\/en\/company\/history\/\"]}]},{\"@type\":\"BreadcrumbList\",\"@id\":\"https:\/\/seristylu.com\/en\/company\/history\/#breadcrumb\",\"itemListElement\":[{\"@type\":\"ListItem\",\"position\":1,\"name\":\"In\u00edcio\",\"item\":\"https:\/\/seristylu.com\/en\/\"},{\"@type\":\"ListItem\",\"position\":2,\"name\":\"Company\",\"item\":\"https:\/\/seristylu.com\/en\/company\/\"},{\"@type\":\"ListItem\",\"position\":3,\"name\":\"History\"}]}]}<\/script>\n<!-- \/ Yoast SEO plugin. -->","yoast_head_json":{"title":"History - SERISTYLU","robots":{"index":"index","follow":"follow","max-snippet":"max-snippet:-1","max-image-preview":"max-image-preview:large","max-video-preview":"max-video-preview:-1"},"canonical":"https:\/\/seristylu.com\/en\/company\/history\/","og_locale":"en_US","og_type":"article","og_title":"History - SERISTYLU","og_description":"[vc_row css=&#8221;.vc_custom_1438710436305{margin-bottom: 50px !important;padding-top: 50px !important;}&#8221;][vc_column width=&#8221;1\/2&#8243;][vc_column_text css_animation=&#8221;top-to-bottom&#8221;] Seri Stylu is a family business and it all started in 1960 when, Serafim Mendes de Oliveira Ribeiro [\u2026]","og_url":"https:\/\/seristylu.com\/en\/company\/history\/","og_site_name":"SERISTYLU","article_modified_time":"2016-03-16T16:24:39+00:00","og_image":[{"url":"http:\/\/www.seristylu.pt\/wp-content\/uploads\/2015\/08\/Serafim-Ribeiro-1024x768.jpg"}],"twitter_card":"summary","twitter_misc":{"Est. reading time":"2 minutes"},"schema":{"@context":"https:\/\/schema.org","@graph":[{"@type":"WebSite","@id":"https:\/\/seristylu.com\/#website","url":"https:\/\/seristylu.com\/","name":"SERISTYLU","description":"A Seristylu \u00e9 uma empresa industrial que se dedica a conceber produtos para a instala\u00e7\u00e3o de equipamentos audiovisuais com modelos standard em gamas Dom\u00e9stica e Profissional.","potentialAction":[{"@type":"SearchAction","target":{"@type":"EntryPoint","urlTemplate":"https:\/\/seristylu.com\/?s={search_term_string}"},"query-input":"required name=search_term_string"}],"inLanguage":"en-US"},{"@type":"ImageObject","@id":"https:\/\/seristylu.com\/en\/company\/history\/#primaryimage","inLanguage":"en-US","url":"http:\/\/www.seristylu.pt\/wp-content\/uploads\/2015\/08\/Serafim-Ribeiro-1024x768.jpg","contentUrl":"http:\/\/www.seristylu.pt\/wp-content\/uploads\/2015\/08\/Serafim-Ribeiro-1024x768.jpg"},{"@type":"WebPage","@id":"https:\/\/seristylu.com\/en\/company\/history\/#webpage","url":"https:\/\/seristylu.com\/en\/company\/history\/","name":"History - SERISTYLU","isPartOf":{"@id":"https:\/\/seristylu.com\/#website"},"primaryImageOfPage":{"@id":"https:\/\/seristylu.com\/en\/company\/history\/#primaryimage"},"datePublished":"2015-10-09T16:16:40+00:00","dateModified":"2016-03-16T16:24:39+00:00","breadcrumb":{"@id":"https:\/\/seristylu.com\/en\/company\/history\/#breadcrumb"},"inLanguage":"en-US","potentialAction":[{"@type":"ReadAction","target":["https:\/\/seristylu.com\/en\/company\/history\/"]}]},{"@type":"BreadcrumbList","@id":"https:\/\/seristylu.com\/en\/company\/history\/#breadcrumb","itemListElement":[{"@type":"ListItem","position":1,"name":"In\u00edcio","item":"https:\/\/seristylu.com\/en\/"},{"@type":"ListItem","position":2,"name":"Company","item":"https:\/\/seristylu.com\/en\/company\/"},{"@type":"ListItem","position":3,"name":"History"}]}]}},"_links":{"self":[{"href":"https:\/\/seristylu.com\/en\/wp-json\/wp\/v2\/pages\/2982"}],"collection":[{"href":"https:\/\/seristylu.com\/en\/wp-json\/wp\/v2\/pages"}],"about":[{"href":"https:\/\/seristylu.com\/en\/wp-json\/wp\/v2\/types\/page"}],"author":[{"embeddable":true,"href":"https:\/\/seristylu.com\/en\/wp-json\/wp\/v2\/users\/2"}],"replies":[{"embeddable":true,"href":"https:\/\/seristylu.com\/en\/wp-json\/wp\/v2\/comments?post=2982"}],"version-history":[{"count":0,"href":"https:\/\/seristylu.com\/en\/wp-json\/wp\/v2\/pages\/2982\/revisions"}],"up":[{"embeddable":true,"href":"https:\/\/seristylu.com\/en\/wp-json\/wp\/v2\/pages\/2979"}],"wp:attachment":[{"href":"https:\/\/seristylu.com\/en\/wp-json\/wp\/v2\/media?parent=2982"}],"curies":[{"name":"wp","href":"https:\/\/api.w.org\/{rel}","templated":true}]}}