{"id":2981,"date":"2015-10-09T16:16:09","date_gmt":"2015-10-09T16:16:09","guid":{"rendered":"http:\/\/www.seristylu.pt\/en\/?page_id=2981"},"modified":"2019-08-09T13:58:56","modified_gmt":"2019-08-09T12:58:56","slug":"seristylu","status":"publish","type":"page","link":"https:\/\/seristylu.com\/en\/company\/seristylu\/","title":{"rendered":"SERI STYLU"},"content":{"rendered":"<p>[vc_row css=&#8221;.vc_custom_1438710436305{margin-bottom: 50px !important;padding-top: 50px !important;}&#8221;][vc_column width=&#8221;1\/2&#8243;][vc_column_text css_animation=&#8221;top-to-bottom&#8221;]<\/p>\n<h2 class=\"pageTitle\">SERI STYLU is an industrial company dedicated to designing products for the installation of audiovisual equipment with standard models in two ranges:<\/h2>\n<h3>Home &gt; Home Cinema solutions<br \/>\nProfessional &gt; for public spaces; meeting rooms; exhibitions; etc.<\/h3>\n<h3>We also develop and produce other solutions in furniture and supports for the most different computer and multimedia equipment.<\/h3>\n<h3>The manufacture of the Seristylu products takes into account several important aspects such as:<br \/>\nSafety-Effectiveness-design.<\/h3>\n<h3>Quality control ensures the effectiveness of the products, good service and the consequent satisfaction that we propose as main objective.<\/h3>\n<p>[\/vc_column_text][\/vc_column][vc_column width=&#8221;1\/2&#8243;][vc_column_text css_animation=&#8221;top-to-bottom&#8221;]<a href=\"https:\/\/seristylu.com\/wp-content\/uploads\/2019\/08\/fabrica.jpg\"><img loading=\"lazy\" class=\"alignnone wp-image-7707\" src=\"https:\/\/seristylu.com\/wp-content\/uploads\/2019\/08\/fabrica-300x229.jpg\" alt=\"\" width=\"651\" height=\"497\" srcset=\"https:\/\/seristylu.com\/wp-content\/uploads\/2019\/08\/fabrica-300x229.jpg 300w, https:\/\/seristylu.com\/wp-content\/uploads\/2019\/08\/fabrica-768x585.jpg 768w, https:\/\/seristylu.com\/wp-content\/uploads\/2019\/08\/fabrica-100x76.jpg 100w, https:\/\/seristylu.com\/wp-content\/uploads\/2019\/08\/fabrica-192x146.jpg 192w, https:\/\/seristylu.com\/wp-content\/uploads\/2019\/08\/fabrica-50x38.jpg 50w, https:\/\/seristylu.com\/wp-content\/uploads\/2019\/08\/fabrica-98x75.jpg 98w, https:\/\/seristylu.com\/wp-content\/uploads\/2019\/08\/fabrica.jpg 957w\" sizes=\"(max-width: 651px) 100vw, 651px\" \/><\/a>[\/vc_column_text][\/vc_column][\/vc_row][vc_row css=&#8221;.vc_custom_1438710448379{margin-bottom: 100px !important;}&#8221;][vc_column][vc_column_text css_animation=&#8221;top-to-bottom&#8221;]<\/p>\n<h1>High Technical Performance<\/h1>\n<h3>We always keep in mind the technical requirements expected of a product that will be associated with the installation of high-tech equipment in the field of audiovisual.<br \/>\nWe highlight: the safety, the efficacy and the design, to which we give special attention in order to achieve these purposes. So, listen to the technicians who perform the installations in this area is crucial for us.<br \/>\nThe expectations we raise are confirmed by the quality of the parts. Not only confirming the matters listed as compliance with the design.<\/h3>\n<p>&nbsp;<\/p>\n<h1><\/h1>\n<h1>A style that touches us<\/h1>\n<h3>We are all sensitive to shapes and our choices make a difference.<\/h3>\n<h3>The furniture we propose gives a touch of quality and design to decoration. The pieces produced in steel and brushed stainless steel give it high strength and security without compromising the elegance, giving to the place where they are installed a special refinement.<\/h3>\n<h3>Preferred abroad, they are known and its quality recognized then we are confident, because these products comply and meet high level requirements.<\/h3>\n<h3><\/h3>\n<hr \/>\n<h2><\/h2>\n<h3><strong>Share with us the satisfaction of serving you.<\/strong><\/h3>\n<p>[\/vc_column_text][\/vc_column][\/vc_row]<\/p>\n","protected":false},"excerpt":{"rendered":"<p>[vc_row css=&#8221;.vc_custom_1438710436305{margin-bottom: 50px !important;padding-top: 50px !important;}&#8221;][vc_column width=&#8221;1\/2&#8243;][vc_column_text css_animation=&#8221;top-to-bottom&#8221;] SERI STYLU is an industrial company dedicated to designing products for the installation of audiovisual equipment with standard<span class=\"excerpt-hellip\"> [\u2026]<\/span><\/p>\n","protected":false},"author":2,"featured_media":0,"parent":2979,"menu_order":0,"comment_status":"closed","ping_status":"open","template":"","meta":[],"yoast_head":"<!-- This site is optimized with the Yoast SEO plugin v18.0 - https:\/\/yoast.com\/wordpress\/plugins\/seo\/ -->\n<title>SERI STYLU - SERISTYLU<\/title>\n<meta name=\"robots\" content=\"index, follow, max-snippet:-1, max-image-preview:large, max-video-preview:-1\" \/>\n<link rel=\"canonical\" href=\"https:\/\/seristylu.com\/en\/company\/seristylu\/\" \/>\n<meta property=\"og:locale\" content=\"en_US\" \/>\n<meta property=\"og:type\" content=\"article\" \/>\n<meta property=\"og:title\" content=\"SERI STYLU - SERISTYLU\" \/>\n<meta property=\"og:description\" content=\"[vc_row css=&#8221;.vc_custom_1438710436305{margin-bottom: 50px !important;padding-top: 50px !important;}&#8221;][vc_column width=&#8221;1\/2&#8243;][vc_column_text css_animation=&#8221;top-to-bottom&#8221;] SERI STYLU is an industrial company dedicated to designing products for the installation of audiovisual equipment with standard [\u2026]\" \/>\n<meta property=\"og:url\" content=\"https:\/\/seristylu.com\/en\/company\/seristylu\/\" \/>\n<meta property=\"og:site_name\" content=\"SERISTYLU\" \/>\n<meta property=\"article:modified_time\" content=\"2019-08-09T12:58:56+00:00\" \/>\n<meta property=\"og:image\" content=\"https:\/\/seristylu.com\/wp-content\/uploads\/2019\/08\/fabrica-300x229.jpg\" \/>\n<meta name=\"twitter:card\" content=\"summary\" \/>\n<meta name=\"twitter:label1\" content=\"Est. reading time\" \/>\n\t<meta name=\"twitter:data1\" content=\"2 minutes\" \/>\n<script type=\"application\/ld+json\" class=\"yoast-schema-graph\">{\"@context\":\"https:\/\/schema.org\",\"@graph\":[{\"@type\":\"WebSite\",\"@id\":\"https:\/\/seristylu.com\/#website\",\"url\":\"https:\/\/seristylu.com\/\",\"name\":\"SERISTYLU\",\"description\":\"A Seristylu \u00e9 uma empresa industrial que se dedica a conceber produtos para a instala\u00e7\u00e3o de equipamentos audiovisuais com modelos standard em gamas Dom\u00e9stica e Profissional.\",\"potentialAction\":[{\"@type\":\"SearchAction\",\"target\":{\"@type\":\"EntryPoint\",\"urlTemplate\":\"https:\/\/seristylu.com\/?s={search_term_string}\"},\"query-input\":\"required name=search_term_string\"}],\"inLanguage\":\"en-US\"},{\"@type\":\"ImageObject\",\"@id\":\"https:\/\/seristylu.com\/en\/company\/seristylu\/#primaryimage\",\"inLanguage\":\"en-US\",\"url\":\"https:\/\/seristylu.com\/wp-content\/uploads\/2019\/08\/fabrica.jpg\",\"contentUrl\":\"https:\/\/seristylu.com\/wp-content\/uploads\/2019\/08\/fabrica.jpg\",\"width\":957,\"height\":729},{\"@type\":\"WebPage\",\"@id\":\"https:\/\/seristylu.com\/en\/company\/seristylu\/#webpage\",\"url\":\"https:\/\/seristylu.com\/en\/company\/seristylu\/\",\"name\":\"SERI STYLU - SERISTYLU\",\"isPartOf\":{\"@id\":\"https:\/\/seristylu.com\/#website\"},\"primaryImageOfPage\":{\"@id\":\"https:\/\/seristylu.com\/en\/company\/seristylu\/#primaryimage\"},\"datePublished\":\"2015-10-09T16:16:09+00:00\",\"dateModified\":\"2019-08-09T12:58:56+00:00\",\"breadcrumb\":{\"@id\":\"https:\/\/seristylu.com\/en\/company\/seristylu\/#breadcrumb\"},\"inLanguage\":\"en-US\",\"potentialAction\":[{\"@type\":\"ReadAction\",\"target\":[\"https:\/\/seristylu.com\/en\/company\/seristylu\/\"]}]},{\"@type\":\"BreadcrumbList\",\"@id\":\"https:\/\/seristylu.com\/en\/company\/seristylu\/#breadcrumb\",\"itemListElement\":[{\"@type\":\"ListItem\",\"position\":1,\"name\":\"In\u00edcio\",\"item\":\"https:\/\/seristylu.com\/en\/\"},{\"@type\":\"ListItem\",\"position\":2,\"name\":\"Company\",\"item\":\"https:\/\/seristylu.com\/en\/company\/\"},{\"@type\":\"ListItem\",\"position\":3,\"name\":\"SERI STYLU\"}]}]}<\/script>\n<!-- \/ Yoast SEO plugin. -->","yoast_head_json":{"title":"SERI STYLU - SERISTYLU","robots":{"index":"index","follow":"follow","max-snippet":"max-snippet:-1","max-image-preview":"max-image-preview:large","max-video-preview":"max-video-preview:-1"},"canonical":"https:\/\/seristylu.com\/en\/company\/seristylu\/","og_locale":"en_US","og_type":"article","og_title":"SERI STYLU - SERISTYLU","og_description":"[vc_row css=&#8221;.vc_custom_1438710436305{margin-bottom: 50px !important;padding-top: 50px !important;}&#8221;][vc_column width=&#8221;1\/2&#8243;][vc_column_text css_animation=&#8221;top-to-bottom&#8221;] SERI STYLU is an industrial company dedicated to designing products for the installation of audiovisual equipment with standard [\u2026]","og_url":"https:\/\/seristylu.com\/en\/company\/seristylu\/","og_site_name":"SERISTYLU","article_modified_time":"2019-08-09T12:58:56+00:00","og_image":[{"url":"https:\/\/seristylu.com\/wp-content\/uploads\/2019\/08\/fabrica-300x229.jpg"}],"twitter_card":"summary","twitter_misc":{"Est. reading time":"2 minutes"},"schema":{"@context":"https:\/\/schema.org","@graph":[{"@type":"WebSite","@id":"https:\/\/seristylu.com\/#website","url":"https:\/\/seristylu.com\/","name":"SERISTYLU","description":"A Seristylu \u00e9 uma empresa industrial que se dedica a conceber produtos para a instala\u00e7\u00e3o de equipamentos audiovisuais com modelos standard em gamas Dom\u00e9stica e Profissional.","potentialAction":[{"@type":"SearchAction","target":{"@type":"EntryPoint","urlTemplate":"https:\/\/seristylu.com\/?s={search_term_string}"},"query-input":"required name=search_term_string"}],"inLanguage":"en-US"},{"@type":"ImageObject","@id":"https:\/\/seristylu.com\/en\/company\/seristylu\/#primaryimage","inLanguage":"en-US","url":"https:\/\/seristylu.com\/wp-content\/uploads\/2019\/08\/fabrica.jpg","contentUrl":"https:\/\/seristylu.com\/wp-content\/uploads\/2019\/08\/fabrica.jpg","width":957,"height":729},{"@type":"WebPage","@id":"https:\/\/seristylu.com\/en\/company\/seristylu\/#webpage","url":"https:\/\/seristylu.com\/en\/company\/seristylu\/","name":"SERI STYLU - SERISTYLU","isPartOf":{"@id":"https:\/\/seristylu.com\/#website"},"primaryImageOfPage":{"@id":"https:\/\/seristylu.com\/en\/company\/seristylu\/#primaryimage"},"datePublished":"2015-10-09T16:16:09+00:00","dateModified":"2019-08-09T12:58:56+00:00","breadcrumb":{"@id":"https:\/\/seristylu.com\/en\/company\/seristylu\/#breadcrumb"},"inLanguage":"en-US","potentialAction":[{"@type":"ReadAction","target":["https:\/\/seristylu.com\/en\/company\/seristylu\/"]}]},{"@type":"BreadcrumbList","@id":"https:\/\/seristylu.com\/en\/company\/seristylu\/#breadcrumb","itemListElement":[{"@type":"ListItem","position":1,"name":"In\u00edcio","item":"https:\/\/seristylu.com\/en\/"},{"@type":"ListItem","position":2,"name":"Company","item":"https:\/\/seristylu.com\/en\/company\/"},{"@type":"ListItem","position":3,"name":"SERI STYLU"}]}]}},"_links":{"self":[{"href":"https:\/\/seristylu.com\/en\/wp-json\/wp\/v2\/pages\/2981"}],"collection":[{"href":"https:\/\/seristylu.com\/en\/wp-json\/wp\/v2\/pages"}],"about":[{"href":"https:\/\/seristylu.com\/en\/wp-json\/wp\/v2\/types\/page"}],"author":[{"embeddable":true,"href":"https:\/\/seristylu.com\/en\/wp-json\/wp\/v2\/users\/2"}],"replies":[{"embeddable":true,"href":"https:\/\/seristylu.com\/en\/wp-json\/wp\/v2\/comments?post=2981"}],"version-history":[{"count":2,"href":"https:\/\/seristylu.com\/en\/wp-json\/wp\/v2\/pages\/2981\/revisions"}],"predecessor-version":[{"id":7712,"href":"https:\/\/seristylu.com\/en\/wp-json\/wp\/v2\/pages\/2981\/revisions\/7712"}],"up":[{"embeddable":true,"href":"https:\/\/seristylu.com\/en\/wp-json\/wp\/v2\/pages\/2979"}],"wp:attachment":[{"href":"https:\/\/seristylu.com\/en\/wp-json\/wp\/v2\/media?parent=2981"}],"curies":[{"name":"wp","href":"https:\/\/api.w.org\/{rel}","templated":true}]}}